{"id":199,"date":"2012-02-10T13:01:14","date_gmt":"2012-02-10T13:01:14","guid":{"rendered":"https:\/\/blog.edu.turku.fi\/ilpoinen\/?page_id=199"},"modified":"2025-09-01T10:17:26","modified_gmt":"2025-09-01T10:17:26","slug":"saannot","status":"publish","type":"page","link":"https:\/\/blog.edu.turku.fi\/ilpoinen\/oppilaan-tuki\/saannot\/","title":{"rendered":"J\u00e4rjestyss\u00e4\u00e4nn\u00f6t"},"content":{"rendered":"<p><a href=\"https:\/\/blog.edu.turku.fi\/ilpoinen\/files\/2025\/09\/Ilpoisten-koulun-jarjestyssaannot1.docx\" target=\"_blank\" rel=\"noopener\">Ilpoisten koulun j\u00e4rjestyss\u00e4\u00e4nn\u00f6t<\/a><\/p>\n<p>J\u00e4rjestyss\u00e4\u00e4nt\u00f6jen tarkoitus on parantaa kouluty\u00f6n sujumista, turvallisuutta ja viihtyvyytt\u00e4.\u00a0S\u00e4\u00e4nn\u00f6t ovat voimassa kouluaikana ja kaikissa\u00a0koulunk\u00e4yntiin liittyviss\u00e4 toiminnoissa. Kouluyhteis\u00f6n j\u00e4senet pyrkiv\u00e4t omalla my\u00f6nteisell\u00e4 k\u00e4ytt\u00e4ytymisell\u00e4\u00e4n edist\u00e4m\u00e4\u00e4n koulun ty\u00f6rauhaa. J\u00e4rjestyss\u00e4\u00e4nn\u00f6ist\u00e4 keskustellaan oppilaiden kanssa vuosittain.<\/p>\n","protected":false},"excerpt":{"rendered":"<p>Ilpoisten koulun j\u00e4rjestyss\u00e4\u00e4nn\u00f6t J\u00e4rjestyss\u00e4\u00e4nt\u00f6jen tarkoitus on parantaa kouluty\u00f6n sujumista, turvallisuutta ja viihtyvyytt\u00e4.\u00a0S\u00e4\u00e4nn\u00f6t ovat voimassa kouluaikana ja kaikissa\u00a0koulunk\u00e4yntiin liittyviss\u00e4 toiminnoissa. Kouluyhteis\u00f6n j\u00e4senet pyrkiv\u00e4t omalla my\u00f6nteisell\u00e4 k\u00e4ytt\u00e4ytymisell\u00e4\u00e4n edist\u00e4m\u00e4\u00e4n koulun ty\u00f6rauhaa. J\u00e4rjestyss\u00e4\u00e4nn\u00f6ist\u00e4 keskustellaan oppilaiden kanssa vuosittain.<\/p>\n","protected":false},"author":105,"featured_media":0,"parent":123,"menu_order":0,"comment_status":"closed","ping_status":"closed","template":"","meta":{"footnotes":""},"class_list":["post-199","page","type-page","status-publish","hentry"],"_links":{"self":[{"href":"https:\/\/blog.edu.turku.fi\/ilpoinen\/wp-json\/wp\/v2\/pages\/199","targetHints":{"allow":["GET"]}}],"collection":[{"href":"https:\/\/blog.edu.turku.fi\/ilpoinen\/wp-json\/wp\/v2\/pages"}],"about":[{"href":"https:\/\/blog.edu.turku.fi\/ilpoinen\/wp-json\/wp\/v2\/types\/page"}],"author":[{"embeddable":true,"href":"https:\/\/blog.edu.turku.fi\/ilpoinen\/wp-json\/wp\/v2\/users\/105"}],"replies":[{"embeddable":true,"href":"https:\/\/blog.edu.turku.fi\/ilpoinen\/wp-json\/wp\/v2\/comments?post=199"}],"version-history":[{"count":26,"href":"https:\/\/blog.edu.turku.fi\/ilpoinen\/wp-json\/wp\/v2\/pages\/199\/revisions"}],"predecessor-version":[{"id":2178,"href":"https:\/\/blog.edu.turku.fi\/ilpoinen\/wp-json\/wp\/v2\/pages\/199\/revisions\/2178"}],"up":[{"embeddable":true,"href":"https:\/\/blog.edu.turku.fi\/ilpoinen\/wp-json\/wp\/v2\/pages\/123"}],"wp:attachment":[{"href":"https:\/\/blog.edu.turku.fi\/ilpoinen\/wp-json\/wp\/v2\/media?parent=199"}],"curies":[{"name":"wp","href":"https:\/\/api.w.org\/{rel}","templated":true}]}}