{"id":193,"date":"2012-02-10T12:59:17","date_gmt":"2012-02-10T12:59:17","guid":{"rendered":"https:\/\/blog.edu.turku.fi\/ilpoinen\/?page_id=193"},"modified":"2026-02-10T13:57:27","modified_gmt":"2026-02-10T13:57:27","slug":"opettajat","status":"publish","type":"page","link":"https:\/\/blog.edu.turku.fi\/ilpoinen\/yhteystiedot\/opettajat\/","title":{"rendered":"Opettajat ja ohjaajat"},"content":{"rendered":"<p><strong>S\u00e4hk\u00f6posti henkil\u00f6st\u00f6lle: etunimi.sukunimi(at)edu.turku.fi<\/strong><\/p>\n<p><strong>1A <\/strong>Meri Engblom 044 9075436<strong><br \/>\n1B <\/strong>Mari Lindroos 044 9075524<br \/>\n<strong>1-2C\u00a0<\/strong>Kirsi Vaskelainen 044 9074 674<br \/>\n<strong>1-2D <\/strong>Minttu J\u00e4rvinen 044 9075441<\/p>\n<p><strong>2A <\/strong>Irina Ainasoja-Huotari 040 1373706<strong><br \/>\n2B <\/strong>Noora Bj\u00f6rkman 044 9074 720<\/p>\n<p><strong>3A <\/strong>Sameli Valkama 040 145 1065<br \/>\n<strong>3B <\/strong>Terhi Waltonen <span data-olk-copy-source=\"MessageBody\">040 7660 263<\/span><br \/>\n<strong>3-4C\u00a0<\/strong>Helka Kokkonen 040 1787 268<\/p>\n<p><strong>4A<\/strong> Katri Jalo 044 4938923<br \/>\n<strong>4B <\/strong>Iida Lakalehto 044 9014172<br \/>\n<strong>4D <\/strong>Lauri M\u00e4kel\u00e4, sij. Suvi R\u00e4m\u00f6<\/p>\n<p><strong>5A <\/strong>Kimmo Nikkil\u00e4 044 9074 692<br \/>\n<strong>5B <\/strong>Enni N\u00e4rhi-Pekkala 040 5738 615<br \/>\n<strong>5-6C <\/strong>Laura Moilanen 040 1787 267<\/p>\n<p><strong>6A<\/strong> Anna-Kaisa J\u00e4ms\u00e9n 040 5789 439<br \/>\n<strong>6B <\/strong>Katri Ahonen 040 7029109<\/p>\n<p><strong>VALMO 1 <\/strong>Leena Kulmala 050 4323575<br \/>\n<strong>VALMO 2 <\/strong>Laura Saurus 044 9075364<br \/>\n<strong>VALMO 3 <\/strong>Annika Haavisto 044 9073369<\/p>\n<p><strong>Englanti<\/strong> Tuija Savolainen 040 1862 008 (tuija.e.savolainen(at)edu.turku.fi)<br \/>\n<strong>Tekstiility\u00f6<\/strong> Anne Vilander 044 9075 438<br \/>\n<strong>S2<\/strong> Heli Arosuo, sij. Sanna Porali 044 9023846<br \/>\n<strong>Erityisopettajat<\/strong><br \/>\nKatri Ikonen 040 1984938<br \/>\nTytti Hongisto, sij. Annina Mattila 044 9023845<br \/>\n<strong>Resurssiopettaja\u00a0<\/strong>Charlotta von Essen 040 4840176<\/p>\n<p><strong>Islamin uskonto<\/strong><br \/>\nNusrat Habib\u00a0040 6894 425<br \/>\n<strong>Katolinen uskonto\u00a0<\/strong>Abla Nkegbe<br \/>\n<strong>Ortodoksinen uskonto\u00a0<\/strong><\/p>\n<p><strong>Oman \u00e4idinkielen opetus:<\/strong><br \/>\n<strong>Arabia<\/strong> Safwan al-Amarah 040 5728592<br \/>\n<strong>Somali <\/strong>Osman Aden<\/p>\n<p><strong>Omakielinen opetus:<br \/>\n<\/strong><strong>Arabia<\/strong> Safwan al-Amarah 040 5728592<br \/>\n<strong>Somali <\/strong>Osman Aden<\/p>\n<p><strong><strong>Koulunk\u00e4ynninohjaajat:<\/strong><\/strong><br \/>\nIrina Kozlenkova 040 4846739<br \/>\nTuomas Syv\u00e4oja, 044 9075258<br \/>\nRonja Tuutij\u00e4rvi 1.-2. pienluokat\u00a0 044 907 4014<br \/>\nElma Manninen 3.-4. pienluokat 044 9075544<br \/>\nAlina Vaarno 5.-6. pienluokat 044 9073706<\/p>\n<p>Mari Harkke, VALMO 1 044 9074 723<br \/>\nKateryna Virtanen, VALMO 2 040 1995918<br \/>\nHanna Henriksson, VALMO 3<\/p>\n<p><strong>Ilpoisten aamu- ja iltap\u00e4iv\u00e4toiminta \u00a0<\/strong>044 9072 959<br \/>\n<strong>Esiopetusryhm\u00e4\u00a0<\/strong>Reput 044 9074 767<br \/>\n<strong>Esiopetusryhm\u00e4\u00a0<\/strong>Lorulaakso 040 6692 679<\/p>\n<p>&nbsp;<\/p>\n","protected":false},"excerpt":{"rendered":"<p>S\u00e4hk\u00f6posti henkil\u00f6st\u00f6lle: etunimi.sukunimi(at)edu.turku.fi 1A Meri Engblom 044 9075436 1B Mari Lindroos 044 9075524 1-2C\u00a0Kirsi Vaskelainen 044 9074 674 1-2D Minttu J\u00e4rvinen 044 9075441 2A Irina Ainasoja-Huotari 040 1373706 2B Noora Bj\u00f6rkman 044 9074 720 3A Sameli Valkama 040 145 1065 3B Terhi Waltonen 040 7660 263 3-4C\u00a0Helka Kokkonen 040 1787 268 4A Katri Jalo 044 &hellip; <a href=\"https:\/\/blog.edu.turku.fi\/ilpoinen\/yhteystiedot\/opettajat\/\" class=\"more-link\">Jatka lukemista<span class=\"screen-reader-text\"> &#8221;Opettajat ja ohjaajat&#8221;<\/span><\/a><\/p>\n","protected":false},"author":105,"featured_media":0,"parent":14,"menu_order":0,"comment_status":"closed","ping_status":"closed","template":"","meta":{"footnotes":""},"class_list":["post-193","page","type-page","status-publish","hentry"],"_links":{"self":[{"href":"https:\/\/blog.edu.turku.fi\/ilpoinen\/wp-json\/wp\/v2\/pages\/193","targetHints":{"allow":["GET"]}}],"collection":[{"href":"https:\/\/blog.edu.turku.fi\/ilpoinen\/wp-json\/wp\/v2\/pages"}],"about":[{"href":"https:\/\/blog.edu.turku.fi\/ilpoinen\/wp-json\/wp\/v2\/types\/page"}],"author":[{"embeddable":true,"href":"https:\/\/blog.edu.turku.fi\/ilpoinen\/wp-json\/wp\/v2\/users\/105"}],"replies":[{"embeddable":true,"href":"https:\/\/blog.edu.turku.fi\/ilpoinen\/wp-json\/wp\/v2\/comments?post=193"}],"version-history":[{"count":113,"href":"https:\/\/blog.edu.turku.fi\/ilpoinen\/wp-json\/wp\/v2\/pages\/193\/revisions"}],"predecessor-version":[{"id":2190,"href":"https:\/\/blog.edu.turku.fi\/ilpoinen\/wp-json\/wp\/v2\/pages\/193\/revisions\/2190"}],"up":[{"embeddable":true,"href":"https:\/\/blog.edu.turku.fi\/ilpoinen\/wp-json\/wp\/v2\/pages\/14"}],"wp:attachment":[{"href":"https:\/\/blog.edu.turku.fi\/ilpoinen\/wp-json\/wp\/v2\/media?parent=193"}],"curies":[{"name":"wp","href":"https:\/\/api.w.org\/{rel}","templated":true}]}}