{"id":19,"date":"2012-02-09T10:13:06","date_gmt":"2012-02-09T10:13:06","guid":{"rendered":"https:\/\/blog.edu.turku.fi\/ilpoinen\/?page_id=19"},"modified":"2020-11-19T13:40:23","modified_gmt":"2020-11-19T13:40:23","slug":"koululaisen-kasikirja","status":"publish","type":"page","link":"https:\/\/blog.edu.turku.fi\/ilpoinen\/koululaisen-kasikirja\/","title":{"rendered":"Koti ja koulu"},"content":{"rendered":"<p>Lapsen koulunk\u00e4ynti\u00e4 tukevat parhaiten hyv\u00e4t, luottavaiset suhteet kodin ja koulun v\u00e4lill\u00e4. Opettajiin ja muuhun koulun henkil\u00f6kuntaan kannattaa ottaa rohkeasti yhteytt\u00e4.<\/p>\n<p>Turun kaupungissa kodin ja koulun ensisijainen yhteydenpitov\u00e4line on s\u00e4hk\u00f6inen <a title=\"Kirjaudu Wilmaan\" href=\"https:\/\/wilma.turku.fi\/\" target=\"_blank\" rel=\"noopener noreferrer\">Wilma<\/a>-ohjelma. Huoltajien Wilma-tunnukset on tarkoitettu ainoastaan huoltajien k\u00e4ytt\u00f6\u00f6n. Oppilailla on omat henkil\u00f6kohtaiset tunnuksensa. Mik\u00e4li Wilma-tunnukset unohtuvat tai katoavat, huoltaja voi pyyt\u00e4\u00e4 uudet tunnukset koulusihteerilt\u00e4.<\/p>\n<p>Vanhempien yhteinen vaikuttamiskanava on vanhempainyhdistys <a href=\"http:\/\/www.ilvari.fi\/\">Ilvari ry<\/a>.<\/p>\n","protected":false},"excerpt":{"rendered":"<p>Lapsen koulunk\u00e4ynti\u00e4 tukevat parhaiten hyv\u00e4t, luottavaiset suhteet kodin ja koulun v\u00e4lill\u00e4. Opettajiin ja muuhun koulun henkil\u00f6kuntaan kannattaa ottaa rohkeasti yhteytt\u00e4. Turun kaupungissa kodin ja koulun ensisijainen yhteydenpitov\u00e4line on s\u00e4hk\u00f6inen Wilma-ohjelma. Huoltajien Wilma-tunnukset on tarkoitettu ainoastaan huoltajien k\u00e4ytt\u00f6\u00f6n. Oppilailla on omat henkil\u00f6kohtaiset tunnuksensa. Mik\u00e4li Wilma-tunnukset unohtuvat tai katoavat, huoltaja voi pyyt\u00e4\u00e4 uudet tunnukset koulusihteerilt\u00e4. Vanhempien yhteinen &hellip; <a href=\"https:\/\/blog.edu.turku.fi\/ilpoinen\/koululaisen-kasikirja\/\" class=\"more-link\">Jatka lukemista<span class=\"screen-reader-text\"> &#8221;Koti ja koulu&#8221;<\/span><\/a><\/p>\n","protected":false},"author":105,"featured_media":0,"parent":0,"menu_order":4,"comment_status":"closed","ping_status":"closed","template":"","meta":{"footnotes":""},"class_list":["post-19","page","type-page","status-publish","hentry"],"_links":{"self":[{"href":"https:\/\/blog.edu.turku.fi\/ilpoinen\/wp-json\/wp\/v2\/pages\/19","targetHints":{"allow":["GET"]}}],"collection":[{"href":"https:\/\/blog.edu.turku.fi\/ilpoinen\/wp-json\/wp\/v2\/pages"}],"about":[{"href":"https:\/\/blog.edu.turku.fi\/ilpoinen\/wp-json\/wp\/v2\/types\/page"}],"author":[{"embeddable":true,"href":"https:\/\/blog.edu.turku.fi\/ilpoinen\/wp-json\/wp\/v2\/users\/105"}],"replies":[{"embeddable":true,"href":"https:\/\/blog.edu.turku.fi\/ilpoinen\/wp-json\/wp\/v2\/comments?post=19"}],"version-history":[{"count":21,"href":"https:\/\/blog.edu.turku.fi\/ilpoinen\/wp-json\/wp\/v2\/pages\/19\/revisions"}],"predecessor-version":[{"id":1599,"href":"https:\/\/blog.edu.turku.fi\/ilpoinen\/wp-json\/wp\/v2\/pages\/19\/revisions\/1599"}],"wp:attachment":[{"href":"https:\/\/blog.edu.turku.fi\/ilpoinen\/wp-json\/wp\/v2\/media?parent=19"}],"curies":[{"name":"wp","href":"https:\/\/api.w.org\/{rel}","templated":true}]}}