{"id":186,"date":"2012-02-10T13:01:26","date_gmt":"2012-02-10T13:01:26","guid":{"rendered":"https:\/\/blog.edu.turku.fi\/ilpoinen\/?page_id=186"},"modified":"2025-08-31T11:29:29","modified_gmt":"2025-08-31T11:29:29","slug":"terveydenhoitaja","status":"publish","type":"page","link":"https:\/\/blog.edu.turku.fi\/ilpoinen\/yhteystiedot\/terveydenhoitaja\/","title":{"rendered":"Terveydenhoitaja"},"content":{"rendered":"<p><strong>Titta Lehtinen<\/strong> 040 1798938<br \/>\n<span data-olk-copy-source=\"MessageBody\">titta.lehtinen@varha.fi<\/span><\/p>\n<p>Ilpoisten koululla ti-pe<br \/>\nOppilaiden asioimisaika klo 12.15-13<\/p>\n<p>Viestit ja yhteydenottopyynn\u00f6t puhelimitse, s\u00e4hk\u00f6postitse tai Wilman kautta<\/p>\n","protected":false},"excerpt":{"rendered":"<p>Titta Lehtinen 040 1798938 titta.lehtinen@varha.fi Ilpoisten koululla ti-pe Oppilaiden asioimisaika klo 12.15-13 Viestit ja yhteydenottopyynn\u00f6t puhelimitse, s\u00e4hk\u00f6postitse tai Wilman kautta<\/p>\n","protected":false},"author":105,"featured_media":0,"parent":14,"menu_order":2,"comment_status":"closed","ping_status":"closed","template":"","meta":{"footnotes":""},"class_list":["post-186","page","type-page","status-publish","hentry"],"_links":{"self":[{"href":"https:\/\/blog.edu.turku.fi\/ilpoinen\/wp-json\/wp\/v2\/pages\/186","targetHints":{"allow":["GET"]}}],"collection":[{"href":"https:\/\/blog.edu.turku.fi\/ilpoinen\/wp-json\/wp\/v2\/pages"}],"about":[{"href":"https:\/\/blog.edu.turku.fi\/ilpoinen\/wp-json\/wp\/v2\/types\/page"}],"author":[{"embeddable":true,"href":"https:\/\/blog.edu.turku.fi\/ilpoinen\/wp-json\/wp\/v2\/users\/105"}],"replies":[{"embeddable":true,"href":"https:\/\/blog.edu.turku.fi\/ilpoinen\/wp-json\/wp\/v2\/comments?post=186"}],"version-history":[{"count":19,"href":"https:\/\/blog.edu.turku.fi\/ilpoinen\/wp-json\/wp\/v2\/pages\/186\/revisions"}],"predecessor-version":[{"id":2158,"href":"https:\/\/blog.edu.turku.fi\/ilpoinen\/wp-json\/wp\/v2\/pages\/186\/revisions\/2158"}],"up":[{"embeddable":true,"href":"https:\/\/blog.edu.turku.fi\/ilpoinen\/wp-json\/wp\/v2\/pages\/14"}],"wp:attachment":[{"href":"https:\/\/blog.edu.turku.fi\/ilpoinen\/wp-json\/wp\/v2\/media?parent=186"}],"curies":[{"name":"wp","href":"https:\/\/api.w.org\/{rel}","templated":true}]}}