{"id":183,"date":"2012-02-10T12:55:08","date_gmt":"2012-02-10T12:55:08","guid":{"rendered":"https:\/\/blog.edu.turku.fi\/ilpoinen\/?page_id=183"},"modified":"2025-08-31T11:33:00","modified_gmt":"2025-08-31T11:33:00","slug":"koulukuraattori","status":"publish","type":"page","link":"https:\/\/blog.edu.turku.fi\/ilpoinen\/yhteystiedot\/koulukuraattori\/","title":{"rendered":"Koulukuraattori"},"content":{"rendered":"<p><strong>Maiju Lehtikankare<\/strong> <span class=\"TextRun BCX8 SCXP240675793\" lang=\"FI-FI\" xml:lang=\"FI-FI\" data-usefontface=\"false\" data-contrast=\"none\"><span class=\"NormalTextRun BCX8 SCXP240675793\">040 1217139<br \/>\n<span data-olk-copy-source=\"MessageBody\">maiju.lehtikankare@varha.fi<\/span><\/span><\/span><\/p>\n<p>Ilpoisten koululla ke-pe<\/p>\n<p>Viestit ja yhteydenottopyynn\u00f6t puhelimitse, s\u00e4hk\u00f6postitse tai Wilman kautta<\/p>\n","protected":false},"excerpt":{"rendered":"<p>Maiju Lehtikankare 040 1217139 maiju.lehtikankare@varha.fi Ilpoisten koululla ke-pe Viestit ja yhteydenottopyynn\u00f6t puhelimitse, s\u00e4hk\u00f6postitse tai Wilman kautta<\/p>\n","protected":false},"author":105,"featured_media":0,"parent":14,"menu_order":0,"comment_status":"closed","ping_status":"closed","template":"","meta":{"footnotes":""},"class_list":["post-183","page","type-page","status-publish","hentry"],"_links":{"self":[{"href":"https:\/\/blog.edu.turku.fi\/ilpoinen\/wp-json\/wp\/v2\/pages\/183","targetHints":{"allow":["GET"]}}],"collection":[{"href":"https:\/\/blog.edu.turku.fi\/ilpoinen\/wp-json\/wp\/v2\/pages"}],"about":[{"href":"https:\/\/blog.edu.turku.fi\/ilpoinen\/wp-json\/wp\/v2\/types\/page"}],"author":[{"embeddable":true,"href":"https:\/\/blog.edu.turku.fi\/ilpoinen\/wp-json\/wp\/v2\/users\/105"}],"replies":[{"embeddable":true,"href":"https:\/\/blog.edu.turku.fi\/ilpoinen\/wp-json\/wp\/v2\/comments?post=183"}],"version-history":[{"count":19,"href":"https:\/\/blog.edu.turku.fi\/ilpoinen\/wp-json\/wp\/v2\/pages\/183\/revisions"}],"predecessor-version":[{"id":2161,"href":"https:\/\/blog.edu.turku.fi\/ilpoinen\/wp-json\/wp\/v2\/pages\/183\/revisions\/2161"}],"up":[{"embeddable":true,"href":"https:\/\/blog.edu.turku.fi\/ilpoinen\/wp-json\/wp\/v2\/pages\/14"}],"wp:attachment":[{"href":"https:\/\/blog.edu.turku.fi\/ilpoinen\/wp-json\/wp\/v2\/media?parent=183"}],"curies":[{"name":"wp","href":"https:\/\/api.w.org\/{rel}","templated":true}]}}