{"id":1764,"date":"2022-03-13T18:15:14","date_gmt":"2022-03-13T18:15:14","guid":{"rendered":"https:\/\/blog.edu.turku.fi\/ilpoinen\/?page_id=1764"},"modified":"2022-03-13T18:45:27","modified_gmt":"2022-03-13T18:45:27","slug":"toivotun-kayttaytymisen-toimintaohjeet","status":"publish","type":"page","link":"https:\/\/blog.edu.turku.fi\/ilpoinen\/oppilaan-tuki\/toivotun-kayttaytymisen-toimintaohjeet\/","title":{"rendered":"Toivotun k\u00e4ytt\u00e4ytymisen toimintaohjeet"},"content":{"rendered":"<p>Prokoulu-toimintaan kuuluvat k\u00e4ytt\u00e4ytymisodotukset ja toimintaohjeet.<\/p>\n<p>Yhteiset k\u00e4ytt\u00e4ytymisodotukset j\u00e4sent\u00e4v\u00e4t k\u00e4ytt\u00e4ytymisen opettamista ja ohjaamista arjessa. Toimintaohjeet kertovat kaikille, millaista k\u00e4ytt\u00e4ytymist\u00e4 odotetaan eri tilanteissa.<\/p>\n<p><a href=\"https:\/\/blog.edu.turku.fi\/ilpoinen\/files\/2022\/03\/Toivotun-ka\u0308ytta\u0308ytymisen-toimintaohjeet.pdf\">Toivotun ka\u0308ytta\u0308ytymisen toimintaohjeet<\/a><\/p>\n","protected":false},"excerpt":{"rendered":"<p>Prokoulu-toimintaan kuuluvat k\u00e4ytt\u00e4ytymisodotukset ja toimintaohjeet. Yhteiset k\u00e4ytt\u00e4ytymisodotukset j\u00e4sent\u00e4v\u00e4t k\u00e4ytt\u00e4ytymisen opettamista ja ohjaamista arjessa. Toimintaohjeet kertovat kaikille, millaista k\u00e4ytt\u00e4ytymist\u00e4 odotetaan eri tilanteissa. Toivotun ka\u0308ytta\u0308ytymisen toimintaohjeet<\/p>\n","protected":false},"author":105,"featured_media":0,"parent":123,"menu_order":0,"comment_status":"closed","ping_status":"closed","template":"","meta":{"footnotes":""},"class_list":["post-1764","page","type-page","status-publish","hentry"],"_links":{"self":[{"href":"https:\/\/blog.edu.turku.fi\/ilpoinen\/wp-json\/wp\/v2\/pages\/1764","targetHints":{"allow":["GET"]}}],"collection":[{"href":"https:\/\/blog.edu.turku.fi\/ilpoinen\/wp-json\/wp\/v2\/pages"}],"about":[{"href":"https:\/\/blog.edu.turku.fi\/ilpoinen\/wp-json\/wp\/v2\/types\/page"}],"author":[{"embeddable":true,"href":"https:\/\/blog.edu.turku.fi\/ilpoinen\/wp-json\/wp\/v2\/users\/105"}],"replies":[{"embeddable":true,"href":"https:\/\/blog.edu.turku.fi\/ilpoinen\/wp-json\/wp\/v2\/comments?post=1764"}],"version-history":[{"count":7,"href":"https:\/\/blog.edu.turku.fi\/ilpoinen\/wp-json\/wp\/v2\/pages\/1764\/revisions"}],"predecessor-version":[{"id":1775,"href":"https:\/\/blog.edu.turku.fi\/ilpoinen\/wp-json\/wp\/v2\/pages\/1764\/revisions\/1775"}],"up":[{"embeddable":true,"href":"https:\/\/blog.edu.turku.fi\/ilpoinen\/wp-json\/wp\/v2\/pages\/123"}],"wp:attachment":[{"href":"https:\/\/blog.edu.turku.fi\/ilpoinen\/wp-json\/wp\/v2\/media?parent=1764"}],"curies":[{"name":"wp","href":"https:\/\/api.w.org\/{rel}","templated":true}]}}