{"id":1589,"date":"2020-11-19T13:22:25","date_gmt":"2020-11-19T13:22:25","guid":{"rendered":"https:\/\/blog.edu.turku.fi\/ilpoinen\/?page_id=1589"},"modified":"2020-11-19T13:30:34","modified_gmt":"2020-11-19T13:30:34","slug":"hyvinvointi","status":"publish","type":"page","link":"https:\/\/blog.edu.turku.fi\/ilpoinen\/hyvinvointi\/","title":{"rendered":"Hyvinvointi"},"content":{"rendered":"<div class=\"field field--name-body field--type-text-with-summary field--label-hidden\">\n<div class=\"field__items\">\n<div class=\"field__item even\">\n<p>Oppimisen ja kasvun tuki ovat osa laadukasta perusopetusta. Oppimisen ja koulunk\u00e4ynnin tukea on tarjolla kaikille oppilaille. Tukimuotoina ovat\u00a0muun muassa\u00a0oppilaan pedagoginen tuki, ohjaus\u00a0ja oppilashuoltoty\u00f6. \u00a0Oppilaalla on oikeus varhaiseen, systemaattiseen ja ennaltaehk\u00e4isev\u00e4\u00e4n tukeen. Oppilaan saaman tuen tulee olla joustavaa, pitk\u00e4j\u00e4nteisesti suunniteltua ja tuen tarpeen mukaan muuttuvaa. Tukimuotoja k\u00e4ytet\u00e4\u00e4n sek\u00e4 yksitt\u00e4in ett\u00e4 yhdess\u00e4 toisiaan t\u00e4ydent\u00e4vin\u00e4.<\/p>\n<p>Oppilashuollolla tarkoitetaan hyv\u00e4n oppimisen, hyv\u00e4n psyykkisen ja fyysisen terveyden sek\u00e4 sosiaalisen hyvinvoinnin edist\u00e4mist\u00e4 ja yll\u00e4pit\u00e4mist\u00e4 sek\u00e4 niiden edellytyksi\u00e4 lis\u00e4\u00e4v\u00e4\u00e4 toimintaa. Tavoitteena on luoda terve ja turvallinen oppimis- ja kasvuymp\u00e4rist\u00f6, suojata mielenterveytt\u00e4 ja ehk\u00e4ist\u00e4 syrj\u00e4ytymist\u00e4 sek\u00e4 edist\u00e4\u00e4 kouluyhteis\u00f6n hyvinvointia.<\/p>\n<p>Moninaisella oppimisen ja kasvun tuella taataan jokaiselle oppilaalle mahdollisuus onnistua oppimisessa, kehitty\u00e4 oppijana sek\u00e4 kasvaa ja sivisty\u00e4 ihmisen\u00e4. (L\u00e4hde: Turun kaupunki)<\/p>\n<p><a href=\"http:\/\/www.turku.fi\/paivahoito-ja-koulutus\/perusopetus\/oppimisen-ja-koulunkaynnin-tuki\">Lis\u00e4tietoa<\/a><\/p>\n<\/div>\n<\/div>\n<\/div>\n<p>&nbsp;<\/p>\n","protected":false},"excerpt":{"rendered":"<p>Oppimisen ja kasvun tuki ovat osa laadukasta perusopetusta. Oppimisen ja koulunk\u00e4ynnin tukea on tarjolla kaikille oppilaille. Tukimuotoina ovat\u00a0muun muassa\u00a0oppilaan pedagoginen tuki, ohjaus\u00a0ja oppilashuoltoty\u00f6. \u00a0Oppilaalla on oikeus varhaiseen, systemaattiseen ja ennaltaehk\u00e4isev\u00e4\u00e4n tukeen. Oppilaan saaman tuen tulee olla joustavaa, pitk\u00e4j\u00e4nteisesti suunniteltua ja tuen tarpeen mukaan muuttuvaa. Tukimuotoja k\u00e4ytet\u00e4\u00e4n sek\u00e4 yksitt\u00e4in ett\u00e4 yhdess\u00e4 toisiaan t\u00e4ydent\u00e4vin\u00e4. Oppilashuollolla tarkoitetaan hyv\u00e4n &hellip; <a href=\"https:\/\/blog.edu.turku.fi\/ilpoinen\/hyvinvointi\/\" class=\"more-link\">Jatka lukemista<span class=\"screen-reader-text\"> &#8221;Hyvinvointi&#8221;<\/span><\/a><\/p>\n","protected":false},"author":105,"featured_media":0,"parent":0,"menu_order":0,"comment_status":"closed","ping_status":"closed","template":"","meta":{"footnotes":""},"class_list":["post-1589","page","type-page","status-publish","hentry"],"_links":{"self":[{"href":"https:\/\/blog.edu.turku.fi\/ilpoinen\/wp-json\/wp\/v2\/pages\/1589","targetHints":{"allow":["GET"]}}],"collection":[{"href":"https:\/\/blog.edu.turku.fi\/ilpoinen\/wp-json\/wp\/v2\/pages"}],"about":[{"href":"https:\/\/blog.edu.turku.fi\/ilpoinen\/wp-json\/wp\/v2\/types\/page"}],"author":[{"embeddable":true,"href":"https:\/\/blog.edu.turku.fi\/ilpoinen\/wp-json\/wp\/v2\/users\/105"}],"replies":[{"embeddable":true,"href":"https:\/\/blog.edu.turku.fi\/ilpoinen\/wp-json\/wp\/v2\/comments?post=1589"}],"version-history":[{"count":2,"href":"https:\/\/blog.edu.turku.fi\/ilpoinen\/wp-json\/wp\/v2\/pages\/1589\/revisions"}],"predecessor-version":[{"id":1594,"href":"https:\/\/blog.edu.turku.fi\/ilpoinen\/wp-json\/wp\/v2\/pages\/1589\/revisions\/1594"}],"wp:attachment":[{"href":"https:\/\/blog.edu.turku.fi\/ilpoinen\/wp-json\/wp\/v2\/media?parent=1589"}],"curies":[{"name":"wp","href":"https:\/\/api.w.org\/{rel}","templated":true}]}}