{"id":1558,"date":"2020-11-03T11:41:36","date_gmt":"2020-11-03T11:41:36","guid":{"rendered":"https:\/\/blog.edu.turku.fi\/ilpoinen\/?page_id=1558"},"modified":"2022-02-09T09:48:44","modified_gmt":"2022-02-09T09:48:44","slug":"etusivu","status":"publish","type":"page","link":"https:\/\/blog.edu.turku.fi\/ilpoinen\/","title":{"rendered":"Etusivu"},"content":{"rendered":"<p>Ilpoisten koulu on noin kolmensadan oppilaan alakoulu Turun Ilpoisissa. Koulumme sijaitsee rauhallisella alueella metsik\u00f6n reunassa\u00a0erinomaisten ulkoilu- ja urheilumaastojen l\u00e4heisyydess\u00e4. Koulumme kanssa samoista tiloista l\u00f6ytyv\u00e4t esikouluryhm\u00e4t, Ilpoisten kirjasto, viihtyis\u00e4t nuorisotilat ja Ilpoisten palloiluhalli.<\/p>\n<p>Haluamme Ilpoisten koulussa tarjota lapsille virikkeellisen, yhteis\u00f6llisen ja toiminnallisen oppimisymp\u00e4rist\u00f6n. Toimintakulttuurimme pohjautuu positiiviseen pedagogiikkaan ja oppilaan vahvuuksien huomiointiin opetuksessa. Olemme my\u00f6s <a href=\"https:\/\/www.prokoulu.fi\/\">ProKoulu<\/a> (=Positiivisesti Ryhm\u00e4ss\u00e4 Oppiva Koulu). ProKoulussa toimintakulttuuria kehitet\u00e4\u00e4n vaiheittain tukemaan opettajien kasvatusosaamista sek\u00e4 kaikkien oppilaiden k\u00e4ytt\u00e4ytymisen oppimista. Mottomme kuuluu: Ilpoinen on iloinen!<\/p>\n","protected":false},"excerpt":{"rendered":"<p>Ilpoisten koulu on noin kolmensadan oppilaan alakoulu Turun Ilpoisissa. Koulumme sijaitsee rauhallisella alueella metsik\u00f6n reunassa\u00a0erinomaisten ulkoilu- ja urheilumaastojen l\u00e4heisyydess\u00e4. Koulumme kanssa samoista tiloista l\u00f6ytyv\u00e4t esikouluryhm\u00e4t, Ilpoisten kirjasto, viihtyis\u00e4t nuorisotilat ja Ilpoisten palloiluhalli. Haluamme Ilpoisten koulussa tarjota lapsille virikkeellisen, yhteis\u00f6llisen ja toiminnallisen oppimisymp\u00e4rist\u00f6n. Toimintakulttuurimme pohjautuu positiiviseen pedagogiikkaan ja oppilaan vahvuuksien huomiointiin opetuksessa. Olemme my\u00f6s ProKoulu (=Positiivisesti &hellip; <a href=\"https:\/\/blog.edu.turku.fi\/ilpoinen\/\" class=\"more-link\">Jatka lukemista<span class=\"screen-reader-text\"> &#8221;Etusivu&#8221;<\/span><\/a><\/p>\n","protected":false},"author":105,"featured_media":0,"parent":0,"menu_order":0,"comment_status":"closed","ping_status":"closed","template":"","meta":{"footnotes":""},"class_list":["post-1558","page","type-page","status-publish","hentry"],"_links":{"self":[{"href":"https:\/\/blog.edu.turku.fi\/ilpoinen\/wp-json\/wp\/v2\/pages\/1558","targetHints":{"allow":["GET"]}}],"collection":[{"href":"https:\/\/blog.edu.turku.fi\/ilpoinen\/wp-json\/wp\/v2\/pages"}],"about":[{"href":"https:\/\/blog.edu.turku.fi\/ilpoinen\/wp-json\/wp\/v2\/types\/page"}],"author":[{"embeddable":true,"href":"https:\/\/blog.edu.turku.fi\/ilpoinen\/wp-json\/wp\/v2\/users\/105"}],"replies":[{"embeddable":true,"href":"https:\/\/blog.edu.turku.fi\/ilpoinen\/wp-json\/wp\/v2\/comments?post=1558"}],"version-history":[{"count":4,"href":"https:\/\/blog.edu.turku.fi\/ilpoinen\/wp-json\/wp\/v2\/pages\/1558\/revisions"}],"predecessor-version":[{"id":1760,"href":"https:\/\/blog.edu.turku.fi\/ilpoinen\/wp-json\/wp\/v2\/pages\/1558\/revisions\/1760"}],"wp:attachment":[{"href":"https:\/\/blog.edu.turku.fi\/ilpoinen\/wp-json\/wp\/v2\/media?parent=1558"}],"curies":[{"name":"wp","href":"https:\/\/api.w.org\/{rel}","templated":true}]}}