{"id":14,"date":"2012-02-09T08:48:54","date_gmt":"2012-02-09T08:48:54","guid":{"rendered":"https:\/\/blog.edu.turku.fi\/ilpoinen\/?page_id=14"},"modified":"2026-02-10T13:47:56","modified_gmt":"2026-02-10T13:47:56","slug":"yhteystiedot","status":"publish","type":"page","link":"https:\/\/blog.edu.turku.fi\/ilpoinen\/yhteystiedot\/","title":{"rendered":"Yhteystiedot"},"content":{"rendered":"<h3><strong>K\u00e4ynti- ja postiosoite<\/strong><\/h3>\n<p>Ilpoisten koulu<br \/>\nLaukl\u00e4hteenkatu 13<br \/>\n20740 TURKU<\/p>\n<p><strong>Rehtori <\/strong>Johanna J\u00e4rvinen 050 4323579<br \/>\njohanna.e.jarvinen(at)edu.turku.fi<\/p>\n<p><strong>Koulusihteeri <\/strong>Milla Tuomi <span data-olk-copy-source=\"MessageBody\">044 9072768<\/span><br \/>\nmilla.tuomi(at)edu.turku.fi<\/p>\n<p><strong>Kiinteist\u00f6nhoitaja <\/strong>Ville Kaaros 040 1907243<br \/>\nville.kaaros(at)kaarea.fi<\/p>\n<p>&nbsp;<\/p>\n","protected":false},"excerpt":{"rendered":"<p>K\u00e4ynti- ja postiosoite Ilpoisten koulu Laukl\u00e4hteenkatu 13 20740 TURKU Rehtori Johanna J\u00e4rvinen 050 4323579 johanna.e.jarvinen(at)edu.turku.fi Koulusihteeri Milla Tuomi 044 9072768 milla.tuomi(at)edu.turku.fi Kiinteist\u00f6nhoitaja Ville Kaaros 040 1907243 ville.kaaros(at)kaarea.fi &nbsp;<\/p>\n","protected":false},"author":105,"featured_media":0,"parent":0,"menu_order":6,"comment_status":"closed","ping_status":"closed","template":"","meta":{"footnotes":""},"class_list":["post-14","page","type-page","status-publish","hentry"],"_links":{"self":[{"href":"https:\/\/blog.edu.turku.fi\/ilpoinen\/wp-json\/wp\/v2\/pages\/14","targetHints":{"allow":["GET"]}}],"collection":[{"href":"https:\/\/blog.edu.turku.fi\/ilpoinen\/wp-json\/wp\/v2\/pages"}],"about":[{"href":"https:\/\/blog.edu.turku.fi\/ilpoinen\/wp-json\/wp\/v2\/types\/page"}],"author":[{"embeddable":true,"href":"https:\/\/blog.edu.turku.fi\/ilpoinen\/wp-json\/wp\/v2\/users\/105"}],"replies":[{"embeddable":true,"href":"https:\/\/blog.edu.turku.fi\/ilpoinen\/wp-json\/wp\/v2\/comments?post=14"}],"version-history":[{"count":54,"href":"https:\/\/blog.edu.turku.fi\/ilpoinen\/wp-json\/wp\/v2\/pages\/14\/revisions"}],"predecessor-version":[{"id":2188,"href":"https:\/\/blog.edu.turku.fi\/ilpoinen\/wp-json\/wp\/v2\/pages\/14\/revisions\/2188"}],"wp:attachment":[{"href":"https:\/\/blog.edu.turku.fi\/ilpoinen\/wp-json\/wp\/v2\/media?parent=14"}],"curies":[{"name":"wp","href":"https:\/\/api.w.org\/{rel}","templated":true}]}}