{"id":123,"date":"2012-02-09T19:56:00","date_gmt":"2012-02-09T19:56:00","guid":{"rendered":"https:\/\/blog.edu.turku.fi\/ilpoinen\/?page_id=123"},"modified":"2020-11-19T13:03:14","modified_gmt":"2020-11-19T13:03:14","slug":"oppilaan-tuki","status":"publish","type":"page","link":"https:\/\/blog.edu.turku.fi\/ilpoinen\/oppilaan-tuki\/","title":{"rendered":"Opetus"},"content":{"rendered":"<p>Koulumme p\u00e4\u00e4teht\u00e4v\u00e4 on tarjota laadukasta perusopetusta. Tavoitteenamme on, ett\u00e4 Ilpoisten koulussa kaikki lapset ja aikuiset viihtyv\u00e4t yhdess\u00e4 sek\u00e4 kunnioittavat toisiaan. Lapsen kasvun tukeminen yhteisty\u00f6ss\u00e4 kotien kanssa on monialaisen ammattilaisjoukkomme keskeisin tavoite.<\/p>\n<p>Sivun Tietopankista l\u00f6ytyy arvokasta tietoa koulumme arvoista, tavoitteista ja toimintatavoista &#8211; siit\u00e4, miten pid\u00e4mme oppilaistamme huolta.<\/p>\n","protected":false},"excerpt":{"rendered":"<p>Koulumme p\u00e4\u00e4teht\u00e4v\u00e4 on tarjota laadukasta perusopetusta. Tavoitteenamme on, ett\u00e4 Ilpoisten koulussa kaikki lapset ja aikuiset viihtyv\u00e4t yhdess\u00e4 sek\u00e4 kunnioittavat toisiaan. Lapsen kasvun tukeminen yhteisty\u00f6ss\u00e4 kotien kanssa on monialaisen ammattilaisjoukkomme keskeisin tavoite. Sivun Tietopankista l\u00f6ytyy arvokasta tietoa koulumme arvoista, tavoitteista ja toimintatavoista &#8211; siit\u00e4, miten pid\u00e4mme oppilaistamme huolta.<\/p>\n","protected":false},"author":105,"featured_media":0,"parent":0,"menu_order":3,"comment_status":"closed","ping_status":"closed","template":"","meta":{"footnotes":""},"class_list":["post-123","page","type-page","status-publish","hentry"],"_links":{"self":[{"href":"https:\/\/blog.edu.turku.fi\/ilpoinen\/wp-json\/wp\/v2\/pages\/123","targetHints":{"allow":["GET"]}}],"collection":[{"href":"https:\/\/blog.edu.turku.fi\/ilpoinen\/wp-json\/wp\/v2\/pages"}],"about":[{"href":"https:\/\/blog.edu.turku.fi\/ilpoinen\/wp-json\/wp\/v2\/types\/page"}],"author":[{"embeddable":true,"href":"https:\/\/blog.edu.turku.fi\/ilpoinen\/wp-json\/wp\/v2\/users\/105"}],"replies":[{"embeddable":true,"href":"https:\/\/blog.edu.turku.fi\/ilpoinen\/wp-json\/wp\/v2\/comments?post=123"}],"version-history":[{"count":9,"href":"https:\/\/blog.edu.turku.fi\/ilpoinen\/wp-json\/wp\/v2\/pages\/123\/revisions"}],"predecessor-version":[{"id":838,"href":"https:\/\/blog.edu.turku.fi\/ilpoinen\/wp-json\/wp\/v2\/pages\/123\/revisions\/838"}],"wp:attachment":[{"href":"https:\/\/blog.edu.turku.fi\/ilpoinen\/wp-json\/wp\/v2\/media?parent=123"}],"curies":[{"name":"wp","href":"https:\/\/api.w.org\/{rel}","templated":true}]}}