{"id":329,"date":"2019-01-17T12:23:12","date_gmt":"2019-01-17T10:23:12","guid":{"rendered":"https:\/\/blog.edu.turku.fi\/iktpedagogik\/?page_id=329"},"modified":"2024-01-19T08:59:14","modified_gmt":"2024-01-19T06:59:14","slug":"om-mig","status":"publish","type":"page","link":"https:\/\/blog.edu.turku.fi\/iktpedagogik\/om-mig\/","title":{"rendered":"Om mig"},"content":{"rendered":"<p><img loading=\"lazy\" decoding=\"async\" class=\"alignleft wp-image-330 \" src=\"https:\/\/blog.edu.turku.fi\/iktpedagogik\/files\/2019\/01\/Portratt-3-205x300.jpg\" alt=\"Bj\u00f6rn Bergvall, digimentor.\" width=\"56\" height=\"82\" srcset=\"https:\/\/blog.edu.turku.fi\/iktpedagogik\/files\/2019\/01\/Portratt-3-205x300.jpg 205w, https:\/\/blog.edu.turku.fi\/iktpedagogik\/files\/2019\/01\/Portratt-3.jpg 442w\" sizes=\"auto, (max-width: 56px) 85vw, 56px\" \/>Jag jobbar sedan December 2018 som IKT-pedagog, eller Digimentor, vid \u00c5bo stad. L\u00e4rare inom sm\u00e5barnspedagogiken har jag varit sedan l\u00e4nge, i s\u00e5v\u00e4l Sverige som Finland. Jag \u00e4r dessutom utbildad till yrkesl\u00e4rare inom datavetenskap, med matematik och fysik som sido\u00e4mnen.<\/p>\n<h2>Tipsa mig g\u00e4rna!<\/h2>\n<p>Har du hittat n\u00e5gon bra app?<\/p>\n<ul>\n<li>Har du anv\u00e4nt n\u00e5gon app och det har slagit ut v\u00e4l&nbsp;i gruppen?<\/li>\n<li>Eller har du hittat n\u00e5gon resurs som skulle vara v\u00e4rd att inkludera h\u00e4r?<\/li>\n<\/ul>\n<p>Jag tar tacksamt emot tips och feedback. Mejla mig.<\/p>\n<p>Min address \u00e4r &#8221;bjorn.bergvall&#8221;, med &#8221;@&#8221; i mitten, och slutar p\u00e5 &#8221;edu.turku.fi&#8221;<\/p>\n<p><em>(Skriver inte ut den som en l\u00e4nk f\u00f6r att inte bombarderas av spam)<\/em><\/p>\n<p><strong>Tack! P\u00e5 f\u00f6rhand.<\/strong><\/p>\n<p>&nbsp;<\/p>\n<hr \/>\n<p><img loading=\"lazy\" decoding=\"async\" class=\"alignleft wp-image-331\" src=\"https:\/\/blog.edu.turku.fi\/iktpedagogik\/files\/2019\/01\/Science-Ed-logo-240x240.jpg\" alt=\"Science Ed - M\u00f6tespunkt f\u00f6r pedagoger att dela naturvetenskapliga id\u00e9er\" width=\"62\" height=\"62\" srcset=\"https:\/\/blog.edu.turku.fi\/iktpedagogik\/files\/2019\/01\/Science-Ed-logo.jpg 240w, https:\/\/blog.edu.turku.fi\/iktpedagogik\/files\/2019\/01\/Science-Ed-logo-150x150.jpg 150w\" sizes=\"auto, (max-width: 62px) 85vw, 62px\" \/><\/p>\n<p>Jag&nbsp;arbetar \u00e4ven med en annan blog <a href=\"https:\/\/blog.edu.turku.fi\/scienceed\/\">&#8221;Science Ed&#8221;<\/a> som \u00e4r en samlingsplats f\u00f6r id\u00e9er kring hur man kan involvera naturvetenskap&nbsp;i pedagogiken.<\/p>\n<hr \/>\n<p>&nbsp;<\/p>\n<p><img loading=\"lazy\" decoding=\"async\" class=\"alignleft wp-image-2522\" src=\"https:\/\/blog.edu.turku.fi\/iktpedagogik\/files\/2021\/02\/sing-2779106_960_720-300x200.jpg\" alt=\"\" width=\"92\" height=\"61\" srcset=\"https:\/\/blog.edu.turku.fi\/iktpedagogik\/files\/2021\/02\/sing-2779106_960_720-300x200.jpg 300w, https:\/\/blog.edu.turku.fi\/iktpedagogik\/files\/2021\/02\/sing-2779106_960_720.jpg 960w\" sizes=\"auto, (max-width: 92px) 85vw, 92px\" \/><\/p>\n<p>Ytterligare en blog jag driver \u00e4r bloggen&nbsp;&nbsp;&#8221;<a href=\"https:\/\/blog.edu.turku.fi\/smabarnssang\/\">Sm\u00e5barnss\u00e5ng<\/a>&#8221; d\u00e4r jag samlat ihop s\u00e5nger och rim passande f\u00f6r dagis och f\u00f6rskola.<\/p>\n<hr \/>\n<p>&nbsp;<\/p>\n<p>&nbsp;<\/p>\n<p>&nbsp;<\/p>\n<p><img loading=\"lazy\" decoding=\"async\" class=\"alignright wp-image-2517\" src=\"https:\/\/blog.edu.turku.fi\/iktpedagogik\/files\/2021\/02\/AppleTeacher_black-300x111.png\" alt=\"\" width=\"219\" height=\"81\" srcset=\"https:\/\/blog.edu.turku.fi\/iktpedagogik\/files\/2021\/02\/AppleTeacher_black-300x111.png 300w, https:\/\/blog.edu.turku.fi\/iktpedagogik\/files\/2021\/02\/AppleTeacher_black-1024x379.png 1024w, https:\/\/blog.edu.turku.fi\/iktpedagogik\/files\/2021\/02\/AppleTeacher_black.png 1539w\" sizes=\"auto, (max-width: 219px) 85vw, 219px\" \/><br \/>\n<img loading=\"lazy\" decoding=\"async\" class=\"wp-image-2788 size-thumbnail alignleft\" src=\"https:\/\/blog.edu.turku.fi\/iktpedagogik\/files\/2022\/03\/minecraft-teacher-2-150x150.png\" alt=\"\" width=\"150\" height=\"150\"\/><\/p>\n","protected":false},"excerpt":{"rendered":"<p>Jag jobbar sedan December 2018 som IKT-pedagog, eller Digimentor, vid \u00c5bo stad. L\u00e4rare inom sm\u00e5barnspedagogiken har jag varit sedan l\u00e4nge, i s\u00e5v\u00e4l Sverige som Finland. Jag \u00e4r dessutom utbildad till yrkesl\u00e4rare inom datavetenskap, med matematik och fysik som sido\u00e4mnen. Tipsa mig g\u00e4rna! Har du hittat n\u00e5gon bra app? Har du anv\u00e4nt n\u00e5gon app och det &hellip; <a href=\"https:\/\/blog.edu.turku.fi\/iktpedagogik\/om-mig\/\" class=\"more-link\">Forts\u00e4tt l\u00e4sa<span class=\"screen-reader-text\"> \u201dOm mig\u201d<\/span><\/a><\/p>\n","protected":false},"author":2590,"featured_media":0,"parent":0,"menu_order":0,"comment_status":"closed","ping_status":"closed","template":"","meta":{"ngg_post_thumbnail":0,"footnotes":""},"class_list":["post-329","page","type-page","status-publish","hentry"],"_links":{"self":[{"href":"https:\/\/blog.edu.turku.fi\/iktpedagogik\/wp-json\/wp\/v2\/pages\/329","targetHints":{"allow":["GET"]}}],"collection":[{"href":"https:\/\/blog.edu.turku.fi\/iktpedagogik\/wp-json\/wp\/v2\/pages"}],"about":[{"href":"https:\/\/blog.edu.turku.fi\/iktpedagogik\/wp-json\/wp\/v2\/types\/page"}],"author":[{"embeddable":true,"href":"https:\/\/blog.edu.turku.fi\/iktpedagogik\/wp-json\/wp\/v2\/users\/2590"}],"replies":[{"embeddable":true,"href":"https:\/\/blog.edu.turku.fi\/iktpedagogik\/wp-json\/wp\/v2\/comments?post=329"}],"version-history":[{"count":24,"href":"https:\/\/blog.edu.turku.fi\/iktpedagogik\/wp-json\/wp\/v2\/pages\/329\/revisions"}],"predecessor-version":[{"id":3218,"href":"https:\/\/blog.edu.turku.fi\/iktpedagogik\/wp-json\/wp\/v2\/pages\/329\/revisions\/3218"}],"wp:attachment":[{"href":"https:\/\/blog.edu.turku.fi\/iktpedagogik\/wp-json\/wp\/v2\/media?parent=329"}],"curies":[{"name":"wp","href":"https:\/\/api.w.org\/{rel}","templated":true}]}}