{"id":2,"date":"2019-01-08T14:58:13","date_gmt":"2019-01-08T12:58:13","guid":{"rendered":"https:\/\/blog.edu.turku.fi\/iktpedagogik\/?page_id=2"},"modified":"2019-01-31T12:35:09","modified_gmt":"2019-01-31T10:35:09","slug":"welcome","status":"publish","type":"page","link":"https:\/\/blog.edu.turku.fi\/iktpedagogik\/welcome\/","title":{"rendered":"V\u00e4lkommen till IKT-pedagogik!"},"content":{"rendered":"<p><\/p>\r\n<p>Denna blogg vill g\u00f6ra ett f\u00f6rs\u00f6k att bena ut vad det finns f\u00f6r IKT resurser tillhanda f\u00f6r personer som jobbar p\u00e5 f\u00f6rskola eller dagis. IKT st\u00e5r f\u00f6r \u201dInformations- och Kommunikationsteknik\u201d, h\u00e4r \u00e4r det reducerat till appar och program som \u00e4r anpassade f\u00f6r barn innan skol\u00e5ldern.<\/p>\r\n<p>De mesta appar jag tittat p\u00e5 \u00e4r f\u00f6r Ipad, d\u00e5 detta \u00e4r vad vi anv\u00e4nder h\u00e4r i \u00c5bo stad d\u00e4r jag \u00e4r verksam. Men det finns \u00e4ven program f\u00f6r Windows och appar som k\u00f6rs via en browser (dvs. Internet Explorer, Safari, Chrome, eller liknande).<\/p>\r\n<p>H\u00e4r kommer \u00e4ven presenteras id\u00e9er hur man kan integrera tekniken i pedagogiken s\u00e5 det inte blir n\u00e5got rent frist\u00e5ende att arbeta med teknik utan det g\u00e5r hand i hand med vad man redan g\u00f6r p\u00e5 f\u00f6rskolan eller dagiset.<\/p>\r\n<p>F\u00f6r att hitta appar av intresse g\u00e5 till <strong>&#8221;Kategori&#8221;<\/strong>&nbsp;i menyn till h\u00f6ger och v\u00e4lj vad du \u00e4r intresserad av.<\/p>\r\n<p>V\u00e4lkommen att titta runt och kom g\u00e4rna med inl\u00e4gg om fler appar, eller kommentarer kring existerande.<\/p>\r\n<p>&nbsp;<\/p>\r\n<p>H\u00e4lsningar,<\/p>\r\n<p><em>Bj\u00f6rn Bergvall<\/em><\/p>\r\n<p><em>IKT-pedagog, \u00c5bo Stad<\/em><\/p>","protected":false},"excerpt":{"rendered":"<p>Denna blogg vill g\u00f6ra ett f\u00f6rs\u00f6k att bena ut vad det finns f\u00f6r IKT resurser tillhanda f\u00f6r personer som jobbar p\u00e5 f\u00f6rskola eller dagis. IKT st\u00e5r f\u00f6r \u201dInformations- och Kommunikationsteknik\u201d, h\u00e4r \u00e4r det reducerat till appar och program som \u00e4r anpassade f\u00f6r barn innan skol\u00e5ldern. De mesta appar jag tittat p\u00e5 \u00e4r f\u00f6r Ipad, d\u00e5 &hellip; <a href=\"https:\/\/blog.edu.turku.fi\/iktpedagogik\/welcome\/\" class=\"more-link\">Forts\u00e4tt l\u00e4sa<span class=\"screen-reader-text\"> \u201dV\u00e4lkommen till IKT-pedagogik!\u201d<\/span><\/a><\/p>\n","protected":false},"author":2590,"featured_media":0,"parent":0,"menu_order":0,"comment_status":"closed","ping_status":"open","template":"","meta":{"ngg_post_thumbnail":0,"footnotes":""},"class_list":["post-2","page","type-page","status-publish","hentry"],"_links":{"self":[{"href":"https:\/\/blog.edu.turku.fi\/iktpedagogik\/wp-json\/wp\/v2\/pages\/2","targetHints":{"allow":["GET"]}}],"collection":[{"href":"https:\/\/blog.edu.turku.fi\/iktpedagogik\/wp-json\/wp\/v2\/pages"}],"about":[{"href":"https:\/\/blog.edu.turku.fi\/iktpedagogik\/wp-json\/wp\/v2\/types\/page"}],"author":[{"embeddable":true,"href":"https:\/\/blog.edu.turku.fi\/iktpedagogik\/wp-json\/wp\/v2\/users\/2590"}],"replies":[{"embeddable":true,"href":"https:\/\/blog.edu.turku.fi\/iktpedagogik\/wp-json\/wp\/v2\/comments?post=2"}],"version-history":[{"count":4,"href":"https:\/\/blog.edu.turku.fi\/iktpedagogik\/wp-json\/wp\/v2\/pages\/2\/revisions"}],"predecessor-version":[{"id":599,"href":"https:\/\/blog.edu.turku.fi\/iktpedagogik\/wp-json\/wp\/v2\/pages\/2\/revisions\/599"}],"wp:attachment":[{"href":"https:\/\/blog.edu.turku.fi\/iktpedagogik\/wp-json\/wp\/v2\/media?parent=2"}],"curies":[{"name":"wp","href":"https:\/\/api.w.org\/{rel}","templated":true}]}}