{"id":63,"date":"2015-09-07T13:30:49","date_gmt":"2015-09-07T10:30:49","guid":{"rendered":"https:\/\/blog.edu.turku.fi\/hyrkoistentienpk\/?page_id=63"},"modified":"2019-09-09T12:10:54","modified_gmt":"2019-09-09T09:10:54","slug":"paivan-puuhat-2","status":"publish","type":"page","link":"https:\/\/blog.edu.turku.fi\/hyrkoistentienpk\/paivan-puuhat-2\/","title":{"rendered":"P\u00e4iv\u00e4n puuhat"},"content":{"rendered":"<p><em><strong>Arki<\/strong><\/em><\/p>\n<p>P\u00e4iv\u00e4kotimme on avoinna klo 6.30- 17.00<br \/>\nHoitosopimuksessa sovitaan lapsen p\u00e4ivitt\u00e4inen hoitoaika.<br \/>\nAamuisin kokoonnumme Pippurit-\u00a0ryhm\u00e4ss\u00e4 klo 7.30 saakka.<\/p>\n<p><strong><em>P\u00e4iv\u00e4ohjelma<\/em><\/strong><br \/>\n6.30 P\u00e4iv\u00e4koti avataan<br \/>\n7.30 Lapset siirtyv\u00e4t omiin ryhmiins\u00e4<br \/>\n8.00 Aamupala<br \/>\nToimintaa ja ulkoilua<br \/>\n11.30 Lounas<br \/>\nLepohetki<br \/>\n14.00 V\u00e4lipala<br \/>\nLeikki\u00e4 ja ulkoilua<br \/>\n17.00 P\u00e4iv\u00e4koti suljetaan<\/p>\n","protected":false},"excerpt":{"rendered":"<p>Arki P\u00e4iv\u00e4kotimme on avoinna klo 6.30- 17.00 Hoitosopimuksessa sovitaan lapsen p\u00e4ivitt\u00e4inen hoitoaika. Aamuisin kokoonnumme Pippurit-\u00a0ryhm\u00e4ss\u00e4 klo 7.30 saakka. P\u00e4iv\u00e4ohjelma 6.30 P\u00e4iv\u00e4koti avataan 7.30 Lapset siirtyv\u00e4t omiin ryhmiins\u00e4 8.00 Aamupala Toimintaa ja ulkoilua 11.30 Lounas Lepohetki 14.00 V\u00e4lipala Leikki\u00e4 ja ulkoilua 17.00 P\u00e4iv\u00e4koti suljetaan<\/p>\n","protected":false},"author":1414,"featured_media":0,"parent":0,"menu_order":4,"comment_status":"closed","ping_status":"closed","template":"","meta":{"footnotes":""},"class_list":["post-63","page","type-page","status-publish","hentry"],"_links":{"self":[{"href":"https:\/\/blog.edu.turku.fi\/hyrkoistentienpk\/wp-json\/wp\/v2\/pages\/63","targetHints":{"allow":["GET"]}}],"collection":[{"href":"https:\/\/blog.edu.turku.fi\/hyrkoistentienpk\/wp-json\/wp\/v2\/pages"}],"about":[{"href":"https:\/\/blog.edu.turku.fi\/hyrkoistentienpk\/wp-json\/wp\/v2\/types\/page"}],"author":[{"embeddable":true,"href":"https:\/\/blog.edu.turku.fi\/hyrkoistentienpk\/wp-json\/wp\/v2\/users\/1414"}],"replies":[{"embeddable":true,"href":"https:\/\/blog.edu.turku.fi\/hyrkoistentienpk\/wp-json\/wp\/v2\/comments?post=63"}],"version-history":[{"count":5,"href":"https:\/\/blog.edu.turku.fi\/hyrkoistentienpk\/wp-json\/wp\/v2\/pages\/63\/revisions"}],"predecessor-version":[{"id":537,"href":"https:\/\/blog.edu.turku.fi\/hyrkoistentienpk\/wp-json\/wp\/v2\/pages\/63\/revisions\/537"}],"wp:attachment":[{"href":"https:\/\/blog.edu.turku.fi\/hyrkoistentienpk\/wp-json\/wp\/v2\/media?parent=63"}],"curies":[{"name":"wp","href":"https:\/\/api.w.org\/{rel}","templated":true}]}}