{"id":38,"date":"2015-09-07T13:03:09","date_gmt":"2015-09-07T10:03:09","guid":{"rendered":"https:\/\/blog.edu.turku.fi\/hyrkoistentienpk\/?page_id=38"},"modified":"2015-09-09T14:40:33","modified_gmt":"2015-09-09T11:40:33","slug":"kurkkaa-pihalle","status":"publish","type":"page","link":"https:\/\/blog.edu.turku.fi\/hyrkoistentienpk\/paivakotimme\/kurkkaa-pihalle\/","title":{"rendered":"Kurkkaa pihalle"},"content":{"rendered":"<div id='gallery-1' class='gallery galleryid-38 gallery-columns-2 gallery-size-thumbnail'><figure class='gallery-item'>\n\t\t\t<div class='gallery-icon portrait'>\n\t\t\t\t<a href='https:\/\/blog.edu.turku.fi\/hyrkoistentienpk\/paivakotimme\/kurkkaa-sisalle\/puukuva\/'><img loading=\"lazy\" decoding=\"async\" width=\"150\" height=\"150\" src=\"https:\/\/blog.edu.turku.fi\/hyrkoistentienpk\/files\/2015\/09\/puukuva-150x150.jpg\" class=\"attachment-thumbnail size-thumbnail\" alt=\"\" aria-describedby=\"gallery-1-88\" \/><\/a>\n\t\t\t<\/div>\n\t\t\t\t<figcaption class='wp-caption-text gallery-caption' id='gallery-1-88'>\n\t\t\t\tMets\u00e4retkell\u00e4 on hauskaa kiipeill\u00e4!\n\t\t\t\t<\/figcaption><\/figure>\n\t\t<\/div>\n\n","protected":false},"excerpt":{"rendered":"","protected":false},"author":1414,"featured_media":0,"parent":66,"menu_order":2,"comment_status":"closed","ping_status":"closed","template":"","meta":{"footnotes":""},"class_list":["post-38","page","type-page","status-publish","hentry"],"_links":{"self":[{"href":"https:\/\/blog.edu.turku.fi\/hyrkoistentienpk\/wp-json\/wp\/v2\/pages\/38","targetHints":{"allow":["GET"]}}],"collection":[{"href":"https:\/\/blog.edu.turku.fi\/hyrkoistentienpk\/wp-json\/wp\/v2\/pages"}],"about":[{"href":"https:\/\/blog.edu.turku.fi\/hyrkoistentienpk\/wp-json\/wp\/v2\/types\/page"}],"author":[{"embeddable":true,"href":"https:\/\/blog.edu.turku.fi\/hyrkoistentienpk\/wp-json\/wp\/v2\/users\/1414"}],"replies":[{"embeddable":true,"href":"https:\/\/blog.edu.turku.fi\/hyrkoistentienpk\/wp-json\/wp\/v2\/comments?post=38"}],"version-history":[{"count":3,"href":"https:\/\/blog.edu.turku.fi\/hyrkoistentienpk\/wp-json\/wp\/v2\/pages\/38\/revisions"}],"predecessor-version":[{"id":95,"href":"https:\/\/blog.edu.turku.fi\/hyrkoistentienpk\/wp-json\/wp\/v2\/pages\/38\/revisions\/95"}],"up":[{"embeddable":true,"href":"https:\/\/blog.edu.turku.fi\/hyrkoistentienpk\/wp-json\/wp\/v2\/pages\/66"}],"wp:attachment":[{"href":"https:\/\/blog.edu.turku.fi\/hyrkoistentienpk\/wp-json\/wp\/v2\/media?parent=38"}],"curies":[{"name":"wp","href":"https:\/\/api.w.org\/{rel}","templated":true}]}}