{"id":33,"date":"2015-09-07T12:18:50","date_gmt":"2015-09-07T09:18:50","guid":{"rendered":"https:\/\/blog.edu.turku.fi\/hyrkoistentienpk\/?page_id=33"},"modified":"2022-09-14T13:49:55","modified_gmt":"2022-09-14T10:49:55","slug":"pahkinat","status":"publish","type":"page","link":"https:\/\/blog.edu.turku.fi\/hyrkoistentienpk\/lapsiryhmat\/pahkinat\/","title":{"rendered":"P\u00e4hkin\u00e4t"},"content":{"rendered":"<p style=\"text-align: center\">P\u00e4hkin\u00f6iss\u00e4 on kolmetoista 3-4 -vuotiasta lasta.<\/p>\n","protected":false},"excerpt":{"rendered":"<p>P\u00e4hkin\u00f6iss\u00e4 on kolmetoista 3-4 -vuotiasta lasta.<\/p>\n","protected":false},"author":1414,"featured_media":0,"parent":35,"menu_order":4,"comment_status":"closed","ping_status":"closed","template":"","meta":{"footnotes":""},"class_list":["post-33","page","type-page","status-publish","hentry"],"_links":{"self":[{"href":"https:\/\/blog.edu.turku.fi\/hyrkoistentienpk\/wp-json\/wp\/v2\/pages\/33","targetHints":{"allow":["GET"]}}],"collection":[{"href":"https:\/\/blog.edu.turku.fi\/hyrkoistentienpk\/wp-json\/wp\/v2\/pages"}],"about":[{"href":"https:\/\/blog.edu.turku.fi\/hyrkoistentienpk\/wp-json\/wp\/v2\/types\/page"}],"author":[{"embeddable":true,"href":"https:\/\/blog.edu.turku.fi\/hyrkoistentienpk\/wp-json\/wp\/v2\/users\/1414"}],"replies":[{"embeddable":true,"href":"https:\/\/blog.edu.turku.fi\/hyrkoistentienpk\/wp-json\/wp\/v2\/comments?post=33"}],"version-history":[{"count":7,"href":"https:\/\/blog.edu.turku.fi\/hyrkoistentienpk\/wp-json\/wp\/v2\/pages\/33\/revisions"}],"predecessor-version":[{"id":545,"href":"https:\/\/blog.edu.turku.fi\/hyrkoistentienpk\/wp-json\/wp\/v2\/pages\/33\/revisions\/545"}],"up":[{"embeddable":true,"href":"https:\/\/blog.edu.turku.fi\/hyrkoistentienpk\/wp-json\/wp\/v2\/pages\/35"}],"wp:attachment":[{"href":"https:\/\/blog.edu.turku.fi\/hyrkoistentienpk\/wp-json\/wp\/v2\/media?parent=33"}],"curies":[{"name":"wp","href":"https:\/\/api.w.org\/{rel}","templated":true}]}}