{"id":31,"date":"2015-09-07T12:12:12","date_gmt":"2015-09-07T09:12:12","guid":{"rendered":"https:\/\/blog.edu.turku.fi\/hyrkoistentienpk\/?page_id=31"},"modified":"2022-09-14T13:51:24","modified_gmt":"2022-09-14T10:51:24","slug":"pippurit","status":"publish","type":"page","link":"https:\/\/blog.edu.turku.fi\/hyrkoistentienpk\/lapsiryhmat\/pippurit\/","title":{"rendered":"Pippurit"},"content":{"rendered":"<p>Pippurit -ryhm\u00e4ss\u00e4 on sek\u00e4 esiopetusik\u00e4isi\u00e4 ett\u00e4 viisivuotiaita lapsia.<\/p>\n","protected":false},"excerpt":{"rendered":"<p>Pippurit -ryhm\u00e4ss\u00e4 on sek\u00e4 esiopetusik\u00e4isi\u00e4 ett\u00e4 viisivuotiaita lapsia.<\/p>\n","protected":false},"author":1414,"featured_media":0,"parent":35,"menu_order":3,"comment_status":"closed","ping_status":"closed","template":"","meta":{"footnotes":""},"class_list":["post-31","page","type-page","status-publish","hentry"],"_links":{"self":[{"href":"https:\/\/blog.edu.turku.fi\/hyrkoistentienpk\/wp-json\/wp\/v2\/pages\/31","targetHints":{"allow":["GET"]}}],"collection":[{"href":"https:\/\/blog.edu.turku.fi\/hyrkoistentienpk\/wp-json\/wp\/v2\/pages"}],"about":[{"href":"https:\/\/blog.edu.turku.fi\/hyrkoistentienpk\/wp-json\/wp\/v2\/types\/page"}],"author":[{"embeddable":true,"href":"https:\/\/blog.edu.turku.fi\/hyrkoistentienpk\/wp-json\/wp\/v2\/users\/1414"}],"replies":[{"embeddable":true,"href":"https:\/\/blog.edu.turku.fi\/hyrkoistentienpk\/wp-json\/wp\/v2\/comments?post=31"}],"version-history":[{"count":5,"href":"https:\/\/blog.edu.turku.fi\/hyrkoistentienpk\/wp-json\/wp\/v2\/pages\/31\/revisions"}],"predecessor-version":[{"id":546,"href":"https:\/\/blog.edu.turku.fi\/hyrkoistentienpk\/wp-json\/wp\/v2\/pages\/31\/revisions\/546"}],"up":[{"embeddable":true,"href":"https:\/\/blog.edu.turku.fi\/hyrkoistentienpk\/wp-json\/wp\/v2\/pages\/35"}],"wp:attachment":[{"href":"https:\/\/blog.edu.turku.fi\/hyrkoistentienpk\/wp-json\/wp\/v2\/media?parent=31"}],"curies":[{"name":"wp","href":"https:\/\/api.w.org\/{rel}","templated":true}]}}