{"id":17,"date":"2015-09-07T10:24:16","date_gmt":"2015-09-07T07:24:16","guid":{"rendered":"https:\/\/blog.edu.turku.fi\/hyrkoistentienpk\/?page_id=17"},"modified":"2015-09-07T13:34:28","modified_gmt":"2015-09-07T10:34:28","slug":"yhteystiedot","status":"publish","type":"page","link":"https:\/\/blog.edu.turku.fi\/hyrkoistentienpk\/yhteystiedot\/","title":{"rendered":"Yhteystiedot"},"content":{"rendered":"<p><strong>K\u00e4yntiosoite<\/strong>: Hyrk\u00f6istentie 4, 20240 Turku<\/p>\n<p><strong>P\u00e4iv\u00e4kodinjohtaja<\/strong> P\u00e4ivikki Konttinen p. 044 907 2171\u00a0 e-mail: paivikki.konttinen@turku.fi<\/p>\n<p><strong>Lapsiryhm\u00e4t<\/strong>:<\/p>\n<p><strong>Mintut<\/strong> p. 040 687 6639<\/p>\n<p><strong>Mantelit<\/strong> p. 040 480 1236<\/p>\n<p><strong>Pippurit<\/strong> p. 040 480 1256<\/p>\n<p><strong>P\u00e4hkin\u00e4t<\/strong> p. 040 687 6634<\/p>\n","protected":false},"excerpt":{"rendered":"<p>K\u00e4yntiosoite: Hyrk\u00f6istentie 4, 20240 Turku P\u00e4iv\u00e4kodinjohtaja P\u00e4ivikki Konttinen p. 044 907 2171\u00a0 e-mail: paivikki.konttinen@turku.fi Lapsiryhm\u00e4t: Mintut p. 040 687 6639 Mantelit p. 040 480 1236 Pippurit p. 040 480 1256 P\u00e4hkin\u00e4t p. 040 687 6634<\/p>\n","protected":false},"author":1413,"featured_media":0,"parent":0,"menu_order":1,"comment_status":"closed","ping_status":"closed","template":"","meta":{"footnotes":""},"class_list":["post-17","page","type-page","status-publish","hentry"],"_links":{"self":[{"href":"https:\/\/blog.edu.turku.fi\/hyrkoistentienpk\/wp-json\/wp\/v2\/pages\/17","targetHints":{"allow":["GET"]}}],"collection":[{"href":"https:\/\/blog.edu.turku.fi\/hyrkoistentienpk\/wp-json\/wp\/v2\/pages"}],"about":[{"href":"https:\/\/blog.edu.turku.fi\/hyrkoistentienpk\/wp-json\/wp\/v2\/types\/page"}],"author":[{"embeddable":true,"href":"https:\/\/blog.edu.turku.fi\/hyrkoistentienpk\/wp-json\/wp\/v2\/users\/1413"}],"replies":[{"embeddable":true,"href":"https:\/\/blog.edu.turku.fi\/hyrkoistentienpk\/wp-json\/wp\/v2\/comments?post=17"}],"version-history":[{"count":5,"href":"https:\/\/blog.edu.turku.fi\/hyrkoistentienpk\/wp-json\/wp\/v2\/pages\/17\/revisions"}],"predecessor-version":[{"id":152,"href":"https:\/\/blog.edu.turku.fi\/hyrkoistentienpk\/wp-json\/wp\/v2\/pages\/17\/revisions\/152"}],"wp:attachment":[{"href":"https:\/\/blog.edu.turku.fi\/hyrkoistentienpk\/wp-json\/wp\/v2\/media?parent=17"}],"curies":[{"name":"wp","href":"https:\/\/api.w.org\/{rel}","templated":true}]}}