{"id":956,"date":"2026-03-31T16:23:26","date_gmt":"2026-03-31T13:23:26","guid":{"rendered":"https:\/\/blog.edu.turku.fi\/hepokulta\/?page_id=956"},"modified":"2026-03-31T16:23:26","modified_gmt":"2026-03-31T13:23:26","slug":"valinnaisaineet","status":"publish","type":"page","link":"https:\/\/blog.edu.turku.fi\/hepokulta\/valinnaisaineet\/","title":{"rendered":"Valinnaisaineet"},"content":{"rendered":"<p><strong>Hepokullan koulun tarjoamat valinnaisaineet lukuvuodelle 2026-27\u00a0<\/strong><\/p>\n<p><b><span data-contrast=\"auto\">KIELET JA VAIKUTTAMINEN:<\/span><\/b><span data-ccp-props=\"{}\">\u00a0<\/span><\/p>\n<p><b><span data-contrast=\"auto\">Kieli- ja kulttuurimaistiaiset<\/span><\/b><span data-ccp-props=\"{}\">\u00a0<\/span><\/p>\n<p><span data-contrast=\"auto\">Valinnaisaineessa tutustutaan eri kieliin ja kulttuureihin pintapuolisesti. Oppilaat saavat vaikuttaa siihen, mit\u00e4 kieli\u00e4 ja kulttuureita valitaan tutustuttavaksi lukuvuoden aikana. Voidaan esimerkiksi harjoitella \u00e4\u00e4nt\u00e4mist\u00e4, perussanastoa ja itsest\u00e4 kertomista kohdekielell\u00e4 sek\u00e4 tehd\u00e4 esitelmi\u00e4 eri maista ja kielist\u00e4.\u202fMahdollisuuksien mukaan hy\u00f6dynnet\u00e4\u00e4n\u202fmy\u00f6s musiikkia ja taidetta eri kielist\u00e4\u202fsek\u00e4\u202fkulttuureista ja\u202foppilaat saavat halutessaan esitell\u00e4 omia kulttuureitaan ja kieli\u00e4\u00e4n.\u202fTuntien puitteissa\u202fon mahdollista\u202fharjoitella my\u00f6s tiedonhakua ja matkasuunnitelmien tekemist\u00e4.\u202f<\/span><span data-ccp-props=\"{}\">\u00a0<\/span><\/p>\n<p><b><span data-contrast=\"auto\">Koulun verkkolehti ja -uutiset<\/span><\/b><span data-ccp-props=\"{}\">\u00a0<\/span><\/p>\n<p><span data-contrast=\"auto\">Verkkolehden toimitus kokoaa yhteen oppilaita, joita kiinnostaa koulun tapahtumien seuraaminen ja niist\u00e4 kertominen. Toimituksessa toimitaan monipuolisissa mediataidoissa: kirjoitetaan artikkeleita, kuvataan valokuvia ja videoita sek\u00e4 tehd\u00e4\u00e4n haastatteluja kiinnostavista henkil\u00f6ist\u00e4. Lis\u00e4ksi opetellaan verkkolehden ja nettisivujen toimintaa sek\u00e4 kehitet\u00e4\u00e4n omaa luovuutta ja ilmaisua. Valinnaisaineeseen osallistuvat oppilaat ovat mukana rakentamassa Hepokullan koulun omaa verkkolehte\u00e4 ja luomassa siit\u00e4 koko koulun n\u00e4k\u00f6ist\u00e4 mediaa.<\/span><span data-ccp-props=\"{}\">\u00a0<\/span><\/p>\n<p><span data-ccp-props=\"{}\">\u00a0<\/span><\/p>\n<p><b><span data-contrast=\"auto\">TAITEET JA LUOVUUS:<\/span><\/b><span data-ccp-props=\"{}\">\u00a0<\/span><\/p>\n<p><b><span data-contrast=\"auto\">Valinnainen musiikki<\/span><\/b><span data-ccp-props=\"{}\">\u00a0<\/span><\/p>\n<p><span data-contrast=\"auto\">Valinnaisen musiikin tavoitteena on syvent\u00e4\u00e4 ja rikastaa musiikin tuntien oppisis\u00e4lt\u00f6j\u00e4. Valinnainen musiikki tarjoaa mahdollisuuksia soittomiseen ja yhteismusisointiin. Tavoitteena on syventy\u00e4 erityisesti b\u00e4ndi- ja yhteissoittoon. Vuoden aikana harjoitellaan bassolla s\u00e4est\u00e4mist\u00e4 my\u00f6s otteilla, tuttujen vapaiden kielien lis\u00e4ksi.\u202fTutustutaan tabulatuurinuotteihin, harjoitellaan basso- ja kitarariffej\u00e4, sek\u00e4 opetellaan erilaisia rumpukomppeja ja harjoitellaan mikrofoniin laulamista. Vahvistetaan jo opittuja perustaitoja b\u00e4ndisoittimista, jotta jokainen valinnaisessa musiikissa opiskeleva lapsi kokisi onnistumisen iloa ja uskaltaisi esiinty\u00e4. Tutustutaan koskettimilla s\u00e4est\u00e4miseen tai pienen melodia soittoon. Harjoitellaan AV-laitteiden k\u00e4ytt\u00f6\u00e4. Oppilailla on mahdollisuus tuoda esiin my\u00f6s oma musiikillinen harrastuneisuus.<\/span><span data-ccp-props=\"{}\">\u00a0<\/span><\/p>\n<p><b><span data-contrast=\"auto\">Luova ilmaisu<\/span><\/b><span data-ccp-props=\"{}\">\u00a0<\/span><\/p>\n<p><span data-contrast=\"auto\">Luovan ilmaisun valinnaisaineessa yhdistet\u00e4\u00e4n monipuolisesti ja oppilasryhm\u00e4n toiveita kuunnellen\u202fkuunnellen draamaa, liikuntaa, luovaa kirjoittamista ja\u202fkuvataidetta. Harjoitellaan itsens\u00e4 ilmaisemista ja toisen oppilaan ilmaisun kunnioittamista. Kokeillaan erilaisia itseilmaisun muotoja. Harjoitellaan luovan ilmaisun ty\u00f6tapoja ja k\u00e4sitteist\u00f6\u00e4. Luovan ilmaisun menetelm\u00e4t tukevat oppilaan vuorovaikutustaitoja. Toteutetaan erilaisia esityksi\u00e4.<\/span><span data-ccp-props=\"{}\">\u00a0<\/span><\/p>\n<p><span data-ccp-props=\"{}\">\u00a0<\/span><\/p>\n<p><b><span data-contrast=\"auto\">LIIKUNTA JA HYVINVOINTI:<\/span><\/b><span data-ccp-props=\"{}\">\u00a0<\/span><\/p>\n<p><b><span data-contrast=\"auto\">Valinnainen liikunta\u202f<\/span><\/b><span data-ccp-props=\"{}\">\u00a0<\/span><\/p>\n<p><span data-contrast=\"auto\">Liikutaan monipuolisesti\u202fkoulun liikuntasalissa, koulun pihalla ja koulun l\u00e4hiymp\u00e4rist\u00f6ss\u00e4. Kehitet\u00e4\u00e4n motorisia perustaitoja sek\u00e4 vahvistetaan sosiaalisia taitoja.\u202fHarjoitellaan\u202fyhdess\u00e4 pelaamista ja leikkimist\u00e4, reilun pelin s\u00e4\u00e4nt\u00f6j\u00e4, tunteiden s\u00e4\u00e4tely\u00e4 sek\u00e4 turvallista toimintaa.\u202fLis\u00e4ksi valinnaisen liikunnan tavoitteena on tarjota mahdollisuuksia syventy\u00e4\u202flajeihin koululiikuntatuntia syv\u00e4llisemmin sek\u00e4 tarjota mahdollisuuksia uusiin lajikokeiluihin.\u202f\u202fTavoitteena on lis\u00e4t\u00e4 oppilaiden kiinnostusta liikuntaa sek\u00e4 terveellisi\u00e4 el\u00e4m\u00e4ntapoja kohtaan.\u202fOppituntien sis\u00e4lt\u00f6jen suunnitteluun osallistuu\u202fmy\u00f6s oppilaat.\u202fOppilaiden aikaisemmat lajitaustat otetaan opetuksessa huomioon siten, ett\u00e4 halukkaat oppilaat p\u00e4\u00e4sev\u00e4t my\u00f6s mukaan ohjaamaan ja opettamaan lajiharjoitteita muille.\u202f<\/span><span data-ccp-props=\"{}\">\u00a0<\/span><\/p>\n<p><b><span data-contrast=\"auto\">Luontokasvatus<\/span><\/b><span data-ccp-props=\"{}\">\u00a0<\/span><\/p>\n<p><span data-contrast=\"auto\">Luontokasvatuksen valinnaisaineessa tutustutaan monipuolisesti l\u00e4hiymp\u00e4rist\u00f6\u00f6n, retkeilyyn\u202fja luontoon\u202feri vuodenaikoina. Tavoitteena on vahvistaa oppilaiden luontosuhdetta ja\u202ftarjota nautinnollisia kokemuksia luonnossa.\u202fLis\u00e4ksi harjoitellaan retkeilytaitoja, kuten turvallista liikkumista luonnossa ja luonnon kunnioittamista. Harjoitellaan\u202ferilaisia k\u00e4yt\u00e4nn\u00f6llisi\u00e4 solmuja, joita er\u00e4retkeilij\u00e4 tai veneilij\u00e4\u202fvoi tarvita. K\u00e4yd\u00e4\u00e4n mets\u00e4ss\u00e4 leikkim\u00e4ss\u00e4 ja opetellaan kunnioittamaan luontoa mm. tiedostamalla jokaisen oikeudet.<\/span><span data-ccp-props=\"{}\">\u00a0<\/span><\/p>\n<p><span data-ccp-props=\"{}\">\u00a0<\/span><\/p>\n<p><b><span data-contrast=\"auto\">TIEDE JA TEKNOLOGIA:<\/span><\/b><span data-ccp-props=\"{}\">\u00a0<\/span><\/p>\n<p><b><span data-contrast=\"auto\">Matemaattinen ajattelu\u00a0<\/span><\/b><span data-ccp-props=\"{}\">\u00a0<\/span><\/p>\n<p><span data-contrast=\"auto\">Harjoitellaan mm. s\u00e4\u00e4nn\u00f6nmukaisuuksien ja todenn\u00e4k\u00f6isyyksien ymm\u00e4rt\u00e4mist\u00e4, ongelmanratkaisutaitoa, p\u00e4\u00e4ttely\u00e4 ja pohditaan syit\u00e4 ja seurauksia. Tunneilla voidaan esimerkiksi tutustua ohjelmointiin, ratkaista pulmateht\u00e4vi\u00e4, harjoitella esitt\u00e4m\u00e4\u00e4n erilaisia tuloksia kuvioiden avulla ja keskustella matematiikasta. Harjoituksia tehd\u00e4\u00e4n yksin sek\u00e4 yhdess\u00e4.<\/span><span data-ccp-props=\"{}\">\u00a0<\/span><\/p>\n<p><b><span data-contrast=\"auto\">Tiede ja historia<\/span><\/b><span data-ccp-props=\"{}\">\u00a0<\/span><\/p>\n<p><span data-contrast=\"auto\">Tutkii menneisyytt\u00e4 analyyttisesti ja kriittisesti erilaisten l\u00e4hteiden\u00a0 ja n\u00e4k\u00f6kulmien avulla. Tavoitteena on, ymm\u00e4rt\u00e4\u00e4 nykyisyyden ja menneisyyden yhteytt\u00e4.\u00a0 Lis\u00e4ksi tunneilla pyrit\u00e4\u00e4n ymm\u00e4rt\u00e4m\u00e4\u00e4n menneit\u00e4 tapahtumia ja ilmi\u00f6it\u00e4 syv\u00e4llisemmin: keksint\u00f6jen kautta tieteen saavutuksiin.\u00a0 Oppilas p\u00e4\u00e4see keksim\u00e4\u00e4n uutta. Tunneilla harjoituksia tehd\u00e4\u00e4n yksin ja yhdess\u00e4.<\/span><span data-ccp-props=\"{}\">\u00a0<\/span><\/p>\n","protected":false},"excerpt":{"rendered":"<p>Hepokullan koulun tarjoamat valinnaisaineet lukuvuodelle 2026-27\u00a0 KIELET JA VAIKUTTAMINEN:\u00a0 Kieli- ja kulttuurimaistiaiset\u00a0 Valinnaisaineessa tutustutaan eri kieliin ja kulttuureihin pintapuolisesti. Oppilaat saavat vaikuttaa siihen, mit\u00e4 kieli\u00e4 ja kulttuureita valitaan tutustuttavaksi lukuvuoden aikana. Voidaan esimerkiksi harjoitella \u00e4\u00e4nt\u00e4mist\u00e4, perussanastoa ja itsest\u00e4 kertomista kohdekielell\u00e4 sek\u00e4 tehd\u00e4 esitelmi\u00e4 eri maista ja kielist\u00e4.\u202fMahdollisuuksien mukaan hy\u00f6dynnet\u00e4\u00e4n\u202fmy\u00f6s musiikkia ja taidetta eri kielist\u00e4\u202fsek\u00e4\u202fkulttuureista ja\u202foppilaat &hellip; <a href=\"https:\/\/blog.edu.turku.fi\/hepokulta\/valinnaisaineet\/\" class=\"more-link\">Jatka lukemista<span class=\"screen-reader-text\"> &#8221;Valinnaisaineet&#8221;<\/span><\/a><\/p>\n","protected":false},"author":3093,"featured_media":0,"parent":0,"menu_order":0,"comment_status":"closed","ping_status":"closed","template":"","meta":{"footnotes":""},"class_list":["post-956","page","type-page","status-publish","hentry"],"_links":{"self":[{"href":"https:\/\/blog.edu.turku.fi\/hepokulta\/wp-json\/wp\/v2\/pages\/956","targetHints":{"allow":["GET"]}}],"collection":[{"href":"https:\/\/blog.edu.turku.fi\/hepokulta\/wp-json\/wp\/v2\/pages"}],"about":[{"href":"https:\/\/blog.edu.turku.fi\/hepokulta\/wp-json\/wp\/v2\/types\/page"}],"author":[{"embeddable":true,"href":"https:\/\/blog.edu.turku.fi\/hepokulta\/wp-json\/wp\/v2\/users\/3093"}],"replies":[{"embeddable":true,"href":"https:\/\/blog.edu.turku.fi\/hepokulta\/wp-json\/wp\/v2\/comments?post=956"}],"version-history":[{"count":1,"href":"https:\/\/blog.edu.turku.fi\/hepokulta\/wp-json\/wp\/v2\/pages\/956\/revisions"}],"predecessor-version":[{"id":957,"href":"https:\/\/blog.edu.turku.fi\/hepokulta\/wp-json\/wp\/v2\/pages\/956\/revisions\/957"}],"wp:attachment":[{"href":"https:\/\/blog.edu.turku.fi\/hepokulta\/wp-json\/wp\/v2\/media?parent=956"}],"curies":[{"name":"wp","href":"https:\/\/api.w.org\/{rel}","templated":true}]}}