{"id":891,"date":"2025-05-13T14:29:24","date_gmt":"2025-05-13T11:29:24","guid":{"rendered":"https:\/\/blog.edu.turku.fi\/hepokulta\/?page_id=891"},"modified":"2025-05-13T14:29:24","modified_gmt":"2025-05-13T11:29:24","slug":"kouluruokailu","status":"publish","type":"page","link":"https:\/\/blog.edu.turku.fi\/hepokulta\/kouluruokailu\/","title":{"rendered":"Kouluruokailu"},"content":{"rendered":"<p>Kouluruokailun teht\u00e4v\u00e4n\u00e4 on oppilaiden terveen kasvun ja kehityksen, opiskelukyvyn sek\u00e4 ruokaosaamisen tukeminen. Ateria nautitaan tarkoituksenmukaisesti j\u00e4rjestetyn ja ohjatun ruokailun aikana. Kouluruokailun j\u00e4rjest\u00e4misess\u00e4 otetaan huomioon ruokailun terveydellinen, sosiaalinen ja kulttuurinen merkitys. (L\u00e4hde: <a href=\"https:\/\/www.oph.fi\/fi\/kouluruokailu\">Kouluruokailu | Opetushallitus<\/a>)<\/p>\n<p><a href=\"https:\/\/blog.edu.turku.fi\/hepokulta\/files\/2025\/05\/HEP_kouluruokailu.png\"><img loading=\"lazy\" decoding=\"async\" class=\"alignnone size-large wp-image-888\" src=\"https:\/\/blog.edu.turku.fi\/hepokulta\/files\/2025\/05\/HEP_kouluruokailu-1024x724.png\" alt=\"\" width=\"1024\" height=\"724\" srcset=\"https:\/\/blog.edu.turku.fi\/hepokulta\/files\/2025\/05\/HEP_kouluruokailu.png 1024w, https:\/\/blog.edu.turku.fi\/hepokulta\/files\/2025\/05\/HEP_kouluruokailu-300x212.png 300w\" sizes=\"auto, (max-width: 709px) 85vw, (max-width: 909px) 67vw, (max-width: 1362px) 62vw, 840px\" \/><\/a><\/p>\n","protected":false},"excerpt":{"rendered":"<p>Kouluruokailun teht\u00e4v\u00e4n\u00e4 on oppilaiden terveen kasvun ja kehityksen, opiskelukyvyn sek\u00e4 ruokaosaamisen tukeminen. Ateria nautitaan tarkoituksenmukaisesti j\u00e4rjestetyn ja ohjatun ruokailun aikana. Kouluruokailun j\u00e4rjest\u00e4misess\u00e4 otetaan huomioon ruokailun terveydellinen, sosiaalinen ja kulttuurinen merkitys. (L\u00e4hde: Kouluruokailu | Opetushallitus)<\/p>\n","protected":false},"author":3443,"featured_media":0,"parent":0,"menu_order":0,"comment_status":"closed","ping_status":"closed","template":"","meta":{"footnotes":""},"class_list":["post-891","page","type-page","status-publish","hentry"],"_links":{"self":[{"href":"https:\/\/blog.edu.turku.fi\/hepokulta\/wp-json\/wp\/v2\/pages\/891","targetHints":{"allow":["GET"]}}],"collection":[{"href":"https:\/\/blog.edu.turku.fi\/hepokulta\/wp-json\/wp\/v2\/pages"}],"about":[{"href":"https:\/\/blog.edu.turku.fi\/hepokulta\/wp-json\/wp\/v2\/types\/page"}],"author":[{"embeddable":true,"href":"https:\/\/blog.edu.turku.fi\/hepokulta\/wp-json\/wp\/v2\/users\/3443"}],"replies":[{"embeddable":true,"href":"https:\/\/blog.edu.turku.fi\/hepokulta\/wp-json\/wp\/v2\/comments?post=891"}],"version-history":[{"count":1,"href":"https:\/\/blog.edu.turku.fi\/hepokulta\/wp-json\/wp\/v2\/pages\/891\/revisions"}],"predecessor-version":[{"id":892,"href":"https:\/\/blog.edu.turku.fi\/hepokulta\/wp-json\/wp\/v2\/pages\/891\/revisions\/892"}],"wp:attachment":[{"href":"https:\/\/blog.edu.turku.fi\/hepokulta\/wp-json\/wp\/v2\/media?parent=891"}],"curies":[{"name":"wp","href":"https:\/\/api.w.org\/{rel}","templated":true}]}}