{"id":866,"date":"2025-05-13T08:58:14","date_gmt":"2025-05-13T05:58:14","guid":{"rendered":"https:\/\/blog.edu.turku.fi\/hepokulta\/?page_id=866"},"modified":"2025-05-13T14:01:24","modified_gmt":"2025-05-13T11:01:24","slug":"koulun-yhteisollinen-opiskeluhuolto","status":"publish","type":"page","link":"https:\/\/blog.edu.turku.fi\/hepokulta\/koulun-yhteisollinen-opiskeluhuolto\/","title":{"rendered":"Koulun yhteis\u00f6llinen opiskeluhuolto"},"content":{"rendered":"<p style=\"font-weight: 400\">Yhteis\u00f6llisell\u00e4 opiskeluhuollolla tarkoitetaan toimintakulttuuria, joka edist\u00e4\u00e4 lasten, oppilaiden ja opiskelijoiden<\/p>\n<ul>\n<li style=\"font-weight: 400\">oppimista<\/li>\n<li>terveytt\u00e4 ja hyvinvointia<\/li>\n<li>sosiaalista vastuullisuutta<\/li>\n<li>vuorovaikutusta<\/li>\n<li>osallisuutta<\/li>\n<li>ymp\u00e4rist\u00f6n terveellisyytt\u00e4, turvallisuutta ja esteett\u00f6myytt\u00e4.<\/li>\n<\/ul>\n<p style=\"font-weight: 400\">Yhteis\u00f6llinen opiskeluhuoltoty\u00f6 kuuluu kaikille esiopetuksen, koulun ja oppilaitoksen toimijoille. Yhteis\u00f6llist\u00e4 opiskeluhuoltoa toteutetaan<a href=\"https:\/\/ah.turku.fi\/kaoplksj\/2024\/0613005x\/Images\/2312130.pdf\"> koulutuksen j\u00e4rjest\u00e4j\u00e4kohtaisen opiskeluhuoltosuunnitelman<\/a> mukaisesti. (L\u00e4hde: <a href=\"https:\/\/www.oph.fi\/fi\/koulutus-ja-tutkinnot\/opiskeluhuolto\">Opiskeluhuolto | Opetushallitus<\/a>)<\/p>\n<p>Tutustu\u00a0<a href=\"https:\/\/blog.edu.turku.fi\/hepokulta\/files\/2025\/05\/Hepokullan_koulun_KORvuosikello_2025_2026-1.pdf\">Hepokullan koulun KOR-vuosikelloon<\/a><a href=\"https:\/\/blog.edu.turku.fi\/hepokulta\/files\/2025\/05\/Hepokullan-koulun-yhteisollinen-opiskeluhuolto-1.png\"><br \/>\n<img loading=\"lazy\" decoding=\"async\" class=\"alignnone size-large wp-image-867\" src=\"https:\/\/blog.edu.turku.fi\/hepokulta\/files\/2025\/05\/Hepokullan-koulun-yhteisollinen-opiskeluhuolto-1-724x1024.png\" alt=\"\" width=\"724\" height=\"1024\" srcset=\"https:\/\/blog.edu.turku.fi\/hepokulta\/files\/2025\/05\/Hepokullan-koulun-yhteisollinen-opiskeluhuolto-1-724x1024.png 724w, https:\/\/blog.edu.turku.fi\/hepokulta\/files\/2025\/05\/Hepokullan-koulun-yhteisollinen-opiskeluhuolto-1-212x300.png 212w, https:\/\/blog.edu.turku.fi\/hepokulta\/files\/2025\/05\/Hepokullan-koulun-yhteisollinen-opiskeluhuolto-1.png 1587w\" sizes=\"auto, (max-width: 724px) 85vw, 724px\" \/><\/a><\/p>\n","protected":false},"excerpt":{"rendered":"<p>Yhteis\u00f6llisell\u00e4 opiskeluhuollolla tarkoitetaan toimintakulttuuria, joka edist\u00e4\u00e4 lasten, oppilaiden ja opiskelijoiden oppimista terveytt\u00e4 ja hyvinvointia sosiaalista vastuullisuutta vuorovaikutusta osallisuutta ymp\u00e4rist\u00f6n terveellisyytt\u00e4, turvallisuutta ja esteett\u00f6myytt\u00e4. Yhteis\u00f6llinen opiskeluhuoltoty\u00f6 kuuluu kaikille esiopetuksen, koulun ja oppilaitoksen toimijoille. Yhteis\u00f6llist\u00e4 opiskeluhuoltoa toteutetaan koulutuksen j\u00e4rjest\u00e4j\u00e4kohtaisen opiskeluhuoltosuunnitelman mukaisesti. (L\u00e4hde: Opiskeluhuolto | Opetushallitus) Tutustu\u00a0Hepokullan koulun KOR-vuosikelloon<\/p>\n","protected":false},"author":3443,"featured_media":0,"parent":0,"menu_order":0,"comment_status":"closed","ping_status":"closed","template":"","meta":{"footnotes":""},"class_list":["post-866","page","type-page","status-publish","hentry"],"_links":{"self":[{"href":"https:\/\/blog.edu.turku.fi\/hepokulta\/wp-json\/wp\/v2\/pages\/866","targetHints":{"allow":["GET"]}}],"collection":[{"href":"https:\/\/blog.edu.turku.fi\/hepokulta\/wp-json\/wp\/v2\/pages"}],"about":[{"href":"https:\/\/blog.edu.turku.fi\/hepokulta\/wp-json\/wp\/v2\/types\/page"}],"author":[{"embeddable":true,"href":"https:\/\/blog.edu.turku.fi\/hepokulta\/wp-json\/wp\/v2\/users\/3443"}],"replies":[{"embeddable":true,"href":"https:\/\/blog.edu.turku.fi\/hepokulta\/wp-json\/wp\/v2\/comments?post=866"}],"version-history":[{"count":5,"href":"https:\/\/blog.edu.turku.fi\/hepokulta\/wp-json\/wp\/v2\/pages\/866\/revisions"}],"predecessor-version":[{"id":883,"href":"https:\/\/blog.edu.turku.fi\/hepokulta\/wp-json\/wp\/v2\/pages\/866\/revisions\/883"}],"wp:attachment":[{"href":"https:\/\/blog.edu.turku.fi\/hepokulta\/wp-json\/wp\/v2\/media?parent=866"}],"curies":[{"name":"wp","href":"https:\/\/api.w.org\/{rel}","templated":true}]}}