{"id":842,"date":"2025-04-23T11:22:57","date_gmt":"2025-04-23T08:22:57","guid":{"rendered":"https:\/\/blog.edu.turku.fi\/hepokulta\/?page_id=842"},"modified":"2025-05-13T09:28:10","modified_gmt":"2025-05-13T06:28:10","slug":"opiskeluhuolto","status":"publish","type":"page","link":"https:\/\/blog.edu.turku.fi\/hepokulta\/opiskeluhuolto\/","title":{"rendered":"Opiskeluhuolto"},"content":{"rendered":"<p>Opiskeluhuollolla tarkoitetaan lapsen, oppilaan ja opiskelijan hyv\u00e4n oppimisen, psyykkisen ja fyysisen terveyden sek\u00e4 sosiaalisen hyvinvoinnin edist\u00e4mist\u00e4 ja yll\u00e4pit\u00e4mist\u00e4 sek\u00e4 niiden edellytyksi\u00e4 lis\u00e4\u00e4v\u00e4\u00e4 toimintaa esiopetus-, koulu- ja oppilaitosyhteis\u00f6ss\u00e4. Opiskeluhuoltoty\u00f6t\u00e4 ohjaa lapsen edun ensisijaisuus ja h\u00e4nen hyvinvointinsa edist\u00e4minen. Opiskeluhuolto jaetaan yhteis\u00f6lliseen ja yksil\u00f6kohtaiseen opiskeluhuoltoon.<\/p>\n<p style=\"font-weight: 400\">Yhteis\u00f6llisell\u00e4 opiskeluhuollolla tarkoitetaan toimintakulttuuria, joka edist\u00e4\u00e4 lasten, oppilaiden ja opiskelijoiden oppimista, terveytt\u00e4 ja hyvinvointia, sosiaalista vastuullisuutta, vuorovaikutusta, osallisuutta, ymp\u00e4rist\u00f6n terveellisyytt\u00e4, turvallisuutta ja esteett\u00f6myytt\u00e4.<\/p>\n<p>Yksil\u00f6kohtaiseen opiskeluhuoltoon sis\u00e4ltyv\u00e4t koulu- ja opiskeluterveydenhuollon palvelut sek\u00e4 kuraattori- ja psykologipalvelut. Siihen kuuluu my\u00f6s monialainen asiantuntijaryhm\u00e4, joka kootaan tapauskohtaisesti lapsen, oppilaan tai opiskelijan tueksi. Yksil\u00f6kohtainen opiskeluhuolto perustuu aina vapaaehtoisuuteen ja sen toteuttaminen edellytt\u00e4\u00e4 suostumusta. (L\u00e4hde: <a href=\"https:\/\/www.oph.fi\/fi\/koulutus-ja-tutkinnot\/opiskeluhuolto\">Opiskeluhuolto | Opetushallitus<\/a>)<\/p>\n<p>Hepokullan koulun yksil\u00f6kohtaiseen opiskeluhuoltoon liittyvien tahojen <a href=\"https:\/\/blog.edu.turku.fi\/hepokulta\/yhteystiedot\/\">yhteystiedot l\u00f6yd\u00e4t t\u00e4\u00e4lt\u00e4<\/a>!<\/p>\n<p>&nbsp;<\/p>\n","protected":false},"excerpt":{"rendered":"<p>Opiskeluhuollolla tarkoitetaan lapsen, oppilaan ja opiskelijan hyv\u00e4n oppimisen, psyykkisen ja fyysisen terveyden sek\u00e4 sosiaalisen hyvinvoinnin edist\u00e4mist\u00e4 ja yll\u00e4pit\u00e4mist\u00e4 sek\u00e4 niiden edellytyksi\u00e4 lis\u00e4\u00e4v\u00e4\u00e4 toimintaa esiopetus-, koulu- ja oppilaitosyhteis\u00f6ss\u00e4. Opiskeluhuoltoty\u00f6t\u00e4 ohjaa lapsen edun ensisijaisuus ja h\u00e4nen hyvinvointinsa edist\u00e4minen. Opiskeluhuolto jaetaan yhteis\u00f6lliseen ja yksil\u00f6kohtaiseen opiskeluhuoltoon. Yhteis\u00f6llisell\u00e4 opiskeluhuollolla tarkoitetaan toimintakulttuuria, joka edist\u00e4\u00e4 lasten, oppilaiden ja opiskelijoiden oppimista, terveytt\u00e4 ja &hellip; <a href=\"https:\/\/blog.edu.turku.fi\/hepokulta\/opiskeluhuolto\/\" class=\"more-link\">Jatka lukemista<span class=\"screen-reader-text\"> &#8221;Opiskeluhuolto&#8221;<\/span><\/a><\/p>\n","protected":false},"author":3443,"featured_media":0,"parent":0,"menu_order":0,"comment_status":"closed","ping_status":"closed","template":"","meta":{"footnotes":""},"class_list":["post-842","page","type-page","status-publish","hentry"],"_links":{"self":[{"href":"https:\/\/blog.edu.turku.fi\/hepokulta\/wp-json\/wp\/v2\/pages\/842","targetHints":{"allow":["GET"]}}],"collection":[{"href":"https:\/\/blog.edu.turku.fi\/hepokulta\/wp-json\/wp\/v2\/pages"}],"about":[{"href":"https:\/\/blog.edu.turku.fi\/hepokulta\/wp-json\/wp\/v2\/types\/page"}],"author":[{"embeddable":true,"href":"https:\/\/blog.edu.turku.fi\/hepokulta\/wp-json\/wp\/v2\/users\/3443"}],"replies":[{"embeddable":true,"href":"https:\/\/blog.edu.turku.fi\/hepokulta\/wp-json\/wp\/v2\/comments?post=842"}],"version-history":[{"count":6,"href":"https:\/\/blog.edu.turku.fi\/hepokulta\/wp-json\/wp\/v2\/pages\/842\/revisions"}],"predecessor-version":[{"id":880,"href":"https:\/\/blog.edu.turku.fi\/hepokulta\/wp-json\/wp\/v2\/pages\/842\/revisions\/880"}],"wp:attachment":[{"href":"https:\/\/blog.edu.turku.fi\/hepokulta\/wp-json\/wp\/v2\/media?parent=842"}],"curies":[{"name":"wp","href":"https:\/\/api.w.org\/{rel}","templated":true}]}}