{"id":831,"date":"2025-04-23T10:31:04","date_gmt":"2025-04-23T07:31:04","guid":{"rendered":"https:\/\/blog.edu.turku.fi\/hepokulta\/?page_id=831"},"modified":"2025-04-23T10:32:21","modified_gmt":"2025-04-23T07:32:21","slug":"oppitunnit-ja-siirtymat","status":"publish","type":"page","link":"https:\/\/blog.edu.turku.fi\/hepokulta\/oppitunnit-ja-siirtymat\/","title":{"rendered":"Oppitunnit ja siirtym\u00e4t"},"content":{"rendered":"<p>Hepokullan koulussa opiskellaan kolmessa eri rakennuksessa. Rakennukset ovat p\u00e4\u00e4koulu, puukoulu sek\u00e4 ABC-koulu. Jokaisessa rakennuksessa on omanlaisia erityispiirteit\u00e4, mutta opiskeluun ja siirtymiin liittyv\u00e4t toimintaperiaatteet- ja ohjeet ovat kaikissa rakennuksissa samat.<\/p>\n<p><a href=\"https:\/\/blog.edu.turku.fi\/hepokulta\/files\/2025\/04\/toimintaohjeet_2024_2025.png\"><img loading=\"lazy\" decoding=\"async\" class=\"alignnone wp-image-832\" src=\"https:\/\/blog.edu.turku.fi\/hepokulta\/files\/2025\/04\/toimintaohjeet_2024_2025-300x212.png\" alt=\"\" width=\"702\" height=\"496\" srcset=\"https:\/\/blog.edu.turku.fi\/hepokulta\/files\/2025\/04\/toimintaohjeet_2024_2025-300x212.png 300w, https:\/\/blog.edu.turku.fi\/hepokulta\/files\/2025\/04\/toimintaohjeet_2024_2025.png 1024w\" sizes=\"auto, (max-width: 702px) 85vw, 702px\" \/><\/a><\/p>\n","protected":false},"excerpt":{"rendered":"<p>Hepokullan koulussa opiskellaan kolmessa eri rakennuksessa. Rakennukset ovat p\u00e4\u00e4koulu, puukoulu sek\u00e4 ABC-koulu. Jokaisessa rakennuksessa on omanlaisia erityispiirteit\u00e4, mutta opiskeluun ja siirtymiin liittyv\u00e4t toimintaperiaatteet- ja ohjeet ovat kaikissa rakennuksissa samat.<\/p>\n","protected":false},"author":3443,"featured_media":0,"parent":0,"menu_order":0,"comment_status":"closed","ping_status":"closed","template":"","meta":{"footnotes":""},"class_list":["post-831","page","type-page","status-publish","hentry"],"_links":{"self":[{"href":"https:\/\/blog.edu.turku.fi\/hepokulta\/wp-json\/wp\/v2\/pages\/831","targetHints":{"allow":["GET"]}}],"collection":[{"href":"https:\/\/blog.edu.turku.fi\/hepokulta\/wp-json\/wp\/v2\/pages"}],"about":[{"href":"https:\/\/blog.edu.turku.fi\/hepokulta\/wp-json\/wp\/v2\/types\/page"}],"author":[{"embeddable":true,"href":"https:\/\/blog.edu.turku.fi\/hepokulta\/wp-json\/wp\/v2\/users\/3443"}],"replies":[{"embeddable":true,"href":"https:\/\/blog.edu.turku.fi\/hepokulta\/wp-json\/wp\/v2\/comments?post=831"}],"version-history":[{"count":2,"href":"https:\/\/blog.edu.turku.fi\/hepokulta\/wp-json\/wp\/v2\/pages\/831\/revisions"}],"predecessor-version":[{"id":836,"href":"https:\/\/blog.edu.turku.fi\/hepokulta\/wp-json\/wp\/v2\/pages\/831\/revisions\/836"}],"wp:attachment":[{"href":"https:\/\/blog.edu.turku.fi\/hepokulta\/wp-json\/wp\/v2\/media?parent=831"}],"curies":[{"name":"wp","href":"https:\/\/api.w.org\/{rel}","templated":true}]}}