{"id":812,"date":"2025-04-23T09:52:32","date_gmt":"2025-04-23T06:52:32","guid":{"rendered":"https:\/\/blog.edu.turku.fi\/hepokulta\/?page_id=812"},"modified":"2025-08-20T10:29:25","modified_gmt":"2025-08-20T07:29:25","slug":"valitunnit","status":"publish","type":"page","link":"https:\/\/blog.edu.turku.fi\/hepokulta\/valitunnit\/","title":{"rendered":"V\u00e4litunnit"},"content":{"rendered":"<p>Hepokullan koulun piha on jaettu eri alueisiin. Jokaiselle alueelle on laadittu yhteisty\u00f6ss\u00e4 oppilaiden kanssa s\u00e4\u00e4nn\u00f6t.<\/p>\n<p><a href=\"https:\/\/blog.edu.turku.fi\/hepokulta\/files\/2025\/04\/Hepokullan-koulun-valituntialue-2.png\"><img loading=\"lazy\" decoding=\"async\" class=\"alignnone wp-image-813\" src=\"https:\/\/blog.edu.turku.fi\/hepokulta\/files\/2025\/04\/Hepokullan-koulun-valituntialue-2-300x169.png\" alt=\"\" width=\"696\" height=\"392\" srcset=\"https:\/\/blog.edu.turku.fi\/hepokulta\/files\/2025\/04\/Hepokullan-koulun-valituntialue-2-300x169.png 300w, https:\/\/blog.edu.turku.fi\/hepokulta\/files\/2025\/04\/Hepokullan-koulun-valituntialue-2.png 1024w\" sizes=\"auto, (max-width: 696px) 85vw, 696px\" \/><\/a><\/p>\n<p><strong>V\u00e4lituntialueiden s\u00e4\u00e4nn\u00f6t<\/strong><\/p>\n<p>V\u00e4lituntialueet sek\u00e4 niihin liittyv\u00e4t mukavat puuhat sek\u00e4 s\u00e4\u00e4nn\u00f6t luotu yhteisty\u00f6ss\u00e4 Hepokullan koulun oppilaskunnan hallituksen kanssa lukuvuonna 2024-2025.<\/p>\n<p><a href=\"https:\/\/www.canva.com\/design\/DAGwlyue_6A\/fPY5nuLY1a4o98Mrras3Zw\/view?utm_content=DAGwlyue_6A&amp;utm_campaign=designshare&amp;utm_medium=link2&amp;utm_source=uniquelinks&amp;utlId=hb72c028d7b\">Tarkemmat s\u00e4\u00e4nn\u00f6t n\u00e4et t\u00e4\u00e4lt\u00e4!<\/a><\/p>\n","protected":false},"excerpt":{"rendered":"<p>Hepokullan koulun piha on jaettu eri alueisiin. Jokaiselle alueelle on laadittu yhteisty\u00f6ss\u00e4 oppilaiden kanssa s\u00e4\u00e4nn\u00f6t. V\u00e4lituntialueiden s\u00e4\u00e4nn\u00f6t V\u00e4lituntialueet sek\u00e4 niihin liittyv\u00e4t mukavat puuhat sek\u00e4 s\u00e4\u00e4nn\u00f6t luotu yhteisty\u00f6ss\u00e4 Hepokullan koulun oppilaskunnan hallituksen kanssa lukuvuonna 2024-2025. Tarkemmat s\u00e4\u00e4nn\u00f6t n\u00e4et t\u00e4\u00e4lt\u00e4!<\/p>\n","protected":false},"author":3443,"featured_media":0,"parent":0,"menu_order":0,"comment_status":"closed","ping_status":"closed","template":"","meta":{"footnotes":""},"class_list":["post-812","page","type-page","status-publish","hentry"],"_links":{"self":[{"href":"https:\/\/blog.edu.turku.fi\/hepokulta\/wp-json\/wp\/v2\/pages\/812","targetHints":{"allow":["GET"]}}],"collection":[{"href":"https:\/\/blog.edu.turku.fi\/hepokulta\/wp-json\/wp\/v2\/pages"}],"about":[{"href":"https:\/\/blog.edu.turku.fi\/hepokulta\/wp-json\/wp\/v2\/types\/page"}],"author":[{"embeddable":true,"href":"https:\/\/blog.edu.turku.fi\/hepokulta\/wp-json\/wp\/v2\/users\/3443"}],"replies":[{"embeddable":true,"href":"https:\/\/blog.edu.turku.fi\/hepokulta\/wp-json\/wp\/v2\/comments?post=812"}],"version-history":[{"count":16,"href":"https:\/\/blog.edu.turku.fi\/hepokulta\/wp-json\/wp\/v2\/pages\/812\/revisions"}],"predecessor-version":[{"id":924,"href":"https:\/\/blog.edu.turku.fi\/hepokulta\/wp-json\/wp\/v2\/pages\/812\/revisions\/924"}],"wp:attachment":[{"href":"https:\/\/blog.edu.turku.fi\/hepokulta\/wp-json\/wp\/v2\/media?parent=812"}],"curies":[{"name":"wp","href":"https:\/\/api.w.org\/{rel}","templated":true}]}}