{"id":808,"date":"2025-04-23T09:21:59","date_gmt":"2025-04-23T06:21:59","guid":{"rendered":"https:\/\/blog.edu.turku.fi\/hepokulta\/?page_id=808"},"modified":"2025-04-23T09:21:59","modified_gmt":"2025-04-23T06:21:59","slug":"koulun-arki","status":"publish","type":"page","link":"https:\/\/blog.edu.turku.fi\/hepokulta\/koulun-arki\/","title":{"rendered":"Koulun arki"},"content":{"rendered":"<p>Koulun arki koostuu monista erilaisista hetkist\u00e4. Yhteist\u00e4 n\u00e4ille kaikille hetkille on se, ett\u00e4 niiden tulee tukea lapset kasvua ja oppimista.<\/p>\n<div>Koulun hyv\u00e4 ja turvallinen arki on kaikille mahdollista, kun oppilaat ja henkil\u00f6st\u00f6 voivat hyvin, tuntevat olonsa turvalliseksi ja voivat keskitty\u00e4 oppimiseen ja ty\u00f6ntekoon rauhassa.<\/div>\n<div><\/div>\n<div>Hyv\u00e4 ja turvallinen arki koostuu mm:<\/div>\n<div><\/div>\n<div><strong>Fyysinen turvallisuus<\/strong><\/div>\n<ul>\n<li>Koulurakennus ja sen ymp\u00e4rist\u00f6 ovat kunnossa ja turvallisia.<\/li>\n<li>Koulussa harjoitellaan s\u00e4\u00e4nn\u00f6llisesti poistumisharjoituksia ja muita turvallisuusk\u00e4yt\u00e4nt\u00f6j\u00e4.<\/li>\n<li>Kouluun ei tuoda vaarallisia esineit\u00e4 tai aineita.<\/li>\n<\/ul>\n<div><strong>Psyykkinen turvallisuus<\/strong><\/div>\n<ul>\n<li>Jokainen oppilas saa olla oma itsens\u00e4 ilman pelkoa kiusaamisesta tai syrjinn\u00e4st\u00e4.<\/li>\n<li>Aikuiset puuttuvat kiusaamiseen heti ja johdonmukaisesti.<\/li>\n<li>Oppilailla on turvallinen aikuinen, jolle voi puhua huolistaan.<\/li>\n<\/ul>\n<div><strong>Sosiaalinen hyvinvointi<\/strong><\/div>\n<ul>\n<li>Koulu tukee yhteis\u00f6llisyytt\u00e4: tehd\u00e4\u00e4n yhdess\u00e4 asioita, pidet\u00e4\u00e4n yll\u00e4 hyv\u00e4\u00e4 ilmapiiri\u00e4.<\/li>\n<li>Oppilaat kokevat kuuluvansa joukkoon ja ett\u00e4 heit\u00e4 arvostetaan.<\/li>\n<li>Oppilaiden osallisuus: he voivat vaikuttaa koulun asioihin esimerkiksi oppilaskunnan tai luokkakeskustelujen kautta.<\/li>\n<\/ul>\n<div><\/div>\n<div><strong>Selke\u00e4 rakenne ja ennakoitavuus<\/strong><\/div>\n<ul>\n<li>Kouluarki on s\u00e4\u00e4nn\u00f6llist\u00e4: selke\u00e4t lukuj\u00e4rjestykset, toimivat k\u00e4yt\u00e4nn\u00f6t ja reilut s\u00e4\u00e4nn\u00f6t.<\/li>\n<li>Tunnit alkavat ja loppuvat ajallaan ja rauhallisesti.<\/li>\n<li>Oppilaille kerrotaan selke\u00e4sti, mit\u00e4 heilt\u00e4 odotetaan.<\/li>\n<\/ul>\n<div><strong>Yhteisty\u00f6 kodin ja koulun v\u00e4lill\u00e4<\/strong><\/div>\n<ul>\n<li>Vanhemmat ja huoltajat ovat mukana tukemassa koulunk\u00e4ynti\u00e4.<\/li>\n<li>Koulu viestii avoimesti ja s\u00e4\u00e4nn\u00f6llisesti kodin suuntaan.<\/li>\n<li>Yhteisty\u00f6ll\u00e4 ehk\u00e4ist\u00e4\u00e4n ongelmia ja tuetaan oppilaan hyvinvointia.<\/li>\n<\/ul>\n","protected":false},"excerpt":{"rendered":"<p>Koulun arki koostuu monista erilaisista hetkist\u00e4. Yhteist\u00e4 n\u00e4ille kaikille hetkille on se, ett\u00e4 niiden tulee tukea lapset kasvua ja oppimista. Koulun hyv\u00e4 ja turvallinen arki on kaikille mahdollista, kun oppilaat ja henkil\u00f6st\u00f6 voivat hyvin, tuntevat olonsa turvalliseksi ja voivat keskitty\u00e4 oppimiseen ja ty\u00f6ntekoon rauhassa. Hyv\u00e4 ja turvallinen arki koostuu mm: Fyysinen turvallisuus Koulurakennus ja sen &hellip; <a href=\"https:\/\/blog.edu.turku.fi\/hepokulta\/koulun-arki\/\" class=\"more-link\">Jatka lukemista<span class=\"screen-reader-text\"> &#8221;Koulun arki&#8221;<\/span><\/a><\/p>\n","protected":false},"author":3443,"featured_media":0,"parent":0,"menu_order":0,"comment_status":"closed","ping_status":"closed","template":"","meta":{"footnotes":""},"class_list":["post-808","page","type-page","status-publish","hentry"],"_links":{"self":[{"href":"https:\/\/blog.edu.turku.fi\/hepokulta\/wp-json\/wp\/v2\/pages\/808","targetHints":{"allow":["GET"]}}],"collection":[{"href":"https:\/\/blog.edu.turku.fi\/hepokulta\/wp-json\/wp\/v2\/pages"}],"about":[{"href":"https:\/\/blog.edu.turku.fi\/hepokulta\/wp-json\/wp\/v2\/types\/page"}],"author":[{"embeddable":true,"href":"https:\/\/blog.edu.turku.fi\/hepokulta\/wp-json\/wp\/v2\/users\/3443"}],"replies":[{"embeddable":true,"href":"https:\/\/blog.edu.turku.fi\/hepokulta\/wp-json\/wp\/v2\/comments?post=808"}],"version-history":[{"count":1,"href":"https:\/\/blog.edu.turku.fi\/hepokulta\/wp-json\/wp\/v2\/pages\/808\/revisions"}],"predecessor-version":[{"id":809,"href":"https:\/\/blog.edu.turku.fi\/hepokulta\/wp-json\/wp\/v2\/pages\/808\/revisions\/809"}],"wp:attachment":[{"href":"https:\/\/blog.edu.turku.fi\/hepokulta\/wp-json\/wp\/v2\/media?parent=808"}],"curies":[{"name":"wp","href":"https:\/\/api.w.org\/{rel}","templated":true}]}}