{"id":752,"date":"2024-12-05T12:30:36","date_gmt":"2024-12-05T10:30:36","guid":{"rendered":"https:\/\/blog.edu.turku.fi\/hepokulta\/?page_id=752"},"modified":"2025-08-25T13:09:16","modified_gmt":"2025-08-25T10:09:16","slug":"esittely","status":"publish","type":"page","link":"https:\/\/blog.edu.turku.fi\/hepokulta\/","title":{"rendered":"Esittely"},"content":{"rendered":"<p>Hepokullan koulu on turkulainen alakoulu, jossa opiskelee perusopetuksen luokat 1-6.<br \/>\nHepokullan koulussa on yleisopetuksen luokkia, erityisluokkia sek\u00e4 kaksi valmistavan opetuksen luokkaa. Hepokullan koulu koostuu kolmesta rakennuksesta. Koulun tiloissa j\u00e4rjestet\u00e4\u00e4n sek\u00e4 aamu- ett\u00e4 iltap\u00e4iv\u00e4toimintaa. T\u00e4m\u00e4n lis\u00e4ksi yhdess\u00e4 rakennuksessa toimii kaksi esiopetusryhm\u00e4\u00e4.<\/p>\n<p>Lukuvuonna 2025-2026 Hepokullan koulussa opiskelee l\u00e4hes 550 oppilasta ja koulussa on 28 opetusryhm\u00e4\u00e4. Osa oppilaista puhuu \u00e4idinkielen\u00e4\u00e4n muuta kuin suomen kielt\u00e4. Opettajia koulussa on 34, koulunk\u00e4ynninohjaajia 15. Hallinnosta vastaavat rehtori, vararehtori ja koulusihteeri.<\/p>\n<p>Hepokullan koulussa puhelimet, kellopuhelimet ja \u00e4lykellot ovat \u00e4\u00e4nett\u00f6m\u00e4n\u00e4 repussa koulup\u00e4iv\u00e4n ajan, ellei asiasta ole erikseen sovittu opettajan kanssa.<br \/>\nOlemme herkuton koulu, eli emme tuo karkkia, sipsi\u00e4, limuja tai mehuja kouluun.<\/p>\n<p>Opiskeluhuoltohenkil\u00f6it\u00e4 ovat kouluterveydenhoitaja, koulukuraattori, koulupsykologi sek\u00e4 psykiatrinen sairaanhoitaja.<\/p>\n<p>Kiinteist\u00f6nhoidosta ja ruokapalveluista vastaavat Alltime Oy ja Kaarea Oy, siivouspalveluista ISS Palvelut.<\/p>\n<p>Koulun osoite on Varkkavuorenkatu 42 20320 Turku.<\/p>\n<h3>Ty\u00f6- ja loma-ajat<\/h3>\n<h2 id=\"anchor-lukuvuosi-2025-2026\" class=\"heading h2\">Lukuvuosi 2025\u20132026<\/h2>\n<div class=\"general\">\n<div class=\"wysiwyg text-long\">\n<h3>Syyslukukausi: to 7.8.- la 20.12.2025<\/h3>\n<ul>\n<li>Syysloma: ma 13.10. &#8211; pe 17.10.2025<br \/>\nSyysmarkkinat: la 27.9.2025<\/li>\n<li>Joululoma su 21.12.2025 &#8211; ti 6.1.2026<\/li>\n<\/ul>\n<h3>Kev\u00e4tlukukausi: ke 7.1.- la 30.5.2026<\/h3>\n<ul>\n<li>Talviloma: ma 16.2. &#8211; pe 20.2.2026<\/li>\n<li>P\u00e4\u00e4si\u00e4inen: pe 3.4. &#8211; ma 6.4.2026<\/li>\n<li>Syysmarkkinoista ansaittu vapaap\u00e4iv\u00e4: pe 15.5.2026<\/li>\n<\/ul>\n<\/div>\n<\/div>\n<ul>\n<li style=\"list-style-type: none\">Tulevien lukuvuosien ty\u00f6- ja loma-ajat n\u00e4et <a href=\"https:\/\/www.turku.fi\/perusopetus\/tyo-ja-loma-ajat-koulussa\">Turun kaupungin sivuilta<\/a>.<\/li>\n<\/ul>\n","protected":false},"excerpt":{"rendered":"<p>Hepokullan koulu on turkulainen alakoulu, jossa opiskelee perusopetuksen luokat 1-6. Hepokullan koulussa on yleisopetuksen luokkia, erityisluokkia sek\u00e4 kaksi valmistavan opetuksen luokkaa. Hepokullan koulu koostuu kolmesta rakennuksesta. Koulun tiloissa j\u00e4rjestet\u00e4\u00e4n sek\u00e4 aamu- ett\u00e4 iltap\u00e4iv\u00e4toimintaa. T\u00e4m\u00e4n lis\u00e4ksi yhdess\u00e4 rakennuksessa toimii kaksi esiopetusryhm\u00e4\u00e4. Lukuvuonna 2025-2026 Hepokullan koulussa opiskelee l\u00e4hes 550 oppilasta ja koulussa on 28 opetusryhm\u00e4\u00e4. Osa oppilaista &hellip; <a href=\"https:\/\/blog.edu.turku.fi\/hepokulta\/\" class=\"more-link\">Jatka lukemista<span class=\"screen-reader-text\"> &#8221;Esittely&#8221;<\/span><\/a><\/p>\n","protected":false},"author":3093,"featured_media":0,"parent":0,"menu_order":1,"comment_status":"closed","ping_status":"closed","template":"","meta":{"footnotes":""},"class_list":["post-752","page","type-page","status-publish","hentry"],"_links":{"self":[{"href":"https:\/\/blog.edu.turku.fi\/hepokulta\/wp-json\/wp\/v2\/pages\/752","targetHints":{"allow":["GET"]}}],"collection":[{"href":"https:\/\/blog.edu.turku.fi\/hepokulta\/wp-json\/wp\/v2\/pages"}],"about":[{"href":"https:\/\/blog.edu.turku.fi\/hepokulta\/wp-json\/wp\/v2\/types\/page"}],"author":[{"embeddable":true,"href":"https:\/\/blog.edu.turku.fi\/hepokulta\/wp-json\/wp\/v2\/users\/3093"}],"replies":[{"embeddable":true,"href":"https:\/\/blog.edu.turku.fi\/hepokulta\/wp-json\/wp\/v2\/comments?post=752"}],"version-history":[{"count":14,"href":"https:\/\/blog.edu.turku.fi\/hepokulta\/wp-json\/wp\/v2\/pages\/752\/revisions"}],"predecessor-version":[{"id":930,"href":"https:\/\/blog.edu.turku.fi\/hepokulta\/wp-json\/wp\/v2\/pages\/752\/revisions\/930"}],"wp:attachment":[{"href":"https:\/\/blog.edu.turku.fi\/hepokulta\/wp-json\/wp\/v2\/media?parent=752"}],"curies":[{"name":"wp","href":"https:\/\/api.w.org\/{rel}","templated":true}]}}