{"id":44,"date":"2014-09-15T14:41:42","date_gmt":"2014-09-15T11:41:42","guid":{"rendered":"https:\/\/blog.edu.turku.fi\/hepokulta\/?page_id=44"},"modified":"2025-04-23T09:06:18","modified_gmt":"2025-04-23T06:06:18","slug":"vanhempaintoimikunta","status":"publish","type":"page","link":"https:\/\/blog.edu.turku.fi\/hepokulta\/vanhempaintoimikunta\/","title":{"rendered":"Vanhempainyhdistys"},"content":{"rendered":"<p>Vanhempainyhdistys tukee Hepokullan koulun arkea.<\/p>\n<p>Vanhempainyhdistys osallistuu lukuvuoden aikana mm. 6.luokkalaisten j\u00e4rjest\u00e4miin discoihin ja kev\u00e4tmarkkinoihin. Ker\u00e4tyill\u00e4 varoilla on hankittu esimerkiksi liikunta- ja v\u00e4lituntiv\u00e4lineit\u00e4, rummut, mikrofonit ja todistuskansiot oppilaille.<\/p>\n<p>Lukuvuoden aikana j\u00e4rjestet\u00e4\u00e4n noin viisi kokousta. Olet tervetullut vaikka vain yhteen kokoukseen!<\/p>\n<p>J\u00e4senen\u00e4 osallistut niihin tapahtumiin, jotka sopivat aikatauluihisi. Kaikki apu on tervetullutta!<\/p>\n<p>Mik\u00e4li olet halukas osallistumaan vanhempainyhdistyksen toimintaan, voit olla yhteydess\u00e4 yhteysopettaja Saara M\u00e4lk\u00f6seen.<\/p>\n<p>&nbsp;<\/p>\n<p>&nbsp;<\/p>\n","protected":false},"excerpt":{"rendered":"<p>Vanhempainyhdistys tukee Hepokullan koulun arkea. Vanhempainyhdistys osallistuu lukuvuoden aikana mm. 6.luokkalaisten j\u00e4rjest\u00e4miin discoihin ja kev\u00e4tmarkkinoihin. Ker\u00e4tyill\u00e4 varoilla on hankittu esimerkiksi liikunta- ja v\u00e4lituntiv\u00e4lineit\u00e4, rummut, mikrofonit ja todistuskansiot oppilaille. Lukuvuoden aikana j\u00e4rjestet\u00e4\u00e4n noin viisi kokousta. Olet tervetullut vaikka vain yhteen kokoukseen! J\u00e4senen\u00e4 osallistut niihin tapahtumiin, jotka sopivat aikatauluihisi. Kaikki apu on tervetullutta! Mik\u00e4li olet halukas osallistumaan &hellip; <a href=\"https:\/\/blog.edu.turku.fi\/hepokulta\/vanhempaintoimikunta\/\" class=\"more-link\">Jatka lukemista<span class=\"screen-reader-text\"> &#8221;Vanhempainyhdistys&#8221;<\/span><\/a><\/p>\n","protected":false},"author":1370,"featured_media":0,"parent":0,"menu_order":0,"comment_status":"closed","ping_status":"closed","template":"","meta":{"footnotes":""},"class_list":["post-44","page","type-page","status-publish","hentry"],"_links":{"self":[{"href":"https:\/\/blog.edu.turku.fi\/hepokulta\/wp-json\/wp\/v2\/pages\/44","targetHints":{"allow":["GET"]}}],"collection":[{"href":"https:\/\/blog.edu.turku.fi\/hepokulta\/wp-json\/wp\/v2\/pages"}],"about":[{"href":"https:\/\/blog.edu.turku.fi\/hepokulta\/wp-json\/wp\/v2\/types\/page"}],"author":[{"embeddable":true,"href":"https:\/\/blog.edu.turku.fi\/hepokulta\/wp-json\/wp\/v2\/users\/1370"}],"replies":[{"embeddable":true,"href":"https:\/\/blog.edu.turku.fi\/hepokulta\/wp-json\/wp\/v2\/comments?post=44"}],"version-history":[{"count":57,"href":"https:\/\/blog.edu.turku.fi\/hepokulta\/wp-json\/wp\/v2\/pages\/44\/revisions"}],"predecessor-version":[{"id":742,"href":"https:\/\/blog.edu.turku.fi\/hepokulta\/wp-json\/wp\/v2\/pages\/44\/revisions\/742"}],"wp:attachment":[{"href":"https:\/\/blog.edu.turku.fi\/hepokulta\/wp-json\/wp\/v2\/media?parent=44"}],"curies":[{"name":"wp","href":"https:\/\/api.w.org\/{rel}","templated":true}]}}