{"id":35,"date":"2014-09-15T14:27:44","date_gmt":"2014-09-15T11:27:44","guid":{"rendered":"https:\/\/blog.edu.turku.fi\/hepokulta\/?page_id=35"},"modified":"2025-08-25T13:07:34","modified_gmt":"2025-08-25T10:07:34","slug":"oppilaskunta","status":"publish","type":"page","link":"https:\/\/blog.edu.turku.fi\/hepokulta\/oppilaskunta\/","title":{"rendered":"Oppilaskunta"},"content":{"rendered":"<p class=\"wilma\">Hepokullan koulun oppilaskunnan hallitus koostuu jokaisen luokan oppilasedustajasta. Jokaiselta luokalta on \u00e4\u00e4nestetty oma edustaja sek\u00e4 varaedustaja. Oppilaskunnan hallitus kokoontuu s\u00e4\u00e4nn\u00f6llisesti v\u00e4hint\u00e4\u00e4n kerran kuukaudessa.<\/p>\n<p class=\"wilma\">Oppilaskunta valitsee uuden hallituksen lukuvuoden alussa.<\/p>\n<p class=\"wilma\"><strong class=\"wilma\">Tarkoituksena on osallistaa oppilaita koulun toimintakulttuurin suunnittelussa, toteuttamisessa sek\u00e4 arvioinnissa. Oppilaskuntaty\u00f6skentely tutustuttaa lapsia vaikuttamiseen ja sen k\u00e4yt\u00e4nteisiin.\u00a0<\/strong><\/p>\n<p class=\"wilma\">Oppilaskuntaty\u00f6t\u00e4 ohjaavat opettajat Jutta Rimmi ja Kaisa Knuutila.<\/p>\n<p>&nbsp;<\/p>\n","protected":false},"excerpt":{"rendered":"<p>Hepokullan koulun oppilaskunnan hallitus koostuu jokaisen luokan oppilasedustajasta. Jokaiselta luokalta on \u00e4\u00e4nestetty oma edustaja sek\u00e4 varaedustaja. Oppilaskunnan hallitus kokoontuu s\u00e4\u00e4nn\u00f6llisesti v\u00e4hint\u00e4\u00e4n kerran kuukaudessa. Oppilaskunta valitsee uuden hallituksen lukuvuoden alussa. Tarkoituksena on osallistaa oppilaita koulun toimintakulttuurin suunnittelussa, toteuttamisessa sek\u00e4 arvioinnissa. Oppilaskuntaty\u00f6skentely tutustuttaa lapsia vaikuttamiseen ja sen k\u00e4yt\u00e4nteisiin.\u00a0 Oppilaskuntaty\u00f6t\u00e4 ohjaavat opettajat Jutta Rimmi ja Kaisa Knuutila. &nbsp;<\/p>\n","protected":false},"author":1370,"featured_media":0,"parent":0,"menu_order":0,"comment_status":"closed","ping_status":"closed","template":"","meta":{"footnotes":""},"class_list":["post-35","page","type-page","status-publish","hentry"],"_links":{"self":[{"href":"https:\/\/blog.edu.turku.fi\/hepokulta\/wp-json\/wp\/v2\/pages\/35","targetHints":{"allow":["GET"]}}],"collection":[{"href":"https:\/\/blog.edu.turku.fi\/hepokulta\/wp-json\/wp\/v2\/pages"}],"about":[{"href":"https:\/\/blog.edu.turku.fi\/hepokulta\/wp-json\/wp\/v2\/types\/page"}],"author":[{"embeddable":true,"href":"https:\/\/blog.edu.turku.fi\/hepokulta\/wp-json\/wp\/v2\/users\/1370"}],"replies":[{"embeddable":true,"href":"https:\/\/blog.edu.turku.fi\/hepokulta\/wp-json\/wp\/v2\/comments?post=35"}],"version-history":[{"count":19,"href":"https:\/\/blog.edu.turku.fi\/hepokulta\/wp-json\/wp\/v2\/pages\/35\/revisions"}],"predecessor-version":[{"id":928,"href":"https:\/\/blog.edu.turku.fi\/hepokulta\/wp-json\/wp\/v2\/pages\/35\/revisions\/928"}],"wp:attachment":[{"href":"https:\/\/blog.edu.turku.fi\/hepokulta\/wp-json\/wp\/v2\/media?parent=35"}],"curies":[{"name":"wp","href":"https:\/\/api.w.org\/{rel}","templated":true}]}}