{"id":324,"date":"2016-09-27T13:28:17","date_gmt":"2016-09-27T10:28:17","guid":{"rendered":"https:\/\/blog.edu.turku.fi\/hepokulta\/?page_id=324"},"modified":"2024-09-04T15:29:10","modified_gmt":"2024-09-04T12:29:10","slug":"liikkuva-koulu","status":"publish","type":"page","link":"https:\/\/blog.edu.turku.fi\/hepokulta\/liikkuva-koulu\/","title":{"rendered":"Liikkuva koulu"},"content":{"rendered":"<p><strong>Hepokullan koulu on osa Liikkuva koulu -hanketta lukuvuonna 2024-2025!<\/strong><\/p>\n<p>Liikkuvan koulun tavoitteena on mm. koulup\u00e4iv\u00e4n aikaisen toiminnan ja toimintaymp\u00e4rist\u00f6n kehitt\u00e4minen sek\u00e4 matalan kynnyksen liikunnan harrastetoiminnan kehitt\u00e4minen koulup\u00e4iviin ja niiden yhteyteen.<\/p>\n<p>Hepokullan koulu keskittyy hankkeessaan erityisesti v\u00e4lituntialueen ja -v\u00e4lineiden monipuolistamiseen.<\/p>\n<p>Hepokullan koulun liikunnanopetukseen tuodaan mausteita vaihtelevista lajikokeiluista, joita osittain tarjoaa Liikkuva koulu.<\/p>\n<p><strong>Hepokullan koulu kannustaa oppilaita liikkumaan k\u00e4vellen tai py\u00f6r\u00e4ll\u00e4 koulumatkat.<\/strong><\/p>\n<p class=\"wilma\">\n<p>Katso lis\u00e4\u00e4 <a href=\"http:\/\/www.liikkuvakoulu.fi\/\">http:\/\/www.liikkuvakoulu.fi\/<\/a><\/p>\n","protected":false},"excerpt":{"rendered":"<p>Hepokullan koulu on osa Liikkuva koulu -hanketta lukuvuonna 2024-2025! Liikkuvan koulun tavoitteena on mm. koulup\u00e4iv\u00e4n aikaisen toiminnan ja toimintaymp\u00e4rist\u00f6n kehitt\u00e4minen sek\u00e4 matalan kynnyksen liikunnan harrastetoiminnan kehitt\u00e4minen koulup\u00e4iviin ja niiden yhteyteen. Hepokullan koulu keskittyy hankkeessaan erityisesti v\u00e4lituntialueen ja -v\u00e4lineiden monipuolistamiseen. Hepokullan koulun liikunnanopetukseen tuodaan mausteita vaihtelevista lajikokeiluista, joita osittain tarjoaa Liikkuva koulu. Hepokullan koulu kannustaa oppilaita &hellip; <a href=\"https:\/\/blog.edu.turku.fi\/hepokulta\/liikkuva-koulu\/\" class=\"more-link\">Jatka lukemista<span class=\"screen-reader-text\"> &#8221;Liikkuva koulu&#8221;<\/span><\/a><\/p>\n","protected":false},"author":1370,"featured_media":0,"parent":0,"menu_order":6,"comment_status":"closed","ping_status":"closed","template":"","meta":{"footnotes":""},"class_list":["post-324","page","type-page","status-publish","hentry"],"_links":{"self":[{"href":"https:\/\/blog.edu.turku.fi\/hepokulta\/wp-json\/wp\/v2\/pages\/324","targetHints":{"allow":["GET"]}}],"collection":[{"href":"https:\/\/blog.edu.turku.fi\/hepokulta\/wp-json\/wp\/v2\/pages"}],"about":[{"href":"https:\/\/blog.edu.turku.fi\/hepokulta\/wp-json\/wp\/v2\/types\/page"}],"author":[{"embeddable":true,"href":"https:\/\/blog.edu.turku.fi\/hepokulta\/wp-json\/wp\/v2\/users\/1370"}],"replies":[{"embeddable":true,"href":"https:\/\/blog.edu.turku.fi\/hepokulta\/wp-json\/wp\/v2\/comments?post=324"}],"version-history":[{"count":12,"href":"https:\/\/blog.edu.turku.fi\/hepokulta\/wp-json\/wp\/v2\/pages\/324\/revisions"}],"predecessor-version":[{"id":744,"href":"https:\/\/blog.edu.turku.fi\/hepokulta\/wp-json\/wp\/v2\/pages\/324\/revisions\/744"}],"wp:attachment":[{"href":"https:\/\/blog.edu.turku.fi\/hepokulta\/wp-json\/wp\/v2\/media?parent=324"}],"curies":[{"name":"wp","href":"https:\/\/api.w.org\/{rel}","templated":true}]}}