{"id":22,"date":"2014-09-15T13:58:54","date_gmt":"2014-09-15T10:58:54","guid":{"rendered":"https:\/\/blog.edu.turku.fi\/hepokulta\/?page_id=22"},"modified":"2025-08-27T09:42:03","modified_gmt":"2025-08-27T06:42:03","slug":"yhteystiedot","status":"publish","type":"page","link":"https:\/\/blog.edu.turku.fi\/hepokulta\/yhteystiedot\/","title":{"rendered":"Yhteystiedot"},"content":{"rendered":"<p><strong>HEPOKULLAN KOULU\u00a0\u00a0 2024-2025<\/strong><br \/>\n<strong>osoite:\u00a0 Varkkavuorenkatu 42, 20320 Turku<\/strong><\/p>\n<p>s\u00e4hk\u00f6postiosoitteet:\u00a0<a href=\"mailto:etunimi.sukunimi@turku.fi\">etunimi.sukunimi@edu.turku.fi<\/a><\/p>\n<p><strong>KANSLIA<\/strong><\/p>\n<p><strong>Rehtori<\/strong> Roos Anu 044 753 1043<br \/>\n<strong>Vararehtori<\/strong> Saarni Emilia 040 726 3727<br \/>\n<strong>Koulusihteeri<\/strong> Puraja Pia 040 194 7051<\/p>\n<p><strong>OPISKELUHUOLTO<\/strong><\/p>\n<p><strong>Terveydenhoitaja<\/strong> Pajuniemi Tiina 040 352 7536<br \/>\n<strong>Koulukuraattori<\/strong> Laajalahti Tiina 050 432 3584\u00a0 \u00a0<a href=\"mailto:tiina.laajalahti@varha.fi\" data-linkindex=\"0\">tiina.laajalahti@varha.fi<\/a><br \/>\n<strong>Koulupsykologi<\/strong> Puurunen Stella 044 743 7543<br \/>\n<strong>Psykiatrinen sairaanhoitaja<\/strong> Sorri Jonna<br \/>\n<strong>Koulul\u00e4\u00e4k\u00e4ri<\/strong> Hakanen Maarit<\/p>\n<p><strong>APPE JA IPPE<\/strong><\/p>\n<p><strong>Aamup\u00e4iv\u00e4kerho<\/strong> APPE\u00a0 klo 7.30-9.00<br \/>\n<strong>Iltap\u00e4iv\u00e4kerho<\/strong> IPPE\u00a0 klo 11.00-17.00<br \/>\n<strong>Kirsi Salminen<\/strong> 040 148 9306<\/p>\n<p><strong>KIINTEIST\u00d6NHOITO JA KEITTI\u00d6<\/strong><\/p>\n<p><strong>Kiinteist\u00f6nhuolto<\/strong> 040 6811 848<br \/>\n<strong>Keitti\u00f6<\/strong> 040 189 3936<\/p>\n","protected":false},"excerpt":{"rendered":"<p>HEPOKULLAN KOULU\u00a0\u00a0 2024-2025 osoite:\u00a0 Varkkavuorenkatu 42, 20320 Turku s\u00e4hk\u00f6postiosoitteet:\u00a0etunimi.sukunimi@edu.turku.fi KANSLIA Rehtori Roos Anu 044 753 1043 Vararehtori Saarni Emilia 040 726 3727 Koulusihteeri Puraja Pia 040 194 7051 OPISKELUHUOLTO Terveydenhoitaja Pajuniemi Tiina 040 352 7536 Koulukuraattori Laajalahti Tiina 050 432 3584\u00a0 \u00a0tiina.laajalahti@varha.fi Koulupsykologi Puurunen Stella 044 743 7543 Psykiatrinen sairaanhoitaja Sorri Jonna Koulul\u00e4\u00e4k\u00e4ri Hakanen Maarit &hellip; <a href=\"https:\/\/blog.edu.turku.fi\/hepokulta\/yhteystiedot\/\" class=\"more-link\">Jatka lukemista<span class=\"screen-reader-text\"> &#8221;Yhteystiedot&#8221;<\/span><\/a><\/p>\n","protected":false},"author":1370,"featured_media":0,"parent":0,"menu_order":7,"comment_status":"closed","ping_status":"closed","template":"","meta":{"footnotes":""},"class_list":["post-22","page","type-page","status-publish","hentry"],"_links":{"self":[{"href":"https:\/\/blog.edu.turku.fi\/hepokulta\/wp-json\/wp\/v2\/pages\/22","targetHints":{"allow":["GET"]}}],"collection":[{"href":"https:\/\/blog.edu.turku.fi\/hepokulta\/wp-json\/wp\/v2\/pages"}],"about":[{"href":"https:\/\/blog.edu.turku.fi\/hepokulta\/wp-json\/wp\/v2\/types\/page"}],"author":[{"embeddable":true,"href":"https:\/\/blog.edu.turku.fi\/hepokulta\/wp-json\/wp\/v2\/users\/1370"}],"replies":[{"embeddable":true,"href":"https:\/\/blog.edu.turku.fi\/hepokulta\/wp-json\/wp\/v2\/comments?post=22"}],"version-history":[{"count":79,"href":"https:\/\/blog.edu.turku.fi\/hepokulta\/wp-json\/wp\/v2\/pages\/22\/revisions"}],"predecessor-version":[{"id":931,"href":"https:\/\/blog.edu.turku.fi\/hepokulta\/wp-json\/wp\/v2\/pages\/22\/revisions\/931"}],"wp:attachment":[{"href":"https:\/\/blog.edu.turku.fi\/hepokulta\/wp-json\/wp\/v2\/media?parent=22"}],"curies":[{"name":"wp","href":"https:\/\/api.w.org\/{rel}","templated":true}]}}