{"id":2,"date":"2014-09-15T10:21:39","date_gmt":"2014-09-15T07:21:39","guid":{"rendered":"https:\/\/blog.edu.turku.fi\/hepokulta\/?page_id=2"},"modified":"2025-08-25T13:05:20","modified_gmt":"2025-08-25T10:05:20","slug":"esimerkkisivu","status":"publish","type":"page","link":"https:\/\/blog.edu.turku.fi\/hepokulta\/esimerkkisivu\/","title":{"rendered":"Toimintaperiaatteet ja vuoden teema"},"content":{"rendered":"<p>Hepokullan koulun toimintaperiaatteina ovat kiireett\u00f6myys, joustavuus, hyv\u00e4t tavat, keskustelu, monipuolisuus, arjenhallinta, itseluottamus, avoimuus, toisten arvostaminen, yhteis\u00f6llisyys, vastuullisuus, tavoitteellisuus ja turvallisuus. Keskeisimp\u00e4n\u00e4 ty\u00f6tapana on avoin, rehellinen ja toisia kunnioittava vuorovaikutus.<\/p>\n<p>Hepokullan koulussa kasvatetaan lapsia, jotka ovat toisia arvostavia, huomioonottavia ja kunnioittavia. Oppilaat kantavat vastuunsa ja k\u00e4ytt\u00e4ytyv\u00e4t hyvin.<\/p>\n<p>Lukuvuoden 2025-2026 kantavina teemoina ovat hyvinvointi, turvallisuus ja perustaidot.<\/p>\n<p>Hepokullan koulussa pyrit\u00e4\u00e4n kehitt\u00e4m\u00e4\u00e4n yhteisty\u00f6t\u00e4 kaikilla osa-alueilla yleisen hyvinvoinnin kehitt\u00e4miseksi. Hepokullassa annamme aikaa ja mahdollisuuksia lukutaidon kehittymiselle sek\u00e4 pyrimme tarjoamaan monipuolisia mahdollisuuksia tutustua ja kokeilla erilaisia liikuntamuotoja koulup\u00e4ivien aikana.<\/p>\n<p>Koulumme toimintakulttuuri nojaa vahvasti Prokoulu-toimintamallin pohjalta kehitettyyn kivijalkaan.<\/p>\n<p><a href=\"https:\/\/blog.edu.turku.fi\/hepokulta\/files\/2025\/05\/Prokoulun_kivijalka.png\"><img loading=\"lazy\" decoding=\"async\" class=\"alignnone size-large wp-image-885\" src=\"https:\/\/blog.edu.turku.fi\/hepokulta\/files\/2025\/05\/Prokoulun_kivijalka-1024x724.png\" alt=\"\" width=\"1024\" height=\"724\" srcset=\"https:\/\/blog.edu.turku.fi\/hepokulta\/files\/2025\/05\/Prokoulun_kivijalka.png 1024w, https:\/\/blog.edu.turku.fi\/hepokulta\/files\/2025\/05\/Prokoulun_kivijalka-300x212.png 300w\" sizes=\"auto, (max-width: 709px) 85vw, (max-width: 909px) 67vw, (max-width: 1362px) 62vw, 840px\" \/><\/a><\/p>\n<p>&nbsp;<\/p>\n","protected":false},"excerpt":{"rendered":"<p>Hepokullan koulun toimintaperiaatteina ovat kiireett\u00f6myys, joustavuus, hyv\u00e4t tavat, keskustelu, monipuolisuus, arjenhallinta, itseluottamus, avoimuus, toisten arvostaminen, yhteis\u00f6llisyys, vastuullisuus, tavoitteellisuus ja turvallisuus. Keskeisimp\u00e4n\u00e4 ty\u00f6tapana on avoin, rehellinen ja toisia kunnioittava vuorovaikutus. Hepokullan koulussa kasvatetaan lapsia, jotka ovat toisia arvostavia, huomioonottavia ja kunnioittavia. Oppilaat kantavat vastuunsa ja k\u00e4ytt\u00e4ytyv\u00e4t hyvin. Lukuvuoden 2025-2026 kantavina teemoina ovat hyvinvointi, turvallisuus ja perustaidot. &hellip; <a href=\"https:\/\/blog.edu.turku.fi\/hepokulta\/esimerkkisivu\/\" class=\"more-link\">Jatka lukemista<span class=\"screen-reader-text\"> &#8221;Toimintaperiaatteet ja vuoden teema&#8221;<\/span><\/a><\/p>\n","protected":false},"author":1370,"featured_media":0,"parent":0,"menu_order":1,"comment_status":"closed","ping_status":"closed","template":"","meta":{"footnotes":""},"class_list":["post-2","page","type-page","status-publish","hentry"],"_links":{"self":[{"href":"https:\/\/blog.edu.turku.fi\/hepokulta\/wp-json\/wp\/v2\/pages\/2","targetHints":{"allow":["GET"]}}],"collection":[{"href":"https:\/\/blog.edu.turku.fi\/hepokulta\/wp-json\/wp\/v2\/pages"}],"about":[{"href":"https:\/\/blog.edu.turku.fi\/hepokulta\/wp-json\/wp\/v2\/types\/page"}],"author":[{"embeddable":true,"href":"https:\/\/blog.edu.turku.fi\/hepokulta\/wp-json\/wp\/v2\/users\/1370"}],"replies":[{"embeddable":true,"href":"https:\/\/blog.edu.turku.fi\/hepokulta\/wp-json\/wp\/v2\/comments?post=2"}],"version-history":[{"count":21,"href":"https:\/\/blog.edu.turku.fi\/hepokulta\/wp-json\/wp\/v2\/pages\/2\/revisions"}],"predecessor-version":[{"id":927,"href":"https:\/\/blog.edu.turku.fi\/hepokulta\/wp-json\/wp\/v2\/pages\/2\/revisions\/927"}],"wp:attachment":[{"href":"https:\/\/blog.edu.turku.fi\/hepokulta\/wp-json\/wp\/v2\/media?parent=2"}],"curies":[{"name":"wp","href":"https:\/\/api.w.org\/{rel}","templated":true}]}}