{"id":106,"date":"2015-08-13T13:05:24","date_gmt":"2015-08-13T10:05:24","guid":{"rendered":"https:\/\/blog.edu.turku.fi\/hepokulta\/?page_id=106"},"modified":"2025-08-28T14:51:01","modified_gmt":"2025-08-28T11:51:01","slug":"ippe","status":"publish","type":"page","link":"https:\/\/blog.edu.turku.fi\/hepokulta\/ippe\/","title":{"rendered":"IPPE ja APPE"},"content":{"rendered":"<p><span style=\"text-decoration: underline\"><strong>IPPE 2025-2026<\/strong><\/span><\/p>\n<p><strong>Hakeminen\u00a0<\/strong>Iltap\u00e4iv\u00e4toimintapaikkaa haetaan lukuvuodeksi kerrallaan. Toimintaan haetaan Wilma-j\u00e4rjestelm\u00e4n kautta.<\/p>\n<p>Hakulomakkeen voi tarvittaessa tulostaa Turun kaupungin internetsivuilta osoitteesta <a href=\"http:\/\/www.turku.fi\/ippe\">www.turku.fi\/ippe<\/a>. Hakulomakkeet on palautettava osoitteeseen Turun kaupunki, sivistystoimiala, perusopetuksen aamu- ja iltap\u00e4iv\u00e4toiminta, PL 355, 20101 Turku. Iltap\u00e4iv\u00e4toimintapaikan saamisesta ilmoitetaan s\u00e4hk\u00f6isesti Wilma-j\u00e4rjestelm\u00e4n kautta.<\/p>\n<p>&nbsp;<\/p>\n<p><strong>Hepokullan iltap\u00e4iv\u00e4toiminta 1.lk<\/strong> toimii koulun yhteydess\u00e4.<\/p>\n<ul>\n<li>Ippe sijaitsee Hepokullan koulun tiloissa PUU-koulun alakerrassa.<\/li>\n<li>Ippess\u00e4 lapsi voi viett\u00e4\u00e4 iltap\u00e4iv\u00e4ns\u00e4 turvallisen aikuisen valvonnassa.<\/li>\n<li>pit\u00e4\u00e4 sis\u00e4ll\u00e4\u00e4n vapaata leikki\u00e4 ja ohjattua toimintaa.<\/li>\n<li>tarjoillaan v\u00e4lipala.<\/li>\n<li>on auki p\u00e4ivitt\u00e4in kello 11.00\u201317.00.<\/li>\n<li>Ippen vakiohenkil\u00f6kunta 1.lk : Kirsi Salminen, Delia Helminen, Theresa Pouli, Sari Toiviainen, Kaja J\u00e4rv-V\u00e4is\u00e4nen, Maria Anttila ja Maarit Mantere<\/li>\n<li>Puhelinnumero : 040 148 9306<\/li>\n<\/ul>\n<p><em>Muistakaa ilmoittaa lapsen poissaoloista aina my\u00f6s iltap\u00e4iv\u00e4toimintaan.<\/em><\/p>\n<p>&nbsp;<\/p>\n<p>Lukuvuonna 24-25 <span style=\"text-decoration: underline\"><strong>Ippe 2.luokkalaisille<\/strong><\/span> toimii Puukoulun alakerrassa. Toimintaa j\u00e4rjest\u00e4\u00e4 TPS Juniorij\u00e4\u00e4kiekko ry ja ohjaajina ovat Anni Tuominen sek\u00e4 Suvi Kolehmainen ja Leo Lehtinen.<\/p>\n<p class=\"x_MsoNormal\">Puhelin: 040 645 3270<\/p>\n<p class=\"x_MsoNormal\">s-posti: <a href=\"mailto:anni@tps-juniorit.net\" target=\"_blank\" rel=\"noopener noreferrer\">anni@tps-juniorit.net<\/a><\/p>\n<p><strong><span style=\"text-decoration: underline\">APPE<\/span><\/strong><\/p>\n<p><strong>Hakeminen\u00a0\u00a0<\/strong>Aamup\u00e4iv\u00e4toimintapaikkaa haetaan lukuvuodeksi kerrallaan. Toimintaan haetaan Wilma-j\u00e4rjestelm\u00e4n kautta,\u00a0<a href=\"https:\/\/wilma.turku.fi\/\" target=\"_blank\" rel=\"noopener noreferrer\">https:\/\/wilma.turku.fi<\/a><\/p>\n<p>Hakulomakkeen voi tarvittaessa tulostaa Turun kaupungin internetsivuilta osoitteesta\u00a0<a href=\"http:\/\/www.turku.fi\/ippe\" target=\"_blank\" rel=\"noopener noreferrer\">www.turku.fi\/ippe<\/a>.Hakulomakkeet on palautettava osoitteeseen Turun kaupunki, sivistystoimiala, perusopetuksen aamu- ja iltap\u00e4iv\u00e4toiminta, PL 355, 20101 Turku. Iltap\u00e4iv\u00e4toimintapaikan saamisesta ilmoitetaan s\u00e4hk\u00f6isesti Wilma-j\u00e4rjestelm\u00e4n kautta.<\/p>\n<ul>\n<li>Hepokullan aamup\u00e4iv\u00e4toiminta toimii koulun yhteydess\u00e4 PUU-koulun alakerrassa.<\/li>\n<li>Aamup\u00e4iv\u00e4toiminta on tarkoitettu 1-2. luokkalaisille.<\/li>\n<li>Appess\u00e4 lapsi saa viett\u00e4\u00e4 aamunsa turvallisen aikuisen valvonnassa.<\/li>\n<li>Appe pit\u00e4\u00e4 sis\u00e4ll\u00e4\u00e4n vapaata leikki\u00e4 ja rauhallista her\u00e4ily\u00e4 p\u00e4iv\u00e4\u00e4n.<\/li>\n<li>Appeen saa halutessaan ottaa mukaan oman aamupalan.<\/li>\n<li>auki p\u00e4ivitt\u00e4in kello 7.30\u20139.00.<\/li>\n<li>puhelinnumero on 040\u00a0148 9306.<\/li>\n<li>Appen vakiohenkil\u00f6kunta: Theresa Pouli, Minerva Martikainen ja Venla Koistinen.<\/li>\n<\/ul>\n","protected":false},"excerpt":{"rendered":"<p>IPPE 2025-2026 Hakeminen\u00a0Iltap\u00e4iv\u00e4toimintapaikkaa haetaan lukuvuodeksi kerrallaan. Toimintaan haetaan Wilma-j\u00e4rjestelm\u00e4n kautta. Hakulomakkeen voi tarvittaessa tulostaa Turun kaupungin internetsivuilta osoitteesta www.turku.fi\/ippe. Hakulomakkeet on palautettava osoitteeseen Turun kaupunki, sivistystoimiala, perusopetuksen aamu- ja iltap\u00e4iv\u00e4toiminta, PL 355, 20101 Turku. Iltap\u00e4iv\u00e4toimintapaikan saamisesta ilmoitetaan s\u00e4hk\u00f6isesti Wilma-j\u00e4rjestelm\u00e4n kautta. &nbsp; Hepokullan iltap\u00e4iv\u00e4toiminta 1.lk toimii koulun yhteydess\u00e4. Ippe sijaitsee Hepokullan koulun tiloissa PUU-koulun alakerrassa. Ippess\u00e4 &hellip; <a href=\"https:\/\/blog.edu.turku.fi\/hepokulta\/ippe\/\" class=\"more-link\">Jatka lukemista<span class=\"screen-reader-text\"> &#8221;IPPE ja APPE&#8221;<\/span><\/a><\/p>\n","protected":false},"author":1370,"featured_media":0,"parent":0,"menu_order":3,"comment_status":"closed","ping_status":"closed","template":"","meta":{"footnotes":""},"class_list":["post-106","page","type-page","status-publish","hentry"],"_links":{"self":[{"href":"https:\/\/blog.edu.turku.fi\/hepokulta\/wp-json\/wp\/v2\/pages\/106","targetHints":{"allow":["GET"]}}],"collection":[{"href":"https:\/\/blog.edu.turku.fi\/hepokulta\/wp-json\/wp\/v2\/pages"}],"about":[{"href":"https:\/\/blog.edu.turku.fi\/hepokulta\/wp-json\/wp\/v2\/types\/page"}],"author":[{"embeddable":true,"href":"https:\/\/blog.edu.turku.fi\/hepokulta\/wp-json\/wp\/v2\/users\/1370"}],"replies":[{"embeddable":true,"href":"https:\/\/blog.edu.turku.fi\/hepokulta\/wp-json\/wp\/v2\/comments?post=106"}],"version-history":[{"count":29,"href":"https:\/\/blog.edu.turku.fi\/hepokulta\/wp-json\/wp\/v2\/pages\/106\/revisions"}],"predecessor-version":[{"id":932,"href":"https:\/\/blog.edu.turku.fi\/hepokulta\/wp-json\/wp\/v2\/pages\/106\/revisions\/932"}],"wp:attachment":[{"href":"https:\/\/blog.edu.turku.fi\/hepokulta\/wp-json\/wp\/v2\/media?parent=106"}],"curies":[{"name":"wp","href":"https:\/\/api.w.org\/{rel}","templated":true}]}}