{"id":97,"date":"2012-03-10T10:54:37","date_gmt":"2012-03-10T10:54:37","guid":{"rendered":"https:\/\/blog.edu.turku.fi\/hannunniittu\/?page_id=97"},"modified":"2026-03-19T09:07:39","modified_gmt":"2026-03-19T09:07:39","slug":"yhteystiedot","status":"publish","type":"page","link":"https:\/\/blog.edu.turku.fi\/hannunniittu\/yhteystiedot\/","title":{"rendered":"YHTEYSTIEDOT"},"content":{"rendered":"<h2><span style=\"color: #008000\"><strong>Hannunniitun koulun toimipisteet<\/strong><\/span><\/h2>\n<h3><strong>Hannunniitun yksikk\u00f6 (p\u00e4\u00e4koulu): <\/strong><\/h3>\n<ul>\n<li>Virmuntie 3, 20540 Turku<\/li>\n<li><a href=\"https:\/\/www.google.fi\/maps\/place\/Hannuniitun+Koulu\/@60.4540342,22.3092645,14.58z\/data=!4m5!3m4!1s0x0:0xbbc86ee185e93f39!8m2!3d60.457759!4d22.3247351\">Karttalinkki<\/a><\/li>\n<li><a href=\"https:\/\/blog.edu.turku.fi\/hannunniittu\/files\/2012\/03\/KAIKKI-RAKENNUKSET-JA-PIHA_MK200-muokattu4.pdf\">Virmuntie 3 rakennukset<\/a><\/li>\n<\/ul>\n<h3><strong>Halisten yksikk\u00f6:<\/strong><\/h3>\n<ul>\n<li>Paavinkatu 13, 20540 Turku (v\u00e4liaikaistilat p\u00e4\u00e4koulun peruskorjausten ajalla muutaman vuoden ajan)<\/li>\n<li><a href=\"https:\/\/share.google\/hpLlPy7PAeBIXvCJN\">Karttalinkki<\/a><\/li>\n<\/ul>\n<h3><strong>Kohmon yksikk\u00f6: <\/strong><\/h3>\n<ul>\n<li>Ritavuorenkuja 6, 20540 Turku<\/li>\n<li><a href=\"https:\/\/www.google.fi\/maps\/place\/Ritavuorenkuja+6,+20540+Turku\/@60.4576714,22.3338194,15.44z\/data=!4m5!3m4!1s0x468c76b463cfb0b3:0x2e6dc43cd9688f87!8m2!3d60.4583914!4d22.3470745\">Karttalinkki<\/a><\/li>\n<\/ul>\n<h2><strong><span style=\"color: #008000\">Hallinto<\/span>&nbsp;&nbsp;&nbsp; <\/strong><\/h2>\n<ul>\n<li><strong>Rehtori Timo Lehtinen <\/strong>0400 944 245&nbsp;<span style=\"color: #008000\">timo.lehtinen@edu.turku.fi<\/span><\/li>\n<li><strong>Apulaisrehtori Eva Aitasalo <\/strong>040 355 90 81 <span style=\"color: #008000\">eva.aitasalo@edu.turku.fi<\/span><\/li>\n<li><strong>Apulaisrehtori Sami Kluuskeri <\/strong>040 179 25 88 <span style=\"color: #008000\">sami.kluuskeri@edu.turku.fi<\/span><\/li>\n<li><span style=\"color: #000000\"><strong><strong>Koulusihteeri Marianne B\u00f6ckerman <\/strong><\/strong>044 907 5353 <span style=\"color: #008000\">marianne.bockerman@edu.turku.fi<\/span>&nbsp;<\/span><\/li>\n<\/ul>\n<h2><span style=\"color: #008000\"><a style=\"color: #008000\" href=\"https:\/\/blog.edu.turku.fi\/hannunniittu\/yhteystiedot\/yhteystiedot-isot-luokat\/\">Opettajat ja ohjaajat- isot luokat<\/a><\/span><\/h2>\n<h2><span style=\"color: #008000\"><a style=\"color: #008000\" href=\"https:\/\/blog.edu.turku.fi\/hannunniittu\/yhteystiedot\/yhteystiedot-pienluokat\/\">Opettajat ja ohjaajat &#8211; erityisluokat<\/a><\/span><\/h2>\n<h2><span style=\"color: #008000\"><strong>Oppilashuollon henkil\u00f6st\u00f6<br \/>\n<\/strong><\/span><\/h2>\n<ul>\n<li><strong>Kouluterveydenhoitaja Elina \u00c4ij\u00e4l\u00e4&nbsp;<\/strong> 044 907 3611 <span style=\"color: #008000\">elina.aijala@varha.fi<\/span> (yleisopetuksen luokat)<\/li>\n<li><strong>Kouluterveydenhoitaja Minna Rokka <\/strong>044 907 3332 <span style=\"color: #008000\">minna.rokka@varha.fi<\/span> (erityisluokat)&nbsp;<\/li>\n<li><strong>Koulupsykologi <\/strong><strong><strong>&nbsp;Tatu Erlin <\/strong><\/strong>040 135 3706<\/li>\n<li><strong>Koulukuraattori Anni Huttunen <\/strong>044 907 4112 <span style=\"color: #008000\">anni.huttunen@varha.fi<\/span><\/li>\n<li><strong>Psykiatrinen sairaanhoitaja Pia M\u00f6ls\u00e4&nbsp;<\/strong>044 907 4871&nbsp;<span style=\"color: #008000\">pia.molsa@varha.fi<\/span><\/li>\n<\/ul>\n<h2><span style=\"color: #008000\"><strong>Muut<\/strong><\/span><\/h2>\n<h3><strong>Aamu -ja iltap\u00e4iv\u00e4toiminta:<\/strong><\/h3>\n<h5><b style=\"font-family: 'Times New Roman', serif;font-size: medium\">Erityisluokat <\/b><span style=\"font-family: 'Times New Roman', serif;font-size: medium\">(omaa toimintaa)<\/span><\/h5>\n<ul>\n<li><span style=\"font-family: Times New Roman,serif;font-size: medium\">Vastaava ohjaaja Saija Jokinen 0405730286 <span style=\"color: #008000\">saija.jokinen@edu.turku.fi<\/span><\/span><\/li>\n<li><span style=\"font-family: Times New Roman,serif;font-size: medium\">APIP-toiminnan aikuisten yhteinen puhelinnumero 0449072351&nbsp;<\/span><\/li>\n<\/ul>\n<div><span style=\"font-family: Times New Roman,serif;font-size: medium\"><b>Isot luokat<\/b><\/span><\/div>\n<div>&nbsp;<\/div>\n<ul type=\"disc\">\n<li>Hannunniitun seurakuntatalo, Virmuntie 2, 0403417443<\/li>\n<li>Lanatien seurakuntakoti, Lanatie 4, 0403417442<\/li>\n<li>Jaanin seurakuntatalo, Karjakuja 75, 0403417630<\/li>\n<li>Turun ja Kaarinan seurakuntayhtym\u00e4n iltap\u00e4iv\u00e4toiminnasta vastaa varhaiskasvatuksen ohjaaja P\u00e4ivi Sillanp\u00e4\u00e4 0403417620 tai <a href=\"mailto:paivi.sillanpaa@evl.fi\" target=\"_blank\" rel=\"noopener noreferrer\" data-auth=\"NotApplicable\" data-linkindex=\"1\">paivi.sillanpaa@evl.fi<\/a><\/li>\n<\/ul>\n<div><span style=\"font-family: Times New Roman,serif;font-size: medium\"><b>Kohmo<\/b><\/span><\/div>\n<div>&nbsp;<\/div>\n<ul>\n<li><span style=\"font-family: Times New Roman,serif;font-size: medium\">Turku, kasvatus ja opetus, yhteyshenkil\u00f6 Jaana Uusitalo 040 154 7940 ja Sanna Lassila 0408435912<\/span><\/li>\n<\/ul>\n<h3><strong>Koulukuljetukset: <\/strong><\/h3>\n<ul>\n<li><strong>Johanna Kulmala<\/strong> 050 432 3512<\/li>\n<li><strong>Mira Hannula<\/strong>&nbsp;040 178 7086<\/li>\n<\/ul>\n<h3><strong>Kiinteist\u00f6nhoitaja:<\/strong><\/h3>\n<ul>\n<li><b>Mika Ala-Heikkil\u00e4&nbsp;<\/b>040 647 7087<\/li>\n<\/ul>\n<h3><strong>Koulukeitti\u00f6:<\/strong><\/h3>\n<ul>\n<li>040 562 9731<\/li>\n<\/ul>\n<h2 style=\"text-align: left\">&nbsp;<\/h2>\n<p>&nbsp;<\/p>\n","protected":false},"excerpt":{"rendered":"<p>Hannunniitun koulun toimipisteet Hannunniitun yksikk\u00f6 (p\u00e4\u00e4koulu): Virmuntie 3, 20540 Turku Karttalinkki Virmuntie 3 rakennukset Halisten yksikk\u00f6: Paavinkatu 13, 20540 Turku (v\u00e4liaikaistilat p\u00e4\u00e4koulun peruskorjausten ajalla muutaman vuoden ajan) Karttalinkki Kohmon yksikk\u00f6: Ritavuorenkuja 6, 20540 Turku Karttalinkki Hallinto&nbsp;&nbsp;&nbsp; Rehtori Timo Lehtinen 0400 944 245&nbsp;timo.lehtinen@edu.turku.fi Apulaisrehtori Eva Aitasalo 040 355 90 81 eva.aitasalo@edu.turku.fi Apulaisrehtori Sami Kluuskeri 040 179 &hellip; <a href=\"https:\/\/blog.edu.turku.fi\/hannunniittu\/yhteystiedot\/\" class=\"more-link\">Jatka lukemista<span class=\"screen-reader-text\"> &#8221;YHTEYSTIEDOT&#8221;<\/span><\/a><\/p>\n","protected":false},"author":48,"featured_media":0,"parent":0,"menu_order":3,"comment_status":"closed","ping_status":"closed","template":"","meta":{"ngg_post_thumbnail":0,"footnotes":""},"class_list":["post-97","page","type-page","status-publish","hentry"],"_links":{"self":[{"href":"https:\/\/blog.edu.turku.fi\/hannunniittu\/wp-json\/wp\/v2\/pages\/97","targetHints":{"allow":["GET"]}}],"collection":[{"href":"https:\/\/blog.edu.turku.fi\/hannunniittu\/wp-json\/wp\/v2\/pages"}],"about":[{"href":"https:\/\/blog.edu.turku.fi\/hannunniittu\/wp-json\/wp\/v2\/types\/page"}],"author":[{"embeddable":true,"href":"https:\/\/blog.edu.turku.fi\/hannunniittu\/wp-json\/wp\/v2\/users\/48"}],"replies":[{"embeddable":true,"href":"https:\/\/blog.edu.turku.fi\/hannunniittu\/wp-json\/wp\/v2\/comments?post=97"}],"version-history":[{"count":160,"href":"https:\/\/blog.edu.turku.fi\/hannunniittu\/wp-json\/wp\/v2\/pages\/97\/revisions"}],"predecessor-version":[{"id":2453,"href":"https:\/\/blog.edu.turku.fi\/hannunniittu\/wp-json\/wp\/v2\/pages\/97\/revisions\/2453"}],"wp:attachment":[{"href":"https:\/\/blog.edu.turku.fi\/hannunniittu\/wp-json\/wp\/v2\/media?parent=97"}],"curies":[{"name":"wp","href":"https:\/\/api.w.org\/{rel}","templated":true}]}}