{"id":944,"date":"2015-08-28T18:33:57","date_gmt":"2015-08-28T18:33:57","guid":{"rendered":"https:\/\/blog.edu.turku.fi\/hannunniittu\/?page_id=944"},"modified":"2025-12-03T11:31:44","modified_gmt":"2025-12-03T11:31:44","slug":"lomakkeet","status":"publish","type":"page","link":"https:\/\/blog.edu.turku.fi\/hannunniittu\/lomakkeet\/","title":{"rendered":"LOMAKKEET"},"content":{"rendered":"<h3><strong>Huoltajat<\/strong><\/h3>\n<ul>\n<li><a href=\"https:\/\/blog.edu.turku.fi\/hannunniittu\/files\/2016\/09\/kerhohakulomake-syksy-2016-HAN.doc\">Aamu ja- iltap\u00e4iv\u00e4kerhon hakulomake<\/a><\/li>\n<li><a href=\"https:\/\/www.turku.fi\/perusopetus\/kouluun-ilmoittautuminen#anchor-koulupaikan-hakeminen-muusta-kuin-lahikoulusta\">Hakemus muuhun kuin omaan l\u00e4hikouluun<\/a><\/li>\n<li><a href=\"https:\/\/blog.edu.turku.fi\/hannunniittu\/files\/2015\/08\/oppilaan_nimen_ja_kuvan_julkaisuoikeus.pdf\">Oppilaan nimen ja kuvan julkaisuoikeus<\/a><\/li>\n<li><a href=\"https:\/\/blog.edu.turku.fi\/hannunniittu\/files\/2016\/09\/oppilaan-esiityminen-tiedotusv\u00e4lineiss\u00e4.doc\">Oppilaan esiintyminen tiedotusv\u00e4lineiss\u00e4<\/a><\/li>\n<\/ul>\n<h3><strong>Henkil\u00f6st\u00f6<\/strong><\/h3>\n<ul>\n<li><a href=\"https:\/\/blog.edu.turku.fi\/hannunniittu\/files\/2015\/08\/Osittainen_virka-ja_tyovapaa.docx\">Osittainen virka-ja ty\u00f6vapaa-anomus<\/a><\/li>\n<li><a href=\"https:\/\/blog.edu.turku.fi\/hannunniittu\/files\/2015\/08\/liite_anomukseen_palkallisen_poissaolon_saamiseksi.docx\">Liite anomukseen palkallisen poissaolon saamiseksi oman lapsen sairastuessa<\/a><\/li>\n<li><a href=\"https:\/\/blog.edu.turku.fi\/hannunniittu\/files\/2016\/09\/Tapaturmalomake-Opetustoimi.docx\">Tapaturma tai uhkatilanne koulussa<\/a><\/li>\n<li><a href=\"https:\/\/blog.edu.turku.fi\/hannunniittu\/files\/2016\/09\/Retkiev\u00e4stilaus.pdf\">Retkiev\u00e4stilaus<\/a><\/li>\n<li><a href=\"https:\/\/blog.edu.turku.fi\/hannunniittu\/files\/2016\/09\/koulkop.doc\">Koulun ulkopuolisen kouluty\u00f6n toimintasuunnitelma<\/a><\/li>\n<\/ul>\n","protected":false},"excerpt":{"rendered":"<p>Huoltajat Aamu ja- iltap\u00e4iv\u00e4kerhon hakulomake Hakemus muuhun kuin omaan l\u00e4hikouluun Oppilaan nimen ja kuvan julkaisuoikeus Oppilaan esiintyminen tiedotusv\u00e4lineiss\u00e4 Henkil\u00f6st\u00f6 Osittainen virka-ja ty\u00f6vapaa-anomus Liite anomukseen palkallisen poissaolon saamiseksi oman lapsen sairastuessa Tapaturma tai uhkatilanne koulussa Retkiev\u00e4stilaus Koulun ulkopuolisen kouluty\u00f6n toimintasuunnitelma<\/p>\n","protected":false},"author":1026,"featured_media":0,"parent":0,"menu_order":0,"comment_status":"closed","ping_status":"closed","template":"","meta":{"ngg_post_thumbnail":0,"footnotes":""},"class_list":["post-944","page","type-page","status-publish","hentry"],"_links":{"self":[{"href":"https:\/\/blog.edu.turku.fi\/hannunniittu\/wp-json\/wp\/v2\/pages\/944","targetHints":{"allow":["GET"]}}],"collection":[{"href":"https:\/\/blog.edu.turku.fi\/hannunniittu\/wp-json\/wp\/v2\/pages"}],"about":[{"href":"https:\/\/blog.edu.turku.fi\/hannunniittu\/wp-json\/wp\/v2\/types\/page"}],"author":[{"embeddable":true,"href":"https:\/\/blog.edu.turku.fi\/hannunniittu\/wp-json\/wp\/v2\/users\/1026"}],"replies":[{"embeddable":true,"href":"https:\/\/blog.edu.turku.fi\/hannunniittu\/wp-json\/wp\/v2\/comments?post=944"}],"version-history":[{"count":26,"href":"https:\/\/blog.edu.turku.fi\/hannunniittu\/wp-json\/wp\/v2\/pages\/944\/revisions"}],"predecessor-version":[{"id":2445,"href":"https:\/\/blog.edu.turku.fi\/hannunniittu\/wp-json\/wp\/v2\/pages\/944\/revisions\/2445"}],"wp:attachment":[{"href":"https:\/\/blog.edu.turku.fi\/hannunniittu\/wp-json\/wp\/v2\/media?parent=944"}],"curies":[{"name":"wp","href":"https:\/\/api.w.org\/{rel}","templated":true}]}}