{"id":763,"date":"2014-09-18T18:20:26","date_gmt":"2014-09-18T18:20:26","guid":{"rendered":"https:\/\/blog.edu.turku.fi\/hannunniittu\/?page_id=763"},"modified":"2014-09-18T18:24:21","modified_gmt":"2014-09-18T18:24:21","slug":"yksilokohtainen-oppilashuolto","status":"publish","type":"page","link":"https:\/\/blog.edu.turku.fi\/hannunniittu\/oppilashuolto\/yksilokohtainen-oppilashuolto\/","title":{"rendered":"Yksil\u00f6kohtainen oppilashuolto"},"content":{"rendered":"<p>Yksil\u00f6kohtaisella oppilashuollolla tarkoitetaan oppilaalle annettavia kouluterveydenhuollon, psykologin ja kuraattorin palveluja sek\u00e4 yksitt\u00e4ist\u00e4 oppilasta koskevaa monialaista oppilashuoltoa.<\/p>\n<p>Yksil\u00f6kohtaisen oppilashuollon teht\u00e4v\u00e4n\u00e4 on selvitt\u00e4\u00e4 tuen tarpeet ja ohjata oppilas palveluiden piiriin. Se perustuu aina oppilaan tai huoltajan suostumukseen. Yksil\u00f6kohtaista oppilashuoltoa toteutetaan oppilaan, huoltajan, opettajan tai oppilashuoltohenkil\u00f6st\u00f6n aloitteesta.<\/p>\n<p>Yksil\u00f6kohtaisen oppilashuollon tavoitteena on seurata ja edist\u00e4\u00e4 oppilaan kokonaisvaltaista kehityst\u00e4, terveytt\u00e4, hyvinvointia ja oppimista. Varhainen tuen turvaaminen ja ongelmien ennaltaehk\u00e4isy ovat tehokkaimmat tukitoimet.<\/p>\n","protected":false},"excerpt":{"rendered":"<p>Yksil\u00f6kohtaisella oppilashuollolla tarkoitetaan oppilaalle annettavia kouluterveydenhuollon, psykologin ja kuraattorin palveluja sek\u00e4 yksitt\u00e4ist\u00e4 oppilasta koskevaa monialaista oppilashuoltoa. Yksil\u00f6kohtaisen oppilashuollon teht\u00e4v\u00e4n\u00e4 on selvitt\u00e4\u00e4 tuen tarpeet ja ohjata oppilas palveluiden piiriin. Se perustuu aina oppilaan tai huoltajan suostumukseen. Yksil\u00f6kohtaista oppilashuoltoa toteutetaan oppilaan, huoltajan, opettajan tai oppilashuoltohenkil\u00f6st\u00f6n aloitteesta. Yksil\u00f6kohtaisen oppilashuollon tavoitteena on seurata ja edist\u00e4\u00e4 oppilaan kokonaisvaltaista kehityst\u00e4, terveytt\u00e4, &hellip; <a href=\"https:\/\/blog.edu.turku.fi\/hannunniittu\/oppilashuolto\/yksilokohtainen-oppilashuolto\/\" class=\"more-link\">Jatka lukemista<span class=\"screen-reader-text\"> &#8221;Yksil\u00f6kohtainen oppilashuolto&#8221;<\/span><\/a><\/p>\n","protected":false},"author":109,"featured_media":0,"parent":744,"menu_order":0,"comment_status":"closed","ping_status":"closed","template":"","meta":{"ngg_post_thumbnail":0,"footnotes":""},"class_list":["post-763","page","type-page","status-publish","hentry"],"_links":{"self":[{"href":"https:\/\/blog.edu.turku.fi\/hannunniittu\/wp-json\/wp\/v2\/pages\/763","targetHints":{"allow":["GET"]}}],"collection":[{"href":"https:\/\/blog.edu.turku.fi\/hannunniittu\/wp-json\/wp\/v2\/pages"}],"about":[{"href":"https:\/\/blog.edu.turku.fi\/hannunniittu\/wp-json\/wp\/v2\/types\/page"}],"author":[{"embeddable":true,"href":"https:\/\/blog.edu.turku.fi\/hannunniittu\/wp-json\/wp\/v2\/users\/109"}],"replies":[{"embeddable":true,"href":"https:\/\/blog.edu.turku.fi\/hannunniittu\/wp-json\/wp\/v2\/comments?post=763"}],"version-history":[{"count":3,"href":"https:\/\/blog.edu.turku.fi\/hannunniittu\/wp-json\/wp\/v2\/pages\/763\/revisions"}],"predecessor-version":[{"id":766,"href":"https:\/\/blog.edu.turku.fi\/hannunniittu\/wp-json\/wp\/v2\/pages\/763\/revisions\/766"}],"up":[{"embeddable":true,"href":"https:\/\/blog.edu.turku.fi\/hannunniittu\/wp-json\/wp\/v2\/pages\/744"}],"wp:attachment":[{"href":"https:\/\/blog.edu.turku.fi\/hannunniittu\/wp-json\/wp\/v2\/media?parent=763"}],"curies":[{"name":"wp","href":"https:\/\/api.w.org\/{rel}","templated":true}]}}