{"id":753,"date":"2014-09-18T17:57:58","date_gmt":"2014-09-18T17:57:58","guid":{"rendered":"https:\/\/blog.edu.turku.fi\/hannunniittu\/?page_id=753"},"modified":"2021-09-21T09:45:36","modified_gmt":"2021-09-21T09:45:36","slug":"yhteisollinen-oppilashuolto","status":"publish","type":"page","link":"https:\/\/blog.edu.turku.fi\/hannunniittu\/oppilashuolto\/yhteisollinen-oppilashuolto\/","title":{"rendered":"Yhteis\u00f6llinen oppilashuolto"},"content":{"rendered":"<div style=\"color: #222222\">Yhteis\u00f6llisess\u00e4 oppilashuoltoty\u00f6ss\u00e4 seurataan, arvioidaan ja kehitet\u00e4\u00e4n kouluyhteis\u00f6n ja oppilasryhmien hyvinvointia. Lis\u00e4ksi huolehditaan kouluymp\u00e4rist\u00f6n terveellisyydest\u00e4, turvallisuudesta ja esteett\u00f6myydest\u00e4. Yhteis\u00f6llisten toimintatapojen kehitt\u00e4misess\u00e4 tehd\u00e4\u00e4n yhteisty\u00f6t\u00e4 oppilaiden, huoltajien sek\u00e4 muiden lasten ja nuorten hyvinvointia edist\u00e4vien viranomaisten ja toimijoiden kanssa.<\/div>\n<div style=\"color: #222222\">Oppilaiden ja huoltajien osallisuus ja kuulluksi tuleminen on yhteis\u00f6llisess\u00e4 oppilashuollossa t\u00e4rke\u00e4\u00e4 ja hyvinvointia vahvistavaa. Oppilaiden osallisuuden edist\u00e4minen on opetuksen j\u00e4rjest\u00e4j\u00e4n teht\u00e4v\u00e4. Oppilashuolto luo kouluyhteis\u00f6ss\u00e4 edellytyksi\u00e4 yhteenkuuluvuudelle, huolenpidolle ja avoimelle vuorovaikutukselle. Osallisuutta lis\u00e4\u00e4v\u00e4t toimintatavat edesauttavat my\u00f6s ongelmien ennalta ehk\u00e4isy\u00e4, niiden varhaista tunnistamista ja tarvittavan tuen j\u00e4rjest\u00e4mist\u00e4.<\/div>\n<div>&nbsp;<\/div>\n<div>Hannunniitun koulussa toimii kriisiryhm\u00e4, jonka teht\u00e4v\u00e4n\u00e4 on auttaa ja tukea oppilaita ja perheit\u00e4 erilaisissa kriiseiss\u00e4. Ryhm\u00e4\u00e4n kuuluu koulun rehtori, terveydenhoitajat, l\u00e4\u00e4k\u00e4ri, erityisopettajat, kuraattori, psykologi ja turvallisuusvastaava.<\/div>\n<div>&nbsp;<\/div>\n<h1 style=\"color: #222222\">TY\u00d6V\u00c4LINEIT\u00c4, TIETOA JA LINKKEJ\u00c4<\/h1>\n<div>\n<ul>\n<li><a href=\"https:\/\/blog.edu.turku.fi\/hannunniittu\/files\/2014\/09\/Hannunniitun-koulun-suunnitelma-kiusaamisen-ehk\u00e4isemiseksi-ja-selvitt\u00e4miseksi.pdf\">Hannunniitun koulun suunnitelma kiusaamisen ehk\u00e4isemiseksi ja selvitt\u00e4miseksi<\/a><\/li>\n<li><a href=\"http:\/\/yle.fi\/uutiset\/nuorten_kiusaaminen_whatsapp_syrjaytti_tekstiviestit\/7040997\" target=\"_blank\" rel=\"noopener\">Ajankohtaista tietoa&nbsp;nettikiusaamisesta<\/a> (hs.fi)<\/li>\n<li><a href=\"https:\/\/blog.edu.turku.fi\/hannunniittu\/files\/2021\/09\/Toimintaohjeita-akillisissa-kriisitilanteissa-KRIISISUUNNITELMA.pdf\">Toimintaohjeita \u00e4killisiss\u00e4 kriisitilanteissa KRIISISUUNNITELMA<\/a><\/li>\n<\/ul>\n<\/div>\n","protected":false},"excerpt":{"rendered":"<p>Yhteis\u00f6llisess\u00e4 oppilashuoltoty\u00f6ss\u00e4 seurataan, arvioidaan ja kehitet\u00e4\u00e4n kouluyhteis\u00f6n ja oppilasryhmien hyvinvointia. Lis\u00e4ksi huolehditaan kouluymp\u00e4rist\u00f6n terveellisyydest\u00e4, turvallisuudesta ja esteett\u00f6myydest\u00e4. Yhteis\u00f6llisten toimintatapojen kehitt\u00e4misess\u00e4 tehd\u00e4\u00e4n yhteisty\u00f6t\u00e4 oppilaiden, huoltajien sek\u00e4 muiden lasten ja nuorten hyvinvointia edist\u00e4vien viranomaisten ja toimijoiden kanssa. Oppilaiden ja huoltajien osallisuus ja kuulluksi tuleminen on yhteis\u00f6llisess\u00e4 oppilashuollossa t\u00e4rke\u00e4\u00e4 ja hyvinvointia vahvistavaa. Oppilaiden osallisuuden edist\u00e4minen on opetuksen j\u00e4rjest\u00e4j\u00e4n &hellip; <a href=\"https:\/\/blog.edu.turku.fi\/hannunniittu\/oppilashuolto\/yhteisollinen-oppilashuolto\/\" class=\"more-link\">Jatka lukemista<span class=\"screen-reader-text\"> &#8221;Yhteis\u00f6llinen oppilashuolto&#8221;<\/span><\/a><\/p>\n","protected":false},"author":109,"featured_media":0,"parent":744,"menu_order":0,"comment_status":"closed","ping_status":"closed","template":"","meta":{"ngg_post_thumbnail":0,"footnotes":""},"class_list":["post-753","page","type-page","status-publish","hentry"],"_links":{"self":[{"href":"https:\/\/blog.edu.turku.fi\/hannunniittu\/wp-json\/wp\/v2\/pages\/753","targetHints":{"allow":["GET"]}}],"collection":[{"href":"https:\/\/blog.edu.turku.fi\/hannunniittu\/wp-json\/wp\/v2\/pages"}],"about":[{"href":"https:\/\/blog.edu.turku.fi\/hannunniittu\/wp-json\/wp\/v2\/types\/page"}],"author":[{"embeddable":true,"href":"https:\/\/blog.edu.turku.fi\/hannunniittu\/wp-json\/wp\/v2\/users\/109"}],"replies":[{"embeddable":true,"href":"https:\/\/blog.edu.turku.fi\/hannunniittu\/wp-json\/wp\/v2\/comments?post=753"}],"version-history":[{"count":24,"href":"https:\/\/blog.edu.turku.fi\/hannunniittu\/wp-json\/wp\/v2\/pages\/753\/revisions"}],"predecessor-version":[{"id":1903,"href":"https:\/\/blog.edu.turku.fi\/hannunniittu\/wp-json\/wp\/v2\/pages\/753\/revisions\/1903"}],"up":[{"embeddable":true,"href":"https:\/\/blog.edu.turku.fi\/hannunniittu\/wp-json\/wp\/v2\/pages\/744"}],"wp:attachment":[{"href":"https:\/\/blog.edu.turku.fi\/hannunniittu\/wp-json\/wp\/v2\/media?parent=753"}],"curies":[{"name":"wp","href":"https:\/\/api.w.org\/{rel}","templated":true}]}}