{"id":744,"date":"2014-09-18T10:42:54","date_gmt":"2014-09-18T10:42:54","guid":{"rendered":"https:\/\/blog.edu.turku.fi\/hannunniittu\/?page_id=744"},"modified":"2022-08-26T07:16:42","modified_gmt":"2022-08-26T07:16:42","slug":"oppilashuolto","status":"publish","type":"page","link":"https:\/\/blog.edu.turku.fi\/hannunniittu\/oppilashuolto\/","title":{"rendered":"OPPILASHUOLTO"},"content":{"rendered":"<p><strong>Oppilashuollolla&nbsp;tarkoitetaan<\/strong> oppilaan hyv\u00e4n oppimisen, hyv\u00e4n psyykkisen ja fyysisen terveyden sek\u00e4 sosiaalisen hyvinvoinnin edist\u00e4mist\u00e4 ja yll\u00e4pit\u00e4mist\u00e4 sek\u00e4 niiden edellytyksi\u00e4 lis\u00e4\u00e4v\u00e4\u00e4 toimintaa oppilaitosyhteis\u00f6ss\u00e4.&nbsp;<strong>Oppilashuoltoon sis\u00e4ltyv\u00e4t<\/strong> oppilashuollon palvelut, joita ovat koulupsykologi- ja kuraattoripalvelut sek\u00e4 kouluterveydenhuollon palvelut.<\/p>\n<p><strong>Oppilashuoltoa toteutetaan<\/strong>&nbsp;ensisijaisesti ennaltaehk\u00e4isev\u00e4n\u00e4 koko oppilaitosyhteis\u00f6\u00e4 tukevana yhteis\u00f6llisen\u00e4 oppilashuoltona. Lis\u00e4ksi oppilailla oikeus yksil\u00f6kohtaiseen oppilashuoltoon. <strong>Oppilashuolto on t\u00e4rke\u00e4&nbsp;osa koulun perustoimintaa<\/strong> ja siit\u00e4&nbsp;otetaan huomioon lapsen edun ensisijaisuus.&nbsp;<strong>Monialainen yhteisty\u00f6<\/strong> kaikilla tasoilla on t\u00e4rke\u00e4\u00e4.<\/p>\n<p><strong>Oppilashuoltoty\u00f6t\u00e4 ohjaavat<\/strong> avoimuus, luottamuksellisuus, kunnioittava suhtautuminen oppilaaseen ja huoltajaan sek\u00e4&nbsp;heid\u00e4n osallisuutensa tukeminen.<\/p>\n<p><strong style=\"color: #000000\">Katso<\/strong>&nbsp;<a style=\"color: #1982d1\" href=\"https:\/\/blog.edu.turku.fi\/hannunniittu\/files\/2013\/02\/Oppilashuoltolain_muutokset_huoltajille_2014.pdf\">Esitys uudesta oppilashuoltolaista ja sen tuomista muutoksista<\/a><\/p>\n<p><strong>Koulupoissaoloihin puuttumisen malli&nbsp; <a href=\"https:\/\/www.turku.fi\/paivahoito-ja-koulutus\/perusopetus\/oppimisen-ja-koulunkaynnin-tuki\/koulupoissaoloihin-puuttuminen-ja\">https:\/\/www.turku.fi\/paivahoito-ja-koulutus\/perusopetus\/oppimisen-ja-koulunkaynnin-tuki\/koulupoissaoloihin-puuttuminen-ja<\/a><\/strong><\/p>\n","protected":false},"excerpt":{"rendered":"<p>Oppilashuollolla&nbsp;tarkoitetaan oppilaan hyv\u00e4n oppimisen, hyv\u00e4n psyykkisen ja fyysisen terveyden sek\u00e4 sosiaalisen hyvinvoinnin edist\u00e4mist\u00e4 ja yll\u00e4pit\u00e4mist\u00e4 sek\u00e4 niiden edellytyksi\u00e4 lis\u00e4\u00e4v\u00e4\u00e4 toimintaa oppilaitosyhteis\u00f6ss\u00e4.&nbsp;Oppilashuoltoon sis\u00e4ltyv\u00e4t oppilashuollon palvelut, joita ovat koulupsykologi- ja kuraattoripalvelut sek\u00e4 kouluterveydenhuollon palvelut. Oppilashuoltoa toteutetaan&nbsp;ensisijaisesti ennaltaehk\u00e4isev\u00e4n\u00e4 koko oppilaitosyhteis\u00f6\u00e4 tukevana yhteis\u00f6llisen\u00e4 oppilashuoltona. Lis\u00e4ksi oppilailla oikeus yksil\u00f6kohtaiseen oppilashuoltoon. Oppilashuolto on t\u00e4rke\u00e4&nbsp;osa koulun perustoimintaa ja siit\u00e4&nbsp;otetaan huomioon lapsen edun &hellip; <a href=\"https:\/\/blog.edu.turku.fi\/hannunniittu\/oppilashuolto\/\" class=\"more-link\">Jatka lukemista<span class=\"screen-reader-text\"> &#8221;OPPILASHUOLTO&#8221;<\/span><\/a><\/p>\n","protected":false},"author":109,"featured_media":0,"parent":0,"menu_order":0,"comment_status":"closed","ping_status":"closed","template":"","meta":{"ngg_post_thumbnail":0,"footnotes":""},"class_list":["post-744","page","type-page","status-publish","hentry"],"_links":{"self":[{"href":"https:\/\/blog.edu.turku.fi\/hannunniittu\/wp-json\/wp\/v2\/pages\/744","targetHints":{"allow":["GET"]}}],"collection":[{"href":"https:\/\/blog.edu.turku.fi\/hannunniittu\/wp-json\/wp\/v2\/pages"}],"about":[{"href":"https:\/\/blog.edu.turku.fi\/hannunniittu\/wp-json\/wp\/v2\/types\/page"}],"author":[{"embeddable":true,"href":"https:\/\/blog.edu.turku.fi\/hannunniittu\/wp-json\/wp\/v2\/users\/109"}],"replies":[{"embeddable":true,"href":"https:\/\/blog.edu.turku.fi\/hannunniittu\/wp-json\/wp\/v2\/comments?post=744"}],"version-history":[{"count":9,"href":"https:\/\/blog.edu.turku.fi\/hannunniittu\/wp-json\/wp\/v2\/pages\/744\/revisions"}],"predecessor-version":[{"id":2063,"href":"https:\/\/blog.edu.turku.fi\/hannunniittu\/wp-json\/wp\/v2\/pages\/744\/revisions\/2063"}],"wp:attachment":[{"href":"https:\/\/blog.edu.turku.fi\/hannunniittu\/wp-json\/wp\/v2\/media?parent=744"}],"curies":[{"name":"wp","href":"https:\/\/api.w.org\/{rel}","templated":true}]}}