{"id":691,"date":"2014-08-18T11:53:15","date_gmt":"2014-08-18T11:53:15","guid":{"rendered":"https:\/\/blog.edu.turku.fi\/hannunniittu\/?page_id=691"},"modified":"2023-08-03T17:13:47","modified_gmt":"2023-08-03T17:13:47","slug":"oppilaskunnanhallitus","status":"publish","type":"page","link":"https:\/\/blog.edu.turku.fi\/hannunniittu\/osallisuus\/oppilaskunnanhallitus\/","title":{"rendered":"Oppilaskunnan hallitus eli senaatti"},"content":{"rendered":"<p>Oppilaskuntaan kuuluvat kaikki koulun oppilaat. N\u00e4iden keskuudesta valitaan oppilaskunnan hallitus eli <strong>senaatti<\/strong>. Jokaisesta luokasta valitaan edustajaksi varsinainen j\u00e4sen ja varaj\u00e4sen.<\/p>\n<p>Senaatin toimintakausi on lukuvuosi. Lukuvuonna 2023-24 oppilaskuntatoimintaa ohjaavat opettajat Elina Hein\u00e4nen ja Elina Rajam\u00e4ki. Senaatti kokoontuu kuukausittain. 4.-6. -luokkien senaatin edustajat kokoontuvat joka kuukausi ja luokkien 1.-3. edustajat ovat mukana joka kolmannessa kokouksessa.<\/p>\n<p>Senaatti ajaa ja edist\u00e4\u00e4 oppilaiden ja koulun asioita. Senaatti toimii yhteisty\u00f6ss\u00e4 luokkien, opettajien, rehtorin, koulun muiden toimijoiden ja vanhempaintoimikunnan kanssa. Senaatti suunnittelee ja organisoi erilaisia tapahtumia ja tempauksia, sek\u00e4 tekee esityksi\u00e4 koulun toiminnan kehitt\u00e4miseksi.<\/p>\n<p>&nbsp;<\/p>\n","protected":false},"excerpt":{"rendered":"<p>Oppilaskuntaan kuuluvat kaikki koulun oppilaat. N\u00e4iden keskuudesta valitaan oppilaskunnan hallitus eli senaatti. Jokaisesta luokasta valitaan edustajaksi varsinainen j\u00e4sen ja varaj\u00e4sen. Senaatin toimintakausi on lukuvuosi. Lukuvuonna 2023-24 oppilaskuntatoimintaa ohjaavat opettajat Elina Hein\u00e4nen ja Elina Rajam\u00e4ki. Senaatti kokoontuu kuukausittain. 4.-6. -luokkien senaatin edustajat kokoontuvat joka kuukausi ja luokkien 1.-3. edustajat ovat mukana joka kolmannessa kokouksessa. Senaatti ajaa &hellip; <a href=\"https:\/\/blog.edu.turku.fi\/hannunniittu\/osallisuus\/oppilaskunnanhallitus\/\" class=\"more-link\">Jatka lukemista<span class=\"screen-reader-text\"> &#8221;Oppilaskunnan hallitus eli senaatti&#8221;<\/span><\/a><\/p>\n","protected":false},"author":109,"featured_media":0,"parent":732,"menu_order":0,"comment_status":"closed","ping_status":"closed","template":"","meta":{"ngg_post_thumbnail":0,"footnotes":""},"class_list":["post-691","page","type-page","status-publish","hentry"],"_links":{"self":[{"href":"https:\/\/blog.edu.turku.fi\/hannunniittu\/wp-json\/wp\/v2\/pages\/691","targetHints":{"allow":["GET"]}}],"collection":[{"href":"https:\/\/blog.edu.turku.fi\/hannunniittu\/wp-json\/wp\/v2\/pages"}],"about":[{"href":"https:\/\/blog.edu.turku.fi\/hannunniittu\/wp-json\/wp\/v2\/types\/page"}],"author":[{"embeddable":true,"href":"https:\/\/blog.edu.turku.fi\/hannunniittu\/wp-json\/wp\/v2\/users\/109"}],"replies":[{"embeddable":true,"href":"https:\/\/blog.edu.turku.fi\/hannunniittu\/wp-json\/wp\/v2\/comments?post=691"}],"version-history":[{"count":23,"href":"https:\/\/blog.edu.turku.fi\/hannunniittu\/wp-json\/wp\/v2\/pages\/691\/revisions"}],"predecessor-version":[{"id":2157,"href":"https:\/\/blog.edu.turku.fi\/hannunniittu\/wp-json\/wp\/v2\/pages\/691\/revisions\/2157"}],"up":[{"embeddable":true,"href":"https:\/\/blog.edu.turku.fi\/hannunniittu\/wp-json\/wp\/v2\/pages\/732"}],"wp:attachment":[{"href":"https:\/\/blog.edu.turku.fi\/hannunniittu\/wp-json\/wp\/v2\/media?parent=691"}],"curies":[{"name":"wp","href":"https:\/\/api.w.org\/{rel}","templated":true}]}}