{"id":605,"date":"2014-04-28T14:13:44","date_gmt":"2014-04-28T14:13:44","guid":{"rendered":"https:\/\/blog.edu.turku.fi\/hannunniittu\/?page_id=605"},"modified":"2025-09-09T12:10:26","modified_gmt":"2025-09-09T12:10:26","slug":"ops-2016","status":"publish","type":"page","link":"https:\/\/blog.edu.turku.fi\/hannunniittu\/opetus-2\/ops-2016\/","title":{"rendered":"OPETUS JA OPS"},"content":{"rendered":"<h1><a href=\"https:\/\/blog.edu.turku.fi\/ops2016\/files\/2015\/04\/HANNUNNIITTU-OPS-2016.pdf\">Hannunniitun koulun opetussuunnitelma <\/a><\/h1>\n<p><strong><a href=\"https:\/\/blog.edu.turku.fi\/hannunniittu\/files\/2025\/04\/Valinnaisaineet-4.-6.-luokille.pdf\">Valinnaisaineet 4.-6. luokille<\/a><\/strong><\/p>\n<p>&nbsp;<\/p>\n<h3><a href=\"https:\/\/blog.edu.turku.fi\/ops2016\/files\/2015\/01\/Han_ops-luku-8_oppilashuolto_p\u00e4ivitetty-24-8-2016.pdf\">Oppilashuoltosuunnitelma<\/a><\/h3>\n<p>&nbsp;<\/p>\n<h3><strong><a href=\"https:\/\/blog.edu.turku.fi\/hannunniittu\/files\/2014\/04\/Ja\u0308rjestyssa\u0308a\u0308nno\u0308t-2016.pdf\">J\u00e4rjestyss\u00e4\u00e4nn\u00f6t ja suositukset<\/a><\/strong><\/h3>\n<p>&nbsp;<\/p>\n<p><strong>Linkkej\u00e4:<\/strong><\/p>\n<ul>\n<li><a title=\"turkuOPS2016\" href=\"https:\/\/blog.edu.turku.fi\/ops2016\/\" target=\"_blank\" rel=\"noopener\">Turun kaupungin OPS-blogi<\/a><\/li>\n<li><a title=\"OPHops2016\" href=\"http:\/\/www.oph.fi\/ops2016\/perusteluonnokset\" target=\"_blank\" rel=\"noopener\">OPH: Valtakunnalliset perusteluonnokset <\/a><\/li>\n<\/ul>\n","protected":false},"excerpt":{"rendered":"<p>Hannunniitun koulun opetussuunnitelma Valinnaisaineet 4.-6. luokille &nbsp; Oppilashuoltosuunnitelma &nbsp; J\u00e4rjestyss\u00e4\u00e4nn\u00f6t ja suositukset &nbsp; Linkkej\u00e4: Turun kaupungin OPS-blogi OPH: Valtakunnalliset perusteluonnokset<\/p>\n","protected":false},"author":1026,"featured_media":0,"parent":95,"menu_order":0,"comment_status":"closed","ping_status":"closed","template":"","meta":{"ngg_post_thumbnail":0,"footnotes":""},"class_list":["post-605","page","type-page","status-publish","hentry"],"_links":{"self":[{"href":"https:\/\/blog.edu.turku.fi\/hannunniittu\/wp-json\/wp\/v2\/pages\/605","targetHints":{"allow":["GET"]}}],"collection":[{"href":"https:\/\/blog.edu.turku.fi\/hannunniittu\/wp-json\/wp\/v2\/pages"}],"about":[{"href":"https:\/\/blog.edu.turku.fi\/hannunniittu\/wp-json\/wp\/v2\/types\/page"}],"author":[{"embeddable":true,"href":"https:\/\/blog.edu.turku.fi\/hannunniittu\/wp-json\/wp\/v2\/users\/1026"}],"replies":[{"embeddable":true,"href":"https:\/\/blog.edu.turku.fi\/hannunniittu\/wp-json\/wp\/v2\/comments?post=605"}],"version-history":[{"count":52,"href":"https:\/\/blog.edu.turku.fi\/hannunniittu\/wp-json\/wp\/v2\/pages\/605\/revisions"}],"predecessor-version":[{"id":2431,"href":"https:\/\/blog.edu.turku.fi\/hannunniittu\/wp-json\/wp\/v2\/pages\/605\/revisions\/2431"}],"up":[{"embeddable":true,"href":"https:\/\/blog.edu.turku.fi\/hannunniittu\/wp-json\/wp\/v2\/pages\/95"}],"wp:attachment":[{"href":"https:\/\/blog.edu.turku.fi\/hannunniittu\/wp-json\/wp\/v2\/media?parent=605"}],"curies":[{"name":"wp","href":"https:\/\/api.w.org\/{rel}","templated":true}]}}