{"id":271,"date":"2013-02-27T10:11:12","date_gmt":"2013-02-27T10:11:12","guid":{"rendered":"https:\/\/blog.edu.turku.fi\/hannunniittu\/?page_id=271"},"modified":"2026-04-05T08:51:22","modified_gmt":"2026-04-05T08:51:22","slug":"ajankohtaista","status":"publish","type":"page","link":"https:\/\/blog.edu.turku.fi\/hannunniittu\/","title":{"rendered":"ETUSIVU"},"content":{"rendered":"<h1>Hannunniitun koulu<\/h1>\n<ul>\n<li>Hannunniitun koulu on yleisopetuksen ja erityisopetuksen yhdistelm\u00e4koulu. Koulu toimii l\u00e4hikouluna asuinalueen oppilaille sek\u00e4 keskitetyn palvelun kouluna kaikille turkulaisille erityisluokkaa tarvitseville oppilaille.<\/li>\n<li>Koulu koostuu siis <strong>yleisopetuksen isoista luokista ja pienemmist\u00e4 erityisluokista.<\/strong><\/li>\n<li>Erityisluokkien vahvaa osaamista on kuurojen, huonokuuloisten ja kielih\u00e4iri\u00f6isten oppilaiden opettaminen. Erityisluokilla on my\u00f6s koulun omaa aamu -ja iltap\u00e4iv\u00e4toimintaa.<\/li>\n<\/ul>\n<h2><strong>Lukuvuosi 2025-26<\/strong><\/h2>\n<ul>\n<li>Lukuvuoden 2025-26 alkaessa isoilla luokilla on oppilaita runsaat 470, joista Kohmossa 26. Erityisluokilla on oppilaita runsaat 150. Yhteens\u00e4 oppilaita on vajaat 630.<\/li>\n<li>Koulussa on 42 perusopetusryhm\u00e4\u00e4<\/li>\n<li>Noin 170 oppilaan \u00e4idinkieli on muu kuin suomi. Koulun toinen opetuskieli on viittomakieli.<\/li>\n<li>P\u00e4\u00e4toimisia opettajia koulussa on 55, koulunk\u00e4ynninohjaajia vajaat 50.<\/li>\n<li>Hallinnosta vastaavat rehtori, apulaisrehtorit ja koulusihteeri.<\/li>\n<li>Oppilashuoltohenkil\u00f6it\u00e4 ovat kouluterveydenhoitajat, koulukuraattori ja koulupsykologi.&nbsp;<\/li>\n<li>Kiinteist\u00f6nhoidosta ja ruokapalveluista vastaavat Alltime Oy ja Kaarea Oy, siivouspalveluista Palmia Oy.<\/li>\n<\/ul>\n<h2><strong>Ajankohtaista<\/strong><\/h2>\n<p>Kouluuntutustumisp\u00e4iv\u00e4t:<\/p>\n<p>Yleisopetuksen koulutulokkaat huoltajineen pe 24.4. klo 8.15-9.30<\/p>\n<p>Erityisopetuksen koulutulokkaat huoltajineen ke 20.5. klo 8.15-9.30<\/p>\n<h3>Ty\u00f6- ja loma-ajat lukuvuonna 2025-26<\/h3>\n<h3>Syyslukukausi to 7.8.- la 20.12.2025<\/h3>\n<ul>\n<li>Syysloma: ma 13.10. &#8211; pe 17.10.2025<\/li>\n<li>Joululoma su 21.12.2025 &#8211; ti 6.1.2026<\/li>\n<\/ul>\n<h3>Kev\u00e4tlukukausi ke 7.1.- la 30.5.2026<\/h3>\n<ul>\n<li>Talviloma: ma 16.2. &#8211; pe 20.2.2026<\/li>\n<\/ul>\n<p>&nbsp;<\/p>\n<h3><strong>Kerhot&nbsp;<\/strong><\/h3>\n<ul>\n<li>Tiedotetaan Wilmassa syksyll\u00e4.<\/li>\n<\/ul>\n<p>&nbsp;<\/p>\n<h3>Poissaolot<\/h3>\n<ul>\n<li><strong>Oppilaan<\/strong>&nbsp;<strong>poissaolot anotaan <a href=\"https:\/\/turku.inschool.fi\/\">Wilman<\/a> kautta <\/strong>(hakemukset ja p\u00e4\u00e4t\u00f6kset).<a href=\"https:\/\/www.turku.fi\/perusopetus\/koulupoissaolot\">https:\/\/www.turku.fi\/perusopetus\/koulupoissaolot<\/a><\/li>\n<li>Ohjeet huoltajille <a href=\"https:\/\/blog.edu.turku.fi\/hannunniittu\/files\/2025\/08\/Koulupoissaoloihin_puuttuminen_ohjeistus_huoltajille-lv2025-2026.pptx\">Koulupoissaoloihin puuttuminen -ohjeistus huoltajille lv 2025-2026<\/a>&nbsp;&nbsp;<\/li>\n<\/ul>\n<h3>&nbsp;<\/h3>\n<h3><strong>Tasa-arvo ja yhdenvertaisuus<\/strong><\/h3>\n<p><a href=\"https:\/\/blog.edu.turku.fi\/hannunniittu\/files\/2025\/09\/Hannunniitun-koulun-tasa-arvosuunnitelma-2025-2026.xlsx\">Tasa-arvo -ja yhdenvertaisuussuunnitelma<\/a><\/p>\n<h3>J\u00e4rjestyss\u00e4\u00e4nn\u00f6t ja suositukset<\/h3>\n<p><a href=\"https:\/\/blog.edu.turku.fi\/hannunniittu\/files\/2025\/09\/Jarjestyssaannot-2025-.docx\">J\u00e4rjestyss\u00e4\u00e4nn\u00f6t ja suositukset<\/a><\/p>\n<h3>Kiusaamisen ehk\u00e4iseminen<\/h3>\n<ul>\n<li><a href=\"https:\/\/blog.edu.turku.fi\/hannunniittu\/files\/2025\/11\/Suunnitelma-oppilaan-suojaamiseksi-vakivallalta-kiusaamiselta-ja-hairinnalta.docx\">Suunnitelma oppilaiden suojaamiseksi v\u00e4kivallalta, kiusaamiselta ja h\u00e4irinn\u00e4lt\u00e4<\/a><\/li>\n<li>Olemme mukana KiVa-koulu\/ProKoulu -toimintatavoissa. Esimerkiksi n\u00e4ill\u00e4 kasvatamme yhteis\u00f6llisyyteen, hyv\u00e4ksymiseen ja arvostavaan kohtaamiseen.&nbsp;<\/li>\n<\/ul>\n<h3>&nbsp;<\/h3>\n<h3>Oppilaaksiotto<\/h3>\n<p>Turun suomenkielisen perusopetuksen oppilaaksiottoa uudistetaan ja nykyinen k\u00e4yt\u00e4nt\u00f6 muuttuu. Se tarkoittaa, ettei sinun tarvitse huoltajana ilmoittaa lastasi kouluun, vaan jokaiselle tulevalle 1. luokkalaiselle turkulaislapselle tehd\u00e4\u00e4n l\u00e4hikoulup\u00e4\u00e4t\u00f6s osoitteen perusteella. L\u00e4hikoulu m\u00e4\u00e4r\u00e4ytyy v\u00e4est\u00f6rekisteriin merkityn virallisen asuinpaikan mukaan.&nbsp;<\/p>\n<h3>Facebook<\/h3>\n<ul>\n<li>K\u00e4y kurkistamassa Hannunniitun koulun Facebooksivulta kuvia toiminnastamme:&nbsp;<a href=\"https:\/\/www.facebook.com\/hannunniitunkoulu\/\">https:\/\/www.facebook.com\/hannunniitunkoulu\/<\/a><\/li>\n<\/ul>\n<p>&nbsp;<\/p>\n<p>&nbsp;<\/p>\n<p>&nbsp;<\/p>\n","protected":false},"excerpt":{"rendered":"<p>Hannunniitun koulu Hannunniitun koulu on yleisopetuksen ja erityisopetuksen yhdistelm\u00e4koulu. Koulu toimii l\u00e4hikouluna asuinalueen oppilaille sek\u00e4 keskitetyn palvelun kouluna kaikille turkulaisille erityisluokkaa tarvitseville oppilaille. Koulu koostuu siis yleisopetuksen isoista luokista ja pienemmist\u00e4 erityisluokista. Erityisluokkien vahvaa osaamista on kuurojen, huonokuuloisten ja kielih\u00e4iri\u00f6isten oppilaiden opettaminen. Erityisluokilla on my\u00f6s koulun omaa aamu -ja iltap\u00e4iv\u00e4toimintaa. Lukuvuosi 2025-26 Lukuvuoden 2025-26 alkaessa &hellip; <a href=\"https:\/\/blog.edu.turku.fi\/hannunniittu\/\" class=\"more-link\">Jatka lukemista<span class=\"screen-reader-text\"> &#8221;ETUSIVU&#8221;<\/span><\/a><\/p>\n","protected":false},"author":48,"featured_media":0,"parent":0,"menu_order":0,"comment_status":"closed","ping_status":"closed","template":"","meta":{"ngg_post_thumbnail":0,"footnotes":""},"class_list":["post-271","page","type-page","status-publish","hentry"],"_links":{"self":[{"href":"https:\/\/blog.edu.turku.fi\/hannunniittu\/wp-json\/wp\/v2\/pages\/271","targetHints":{"allow":["GET"]}}],"collection":[{"href":"https:\/\/blog.edu.turku.fi\/hannunniittu\/wp-json\/wp\/v2\/pages"}],"about":[{"href":"https:\/\/blog.edu.turku.fi\/hannunniittu\/wp-json\/wp\/v2\/types\/page"}],"author":[{"embeddable":true,"href":"https:\/\/blog.edu.turku.fi\/hannunniittu\/wp-json\/wp\/v2\/users\/48"}],"replies":[{"embeddable":true,"href":"https:\/\/blog.edu.turku.fi\/hannunniittu\/wp-json\/wp\/v2\/comments?post=271"}],"version-history":[{"count":319,"href":"https:\/\/blog.edu.turku.fi\/hannunniittu\/wp-json\/wp\/v2\/pages\/271\/revisions"}],"predecessor-version":[{"id":2456,"href":"https:\/\/blog.edu.turku.fi\/hannunniittu\/wp-json\/wp\/v2\/pages\/271\/revisions\/2456"}],"wp:attachment":[{"href":"https:\/\/blog.edu.turku.fi\/hannunniittu\/wp-json\/wp\/v2\/media?parent=271"}],"curies":[{"name":"wp","href":"https:\/\/api.w.org\/{rel}","templated":true}]}}