{"id":267,"date":"2013-02-12T10:30:44","date_gmt":"2013-02-12T10:30:44","guid":{"rendered":"https:\/\/blog.edu.turku.fi\/hannunniittu\/?page_id=267"},"modified":"2025-09-09T12:09:55","modified_gmt":"2025-09-09T12:09:55","slug":"kotijakoulu","status":"publish","type":"page","link":"https:\/\/blog.edu.turku.fi\/hannunniittu\/osallisuus\/kotijakoulu\/","title":{"rendered":"Vanhempaintoimikunta"},"content":{"rendered":"<p>Koulussa toimii vanhempaintoimikunta (vtk). Siihen pyrit\u00e4\u00e4n saamaan edustaja koulun jokaisesta perusopetusryhm\u00e4st\u00e4 (luokasta).<\/p>\n<p>Vanhempaintoimikunnan toiminta on kodin ja koulun v\u00e4list\u00e4 yhteisty\u00f6t\u00e4.&nbsp;Vanhempaintoimikunta on koululle t\u00e4rke\u00e4 yhteistykumppani ja tuki toiminnan arvioinnissa ja kehitt\u00e4misess\u00e4.<\/p>\n<p>Toimikunta ker\u00e4t\u00e4 my\u00f6s varoja koulun eri tapahtumien yhteydess\u00e4 ja k\u00e4ytt\u00e4\u00e4 ker\u00e4tyt varat lasten hyv\u00e4ksi. Kev\u00e4isin vanhempaintoimikunta on jakanut oppilaille stipendej\u00e4. Varoista on my\u00f6s kustannettu konsertteja ja erilaisia muita oppilaille suunnattuja esityksi\u00e4. Vtk lahjoittaa my\u00f6s jokaiselle luokalle vuosittain ns. toimintarahaa 7e\/oppilas, joka k\u00e4ytet\u00e4\u00e4n esimerkiksi erilaisiin retkiin tai oppilaille mieluisiin hankintoihin omiin luokkiin. Mukavana perinteen\u00e4 on ollut lahjoittaa kev\u00e4tjuhlassa ruusut 6. luokan oppilaille.&nbsp;<\/p>\n<p>Vanhempaintoimikunnan puheenjohtajana lv. 2025-26 Maarit Karonen, <span style=\"color: #008000\">hannunniittu.vtk@gmail.com<\/span><\/p>\n<p>&nbsp;<\/p>\n<p>&nbsp;<\/p>\n","protected":false},"excerpt":{"rendered":"<p>Koulussa toimii vanhempaintoimikunta (vtk). Siihen pyrit\u00e4\u00e4n saamaan edustaja koulun jokaisesta perusopetusryhm\u00e4st\u00e4 (luokasta). Vanhempaintoimikunnan toiminta on kodin ja koulun v\u00e4list\u00e4 yhteisty\u00f6t\u00e4.&nbsp;Vanhempaintoimikunta on koululle t\u00e4rke\u00e4 yhteistykumppani ja tuki toiminnan arvioinnissa ja kehitt\u00e4misess\u00e4. Toimikunta ker\u00e4t\u00e4 my\u00f6s varoja koulun eri tapahtumien yhteydess\u00e4 ja k\u00e4ytt\u00e4\u00e4 ker\u00e4tyt varat lasten hyv\u00e4ksi. Kev\u00e4isin vanhempaintoimikunta on jakanut oppilaille stipendej\u00e4. Varoista on my\u00f6s kustannettu konsertteja &hellip; <a href=\"https:\/\/blog.edu.turku.fi\/hannunniittu\/osallisuus\/kotijakoulu\/\" class=\"more-link\">Jatka lukemista<span class=\"screen-reader-text\"> &#8221;Vanhempaintoimikunta&#8221;<\/span><\/a><\/p>\n","protected":false},"author":48,"featured_media":0,"parent":732,"menu_order":4,"comment_status":"closed","ping_status":"closed","template":"","meta":{"ngg_post_thumbnail":0,"footnotes":""},"class_list":["post-267","page","type-page","status-publish","hentry"],"_links":{"self":[{"href":"https:\/\/blog.edu.turku.fi\/hannunniittu\/wp-json\/wp\/v2\/pages\/267","targetHints":{"allow":["GET"]}}],"collection":[{"href":"https:\/\/blog.edu.turku.fi\/hannunniittu\/wp-json\/wp\/v2\/pages"}],"about":[{"href":"https:\/\/blog.edu.turku.fi\/hannunniittu\/wp-json\/wp\/v2\/types\/page"}],"author":[{"embeddable":true,"href":"https:\/\/blog.edu.turku.fi\/hannunniittu\/wp-json\/wp\/v2\/users\/48"}],"replies":[{"embeddable":true,"href":"https:\/\/blog.edu.turku.fi\/hannunniittu\/wp-json\/wp\/v2\/comments?post=267"}],"version-history":[{"count":43,"href":"https:\/\/blog.edu.turku.fi\/hannunniittu\/wp-json\/wp\/v2\/pages\/267\/revisions"}],"predecessor-version":[{"id":2430,"href":"https:\/\/blog.edu.turku.fi\/hannunniittu\/wp-json\/wp\/v2\/pages\/267\/revisions\/2430"}],"up":[{"embeddable":true,"href":"https:\/\/blog.edu.turku.fi\/hannunniittu\/wp-json\/wp\/v2\/pages\/732"}],"wp:attachment":[{"href":"https:\/\/blog.edu.turku.fi\/hannunniittu\/wp-json\/wp\/v2\/media?parent=267"}],"curies":[{"name":"wp","href":"https:\/\/api.w.org\/{rel}","templated":true}]}}