{"id":2177,"date":"2023-08-04T09:43:23","date_gmt":"2023-08-04T09:43:23","guid":{"rendered":"https:\/\/blog.edu.turku.fi\/hannunniittu\/?page_id=2177"},"modified":"2025-10-23T10:52:21","modified_gmt":"2025-10-23T10:52:21","slug":"hallinto-ohr-ja-tukipalvelut","status":"publish","type":"page","link":"https:\/\/blog.edu.turku.fi\/hannunniittu\/yhteystiedot\/hallinto-ohr-ja-tukipalvelut\/","title":{"rendered":"Hallinto, ohr ja tukipalvelut"},"content":{"rendered":"<header class=\"entry-header\">\n<h1 class=\"entry-title\">YHTEYSTIEDOT<\/h1>\n<\/header>\n<div class=\"entry-content\">\n<h2><strong>Hannunniitun koulun toimipisteet<\/strong><\/h2>\n<h3><strong>Hannunniitun yksikk\u00f6:<\/strong><\/h3>\n<ul>\n<li>Virmuntie 3, 20540 Tku<\/li>\n<li><a href=\"https:\/\/www.google.fi\/maps\/place\/Hannuniitun+Koulu\/@60.4540342,22.3092645,14.58z\/data=!4m5!3m4!1s0x0:0xbbc86ee185e93f39!8m2!3d60.457759!4d22.3247351\">Karttalinkki<\/a><\/li>\n<li><a href=\"https:\/\/blog.edu.turku.fi\/hannunniittu\/files\/2012\/03\/KAIKKI-RAKENNUKSET-JA-PIHA_MK200-muokattu4.pdf\">Virmuntie 3 rakennukset<\/a><\/li>\n<\/ul>\n<h3><strong>Kohmon yksikk\u00f6:<\/strong><\/h3>\n<ul>\n<li>Ritavuorenkuja 6, 20540 Tku<\/li>\n<li><a href=\"https:\/\/www.google.fi\/maps\/place\/Ritavuorenkuja+6,+20540+Turku\/@60.4576714,22.3338194,15.44z\/data=!4m5!3m4!1s0x468c76b463cfb0b3:0x2e6dc43cd9688f87!8m2!3d60.4583914!4d22.3470745\">Karttalinkki<\/a><\/li>\n<\/ul>\n<h2><strong>Hallinto&nbsp;&nbsp;&nbsp;<\/strong><\/h2>\n<ul>\n<li><strong>Rehtori Timo Lehtinen&nbsp;<\/strong>0400 944 245&nbsp;timo.lehtinen@edu.turku.fi<\/li>\n<li><strong>Apulaisrehtori Eva Aitasalo&nbsp;<\/strong>040 355 90 81&nbsp;eva.aitasalo@edu.turku.fi<\/li>\n<li><strong>Apulaisrehtori Sami Kluuskeri&nbsp;<\/strong>040 179 25 88&nbsp;sami.kluuskeri@edu.turku.fi<\/li>\n<li><strong>Koulusihteeri Henrietta Helenius<\/strong><strong>&nbsp;<\/strong>044&nbsp;907 5433&nbsp;&nbsp;henrietta.helenius@edu.turku.fi (sij. tuija.oksanen@edu.turku.fi)<\/li>\n<\/ul>\n<h2><strong>Oppilashuollon henkil\u00f6st\u00f6<br \/>\n<\/strong><\/h2>\n<ul>\n<li><strong>Kouluterveydenhoitaja Elina \u00c4ij\u00e4l\u00e4&nbsp;<\/strong>&nbsp;044 907 3611&nbsp;elina.aijala@varha.fi&nbsp;(isot luokat, paikalla ma \u2013 to)<\/li>\n<li><strong>Kouluterveydenhoitaja Minna Rokka&nbsp;<\/strong>044 907 3332&nbsp;minna.rokka@varha.fi&nbsp;(pienluokat, paikalla ma, ti, ke ja pe)<\/li>\n<li><strong>Koulupsykologi Ilona Kallio&nbsp;<\/strong>044 578 1972&nbsp;ilona.kallio@varha.fi<strong><br \/>\n<\/strong><\/li>\n<li><strong>Koulukuraattori Anni Huttunen&nbsp;<\/strong>044 907 4112&nbsp;anni.huttunen@varha.fi<\/li>\n<\/ul>\n<h2><strong>Muut<\/strong><\/h2>\n<h3><strong>Aamu -ja iltap\u00e4iv\u00e4toiminta:<\/strong><\/h3>\n<ul>\n<li>\n<div><b>Aamu- ja iltap\u00e4iv\u00e4toiminnan yhteystiedot<\/b><\/div>\n<\/li>\n<\/ul>\n<div><b>Pienluokat&nbsp;<\/b>(omaa toimintaa)<\/div>\n<ul>\n<li>Vastaava ohjaaja Saija Jokinen 0405730286&nbsp;saija.jokinen@edu.turku.fi<\/li>\n<li>APIP-toiminnan aikuisten yhteinen puhelinnumero 0449072351&nbsp;<\/li>\n<\/ul>\n<div><b>Isot luokat<\/b><\/div>\n<ul type=\"disc\">\n<li>Hannunniitun seurakuntatalo, Virmuntie 2, 0403417443<\/li>\n<li>Lanatien seurakuntakoti, Lanatie 4, 0403417442<\/li>\n<li>Jaanin seurakuntatalo, Karjakuja 75, 0403417630<\/li>\n<li>Turun ja Kaarinan seurakuntayhtym\u00e4n iltap\u00e4iv\u00e4toiminnasta vastaa varhaiskasvatuksen ohjaaja P\u00e4ivi Sillanp\u00e4\u00e4 0403417620 tai&nbsp;<a href=\"mailto:paivi.sillanpaa@evl.fi\" target=\"_blank\" rel=\"noopener noreferrer\" data-auth=\"NotApplicable\" data-linkindex=\"1\">paivi.sillanpaa@evl.fi<\/a><\/li>\n<\/ul>\n<div><b>Kohmo<\/b><\/div>\n<ul>\n<li>Turku, kasvatus ja opetus, yhteyshenkil\u00f6 Jaana Uusitalo 040 154 7940 ja Sanna Lassila 0408435912<\/li>\n<\/ul>\n<h3><strong>Koulukuljetukset:<\/strong><\/h3>\n<ul>\n<li><strong>Johanna Kulmala<\/strong>&nbsp;050 432 3512<\/li>\n<li><strong>Mira Hannula<\/strong>&nbsp;040 178 7086<\/li>\n<\/ul>\n<h3><strong>Kiinteist\u00f6nhoitaja:<\/strong><\/h3>\n<ul>\n<li><b>Mika Ala-Heikkil\u00e4&nbsp;<\/b>040 647 7087<\/li>\n<\/ul>\n<h3><strong>Kouluravintola Hanttarin herkku:<\/strong><\/h3>\n<ul>\n<li>040 562 9731<\/li>\n<\/ul>\n<\/div>\n","protected":false},"excerpt":{"rendered":"<p>YHTEYSTIEDOT Hannunniitun koulun toimipisteet Hannunniitun yksikk\u00f6: Virmuntie 3, 20540 Tku Karttalinkki Virmuntie 3 rakennukset Kohmon yksikk\u00f6: Ritavuorenkuja 6, 20540 Tku Karttalinkki Hallinto&nbsp;&nbsp;&nbsp; Rehtori Timo Lehtinen&nbsp;0400 944 245&nbsp;timo.lehtinen@edu.turku.fi Apulaisrehtori Eva Aitasalo&nbsp;040 355 90 81&nbsp;eva.aitasalo@edu.turku.fi Apulaisrehtori Sami Kluuskeri&nbsp;040 179 25 88&nbsp;sami.kluuskeri@edu.turku.fi Koulusihteeri Henrietta Helenius&nbsp;044&nbsp;907 5433&nbsp;&nbsp;henrietta.helenius@edu.turku.fi (sij. tuija.oksanen@edu.turku.fi) Oppilashuollon henkil\u00f6st\u00f6 Kouluterveydenhoitaja Elina \u00c4ij\u00e4l\u00e4&nbsp;&nbsp;044 907 3611&nbsp;elina.aijala@varha.fi&nbsp;(isot luokat, paikalla ma &hellip; <a href=\"https:\/\/blog.edu.turku.fi\/hannunniittu\/yhteystiedot\/hallinto-ohr-ja-tukipalvelut\/\" class=\"more-link\">Jatka lukemista<span class=\"screen-reader-text\"> &#8221;Hallinto, ohr ja tukipalvelut&#8221;<\/span><\/a><\/p>\n","protected":false},"author":397,"featured_media":0,"parent":97,"menu_order":0,"comment_status":"closed","ping_status":"closed","template":"","meta":{"ngg_post_thumbnail":0,"footnotes":""},"class_list":["post-2177","page","type-page","status-publish","hentry"],"_links":{"self":[{"href":"https:\/\/blog.edu.turku.fi\/hannunniittu\/wp-json\/wp\/v2\/pages\/2177","targetHints":{"allow":["GET"]}}],"collection":[{"href":"https:\/\/blog.edu.turku.fi\/hannunniittu\/wp-json\/wp\/v2\/pages"}],"about":[{"href":"https:\/\/blog.edu.turku.fi\/hannunniittu\/wp-json\/wp\/v2\/types\/page"}],"author":[{"embeddable":true,"href":"https:\/\/blog.edu.turku.fi\/hannunniittu\/wp-json\/wp\/v2\/users\/397"}],"replies":[{"embeddable":true,"href":"https:\/\/blog.edu.turku.fi\/hannunniittu\/wp-json\/wp\/v2\/comments?post=2177"}],"version-history":[{"count":2,"href":"https:\/\/blog.edu.turku.fi\/hannunniittu\/wp-json\/wp\/v2\/pages\/2177\/revisions"}],"predecessor-version":[{"id":2434,"href":"https:\/\/blog.edu.turku.fi\/hannunniittu\/wp-json\/wp\/v2\/pages\/2177\/revisions\/2434"}],"up":[{"embeddable":true,"href":"https:\/\/blog.edu.turku.fi\/hannunniittu\/wp-json\/wp\/v2\/pages\/97"}],"wp:attachment":[{"href":"https:\/\/blog.edu.turku.fi\/hannunniittu\/wp-json\/wp\/v2\/media?parent=2177"}],"curies":[{"name":"wp","href":"https:\/\/api.w.org\/{rel}","templated":true}]}}