{"id":1117,"date":"2016-09-08T12:26:29","date_gmt":"2016-09-08T12:26:29","guid":{"rendered":"https:\/\/blog.edu.turku.fi\/hannunniittu\/?page_id=1117"},"modified":"2025-08-06T15:12:40","modified_gmt":"2025-08-06T15:12:40","slug":"aamu-ja-iltapaivakerho","status":"publish","type":"page","link":"https:\/\/blog.edu.turku.fi\/hannunniittu\/aamu-ja-iltapaivakerho\/","title":{"rendered":"Erityisluokkien aamu- ja iltap\u00e4iv\u00e4toiminta"},"content":{"rendered":"<p>Toiminta on suunnattu Hannunniitun koulun erityisluokkien oppilaille. P\u00e4\u00e4osin lapset ovat 1.-2.lk. oppilaita, mutta my\u00f6s vanhemmilla on toimintaan oikeus osallistua. Toimintaa j\u00e4rjestet\u00e4\u00e4n Hannunniitun koulun tiloissa.<\/p>\n<p>Lukuvuonna 2025-26 toiminnassamme on mukana yli 60 lasta.<\/p>\n<p>Toimintap\u00e4iv\u00e4n aikana lapset p\u00e4\u00e4sev\u00e4t osallisiksi vapaaseen leikkiin, ohjattuun toimintaan sek\u00e4 ulkoiluun.<\/p>\n<p>Toiminnassa tarjotaan lapsille iltap\u00e4ivisin v\u00e4lipala.<\/p>\n<p>Aukioloajat: koulun ty\u00f6p\u00e4ivin\u00e4 kello 7.30-9.00 sek\u00e4 12.00\u201317.00.&nbsp;<\/p>\n<p>&nbsp;<\/p>\n<p>Yhteystiedot:<\/p>\n<p>vastuuohjaaja Jokinen Saija, 040 573 0286 saija.jokinen@edu.turku.fi&nbsp;&nbsp;<br \/>\n&nbsp; &nbsp; &nbsp; &nbsp; &nbsp; &nbsp; &nbsp; &nbsp; &nbsp; &nbsp; &nbsp; &nbsp; &nbsp; &nbsp; &nbsp;<br \/>\nmuut ohjaajat 044 907 2351<\/p>\n","protected":false},"excerpt":{"rendered":"<p>Toiminta on suunnattu Hannunniitun koulun erityisluokkien oppilaille. P\u00e4\u00e4osin lapset ovat 1.-2.lk. oppilaita, mutta my\u00f6s vanhemmilla on toimintaan oikeus osallistua. Toimintaa j\u00e4rjestet\u00e4\u00e4n Hannunniitun koulun tiloissa. Lukuvuonna 2025-26 toiminnassamme on mukana yli 60 lasta. Toimintap\u00e4iv\u00e4n aikana lapset p\u00e4\u00e4sev\u00e4t osallisiksi vapaaseen leikkiin, ohjattuun toimintaan sek\u00e4 ulkoiluun. Toiminnassa tarjotaan lapsille iltap\u00e4ivisin v\u00e4lipala. Aukioloajat: koulun ty\u00f6p\u00e4ivin\u00e4 kello 7.30-9.00 sek\u00e4 12.00\u201317.00.&nbsp; &hellip; <a href=\"https:\/\/blog.edu.turku.fi\/hannunniittu\/aamu-ja-iltapaivakerho\/\" class=\"more-link\">Jatka lukemista<span class=\"screen-reader-text\"> &#8221;Erityisluokkien aamu- ja iltap\u00e4iv\u00e4toiminta&#8221;<\/span><\/a><\/p>\n","protected":false},"author":717,"featured_media":0,"parent":0,"menu_order":0,"comment_status":"closed","ping_status":"closed","template":"","meta":{"ngg_post_thumbnail":0,"footnotes":""},"class_list":["post-1117","page","type-page","status-publish","hentry"],"_links":{"self":[{"href":"https:\/\/blog.edu.turku.fi\/hannunniittu\/wp-json\/wp\/v2\/pages\/1117","targetHints":{"allow":["GET"]}}],"collection":[{"href":"https:\/\/blog.edu.turku.fi\/hannunniittu\/wp-json\/wp\/v2\/pages"}],"about":[{"href":"https:\/\/blog.edu.turku.fi\/hannunniittu\/wp-json\/wp\/v2\/types\/page"}],"author":[{"embeddable":true,"href":"https:\/\/blog.edu.turku.fi\/hannunniittu\/wp-json\/wp\/v2\/users\/717"}],"replies":[{"embeddable":true,"href":"https:\/\/blog.edu.turku.fi\/hannunniittu\/wp-json\/wp\/v2\/comments?post=1117"}],"version-history":[{"count":28,"href":"https:\/\/blog.edu.turku.fi\/hannunniittu\/wp-json\/wp\/v2\/pages\/1117\/revisions"}],"predecessor-version":[{"id":2379,"href":"https:\/\/blog.edu.turku.fi\/hannunniittu\/wp-json\/wp\/v2\/pages\/1117\/revisions\/2379"}],"wp:attachment":[{"href":"https:\/\/blog.edu.turku.fi\/hannunniittu\/wp-json\/wp\/v2\/media?parent=1117"}],"curies":[{"name":"wp","href":"https:\/\/api.w.org\/{rel}","templated":true}]}}