{"id":1054,"date":"2016-04-14T06:18:55","date_gmt":"2016-04-14T06:18:55","guid":{"rendered":"https:\/\/blog.edu.turku.fi\/hannunniittu\/?page_id=1054"},"modified":"2026-02-06T08:02:37","modified_gmt":"2026-02-06T08:02:37","slug":"yhteystiedot-pienluokat","status":"publish","type":"page","link":"https:\/\/blog.edu.turku.fi\/hannunniittu\/yhteystiedot\/yhteystiedot-pienluokat\/","title":{"rendered":"Opettajat ja ohjaajat -erityisluokat"},"content":{"rendered":"<p><em><strong>Erityisluokanopettajat ja koulunk\u00e4ynninohjaajat&nbsp;<\/strong><\/em><\/p>\n<p><strong>P\u00c4\u00c4KOULU VIRMUNTIELL\u00c4&nbsp;&nbsp;<\/strong><\/p>\n<p style=\"text-align: left\">1K&nbsp; &nbsp; &nbsp; &nbsp; Koski Mari 040 178 7082, Lehtinen Leena 040 620 1636, Kuismin Pinja<\/p>\n<p style=\"text-align: left\">1L&nbsp; &nbsp; &nbsp; &nbsp; &nbsp;Vuoristo Virve 040 128 4345, Behravan Rozhan, B\u00e4cklund Katriina&nbsp;<\/p>\n<p style=\"text-align: left\">1P&nbsp; &nbsp; &nbsp; &nbsp; &nbsp;Hiljanen Oona 044 907 4247, Tamminen Jaana, Ristolainen-Karhu Kirsi, Susmita Dutta Piua,&nbsp; &nbsp; &nbsp; &nbsp; &nbsp; &nbsp; &nbsp; &nbsp; &nbsp; &nbsp; &nbsp; &nbsp; Koivum\u00e4ki Carina, Kallio Aava<\/p>\n<p style=\"text-align: left\">2K&nbsp; &nbsp; &nbsp; &nbsp; &nbsp;Haapakumpu Elisa 044 907 4255, Suomela Tanja, Ahonen Anita, Vasala Harri<\/p>\n<p style=\"text-align: left\">2L&nbsp; &nbsp; &nbsp; &nbsp; &nbsp;Kosola Petra 040 653 6046, Nurmi Tiina, Pasanen Anni<\/p>\n<p style=\"text-align: left\">3K&nbsp; &nbsp; &nbsp; &nbsp; &nbsp;Selinummi-Laitala Anna-Kaisa 040 186 1265, Bergman Heidi, Leminen Marita<\/p>\n<p style=\"text-align: left\">3L&nbsp; &nbsp; &nbsp; &nbsp; &nbsp;Burmeister Outi&nbsp; 040 145 5565, Rantanen Tiina, Lautamaja Elena<\/p>\n<p style=\"text-align: left\">3-4M&nbsp; &nbsp; V\u00e4yrynen Emmi 040 124 4045, Aarniemi Minna, Kivel\u00e4 Heidi<\/p>\n<p style=\"text-align: left\">4K&nbsp; &nbsp; &nbsp; &nbsp; M\u00e4kip\u00e4\u00e4 Heli-Ilona 040 128 4127, Alanen Kaisa-Stiina, Kuismin Pinja<\/p>\n<p style=\"text-align: left\">4L&nbsp; &nbsp; &nbsp; &nbsp; J\u00e4rvi\u00f6 Mervi 040 197 8561, Mattila Suvi<\/p>\n<p style=\"text-align: left\">4M&nbsp; &nbsp; &nbsp; &nbsp; Suntioinen Ville 040 481 1583, Hannula Mira 040 178 7086<\/p>\n<p style=\"text-align: left\">4N&nbsp; &nbsp; &nbsp; &nbsp; Frost Nina 044 726 5335, Andrabi Hena, Lukander Inka<\/p>\n<p style=\"text-align: left\">3-5P&nbsp; &nbsp; &nbsp;Viitasalo Katriina 040 538 4512, Tuominen Tanja, Lavi Niina, Kluuskeri Leena, Kyllinen Miro,&nbsp; &nbsp; &nbsp; &nbsp; &nbsp; &nbsp; &nbsp; &nbsp; &nbsp; &nbsp; &nbsp; &nbsp; &nbsp;Wang Lili<\/p>\n<p style=\"text-align: left\">2-6P&nbsp; &nbsp; Saarnilehto Minna 040 193 8468, Nayfa Fatima, El Qortobi Hamid, Koivum\u00e4ki, Al-Saleh&nbsp; Hadeer,&nbsp; &nbsp; &nbsp; &nbsp; &nbsp; &nbsp; &nbsp; &nbsp; &nbsp; &nbsp; Salo Helin\u00e4<\/p>\n<p style=\"text-align: left\">&nbsp;<\/p>\n<p style=\"text-align: left\"><strong>HALISTEN YKSIKK\u00d6&nbsp;<\/strong>&nbsp;<\/p>\n<p style=\"text-align: left\">5K&nbsp; &nbsp; &nbsp; &nbsp; &nbsp; Nyman Sari 040 197 8571, Heikkinen Anne, Al-Abdulrasul Naba&nbsp;<\/p>\n<p style=\"text-align: left\">5L&nbsp; &nbsp; &nbsp; &nbsp; &nbsp; Lauren Jussi 040 573 1307, Syla Kosovare<\/p>\n<p style=\"text-align: left\">5F&nbsp; &nbsp; &nbsp; &nbsp; &nbsp; Vuorinen Laura 040 524 1602, H\u00e4m\u00e4l\u00e4inen Johanna&nbsp; &nbsp; &nbsp; &nbsp; &nbsp; &nbsp; &nbsp; &nbsp; &nbsp; &nbsp; &nbsp; &nbsp; &nbsp; &nbsp; &nbsp; &nbsp; &nbsp; &nbsp; &nbsp; &nbsp; &nbsp; &nbsp; &nbsp; &nbsp; &nbsp; &nbsp; &nbsp; &nbsp; &nbsp; &nbsp; &nbsp; &nbsp; &nbsp; &nbsp; &nbsp; &nbsp; &nbsp; &nbsp; &nbsp; &nbsp; &nbsp; &nbsp; &nbsp; &nbsp; &nbsp; &nbsp;&nbsp;<\/p>\n<p style=\"text-align: left\">6K&nbsp; &nbsp; &nbsp; &nbsp; &nbsp;Tahkola Irma 040 178 7614, Fr\u00e4nti Annakaisa, Mets\u00e4t\u00e4hti Allan<\/p>\n<p style=\"text-align: left\">6L&nbsp; &nbsp; &nbsp; &nbsp; &nbsp;Terho Petri 040 573 2206, Kulmala Johanna 050 432 3512<\/p>\n<p style=\"text-align: left\">6M&nbsp; &nbsp; &nbsp; &nbsp; Heikkil\u00e4 Emma 044 907 5065, Liiman Tiia&nbsp;<\/p>\n<p style=\"text-align: left\">6N&nbsp; &nbsp; &nbsp; &nbsp; Brummer Johanna 040 178 7084, sij. kev\u00e4tlukukaudella H\u00e4kkinen Johanna, Suominen P\u00e4ivi<\/p>\n<p style=\"text-align: left\">&nbsp;<\/p>\n<p style=\"text-align: left\">&nbsp; &nbsp; &nbsp; &nbsp;&nbsp;<\/p>\n<p style=\"text-align: left\"><strong>Muut opettajat&nbsp;<\/strong> &nbsp; &nbsp; &nbsp; &nbsp; &nbsp; &nbsp; &nbsp; &nbsp; &nbsp;&nbsp;<\/p>\n<p style=\"text-align: left\">Kinos Sirkku 044 907 4690, <em>erityisopettaja<\/em><\/p>\n<p style=\"text-align: left\">Stenius Katri 040 183 4551, <em>erityisopettaja<\/em><\/p>\n<p style=\"text-align: left\">Grandell Annu 040 743 9691, <em>erityisopettaja<\/em><\/p>\n<p style=\"text-align: left\">Outakoski Kitta 040 573 1168, <em>englanti, espanja, ruotsi<\/em><\/p>\n<p style=\"text-align: left\"><span style=\"color: #999999\">Lundqvist Johanna&nbsp; 040 164 7033,<\/span> <em>suomi toisena kielen\u00e4, sij. Rannikko Henni 044 907 4134<\/em><\/p>\n<p style=\"text-align: left\">Al-Ibadi Marjukka&nbsp; 040 486 3067, <em>uskonto islam<\/em><\/p>\n<p style=\"text-align: left\">Rannikko Paula, <em>uskonto ortodoksi (ja osa-aikainen sijainen Hyt\u00f6nen Markus)<\/em><\/p>\n<p>Nkegbe Abla, <em>uskonto katolinen<\/em><\/p>\n<p style=\"text-align: left\">Al-Amarah Radhwan&nbsp; 040 485 8235, <em>omakielinen opetus arabia<\/em><\/p>\n<p style=\"text-align: left\">M\u00e4gi Marika&nbsp; 040 184 7858, <em>omakielinen opetus viro ja ven\u00e4j\u00e4<\/em><\/p>\n<p style=\"text-align: left\"><strong>Muut ohjaajat<\/strong><\/p>\n<p style=\"text-align: left\">Liikanen Pekka, 040 198 2344<\/p>\n<p style=\"text-align: left\">Mimoza Namani (albania)<\/p>\n<p style=\"text-align: left\">Hyypp\u00e4 Minna (viittomakieli)<\/p>\n<p style=\"text-align: left\">&nbsp;<\/p>\n<p>&nbsp;<\/p>\n","protected":false},"excerpt":{"rendered":"<p>Erityisluokanopettajat ja koulunk\u00e4ynninohjaajat&nbsp; P\u00c4\u00c4KOULU VIRMUNTIELL\u00c4&nbsp;&nbsp; 1K&nbsp; &nbsp; &nbsp; &nbsp; Koski Mari 040 178 7082, Lehtinen Leena 040 620 1636, Kuismin Pinja 1L&nbsp; &nbsp; &nbsp; &nbsp; &nbsp;Vuoristo Virve 040 128 4345, Behravan Rozhan, B\u00e4cklund Katriina&nbsp; 1P&nbsp; &nbsp; &nbsp; &nbsp; &nbsp;Hiljanen Oona 044 907 4247, Tamminen Jaana, Ristolainen-Karhu Kirsi, Susmita Dutta Piua,&nbsp; &nbsp; &nbsp; &nbsp; &nbsp; &nbsp; &hellip; <a href=\"https:\/\/blog.edu.turku.fi\/hannunniittu\/yhteystiedot\/yhteystiedot-pienluokat\/\" class=\"more-link\">Jatka lukemista<span class=\"screen-reader-text\"> &#8221;Opettajat ja ohjaajat -erityisluokat&#8221;<\/span><\/a><\/p>\n","protected":false},"author":1026,"featured_media":0,"parent":97,"menu_order":0,"comment_status":"closed","ping_status":"closed","template":"","meta":{"ngg_post_thumbnail":0,"footnotes":""},"class_list":["post-1054","page","type-page","status-publish","hentry"],"_links":{"self":[{"href":"https:\/\/blog.edu.turku.fi\/hannunniittu\/wp-json\/wp\/v2\/pages\/1054","targetHints":{"allow":["GET"]}}],"collection":[{"href":"https:\/\/blog.edu.turku.fi\/hannunniittu\/wp-json\/wp\/v2\/pages"}],"about":[{"href":"https:\/\/blog.edu.turku.fi\/hannunniittu\/wp-json\/wp\/v2\/types\/page"}],"author":[{"embeddable":true,"href":"https:\/\/blog.edu.turku.fi\/hannunniittu\/wp-json\/wp\/v2\/users\/1026"}],"replies":[{"embeddable":true,"href":"https:\/\/blog.edu.turku.fi\/hannunniittu\/wp-json\/wp\/v2\/comments?post=1054"}],"version-history":[{"count":383,"href":"https:\/\/blog.edu.turku.fi\/hannunniittu\/wp-json\/wp\/v2\/pages\/1054\/revisions"}],"predecessor-version":[{"id":2450,"href":"https:\/\/blog.edu.turku.fi\/hannunniittu\/wp-json\/wp\/v2\/pages\/1054\/revisions\/2450"}],"up":[{"embeddable":true,"href":"https:\/\/blog.edu.turku.fi\/hannunniittu\/wp-json\/wp\/v2\/pages\/97"}],"wp:attachment":[{"href":"https:\/\/blog.edu.turku.fi\/hannunniittu\/wp-json\/wp\/v2\/media?parent=1054"}],"curies":[{"name":"wp","href":"https:\/\/api.w.org\/{rel}","templated":true}]}}