{"id":1049,"date":"2016-04-12T07:56:19","date_gmt":"2016-04-12T07:56:19","guid":{"rendered":"https:\/\/blog.edu.turku.fi\/hannunniittu\/?page_id=1049"},"modified":"2025-11-05T11:40:18","modified_gmt":"2025-11-05T11:40:18","slug":"yhteystiedot-isot-luokat","status":"publish","type":"page","link":"https:\/\/blog.edu.turku.fi\/hannunniittu\/yhteystiedot\/yhteystiedot-isot-luokat\/","title":{"rendered":"Opettajat ja ohjaajat- isot luokat"},"content":{"rendered":"<p><em><strong>Luokanopettajat<\/strong><\/em><\/p>\n<p>&nbsp;<\/p>\n<p><strong>KOHMON yksikk\u00f6<\/strong><\/p>\n<p>1-2D&nbsp; Reini Pilvi 040 154 6521(Kohmon yksikk\u00f6), kko Lassila Sanna 040 843 5912, Saariainen Elli<\/p>\n<p>&nbsp;<\/p>\n<p><strong>P\u00c4\u00c4KOULU VIRMUNTIELL\u00c4<\/strong><\/p>\n<p>1A&nbsp; &nbsp; &nbsp;Helminen Helj\u00e4, 044 907 4074<\/p>\n<p>1B&nbsp; &nbsp; &nbsp;Alanne Henna 040 184 5496<\/p>\n<p>1C&nbsp; &nbsp; &nbsp;Lyrintzis Riikka 040 486 8463<\/p>\n<p>2A&nbsp; &nbsp; Asanti Tea 044 907 5824<\/p>\n<p>2B&nbsp; &nbsp; Asanti Johanna 040 195 8626<\/p>\n<p>2C&nbsp; &nbsp; Oiva Nina 040 164 7014&nbsp;<\/p>\n<p>3A&nbsp; &nbsp; Norr Ida 044 907 3641<\/p>\n<p>3B&nbsp; &nbsp; &nbsp;Aitasalo Eva 040 355 9081<\/p>\n<p>3C&nbsp; &nbsp; &nbsp;Horst Satu 040 771 2999<\/p>\n<p>4A&nbsp; &nbsp; &nbsp;Aaltonen Pirjo 040 164 7020<\/p>\n<p>4B&nbsp; &nbsp; &nbsp;Hein\u00e4nen Elina 040 195 8247<\/p>\n<p>4C&nbsp; &nbsp; &nbsp;Vuoristo Tuomas 040 350 5209<\/p>\n<p>4D&nbsp; &nbsp; &nbsp;Koski-Tuuri Merja 040 572 2955<\/p>\n<p>&nbsp;<\/p>\n<p><strong>HALISTEN YKSIKK\u00d6<\/strong><\/p>\n<p>5A&nbsp; &nbsp; &nbsp;Mattsson Irene 040 777 6018<\/p>\n<p>5B&nbsp; &nbsp; &nbsp;Loueniva Juhana 040 486 2605<\/p>\n<p>5C&nbsp; &nbsp; Honkala Teemu 0400 944 175&nbsp; &nbsp; &nbsp; &nbsp; &nbsp; &nbsp; &nbsp; &nbsp; &nbsp;<\/p>\n<p>6A&nbsp; &nbsp; &nbsp;Parkkila Tommi 040 195 8460<\/p>\n<p>6B&nbsp; &nbsp; &nbsp;Aaltonen Jukka 044 907 5640<\/p>\n<p>6C&nbsp; &nbsp; &nbsp;Rytk\u00f6l\u00e4 Susanne 040 163 9650<\/p>\n<p>&nbsp; &nbsp; &nbsp; &nbsp;<\/p>\n<p><em><strong>Muut opettajat ja koulunk\u00e4ynninohjaajat<\/strong><\/em><\/p>\n<p>&nbsp;<\/p>\n<p>Gadid Sumaja 040 593 7971, <em>tuntiopettaja<\/em><\/p>\n<p>Grandell Annu&nbsp;040 743 9691, <em>erityisopettaja<\/em><\/p>\n<p>Kinos Sirkku&nbsp;044 907 4690, <em>erityisopettaja<\/em><\/p>\n<p>Stenius Katri&nbsp;040 183 4551, <em>erityisopettaja<\/em><\/p>\n<p>Outakoski Kitta&nbsp;040 573 1168, <em>englanti, espanja, ruotsi<\/em><\/p>\n<p><span style=\"color: #999999\">Lundqvist Johanna 040 164 7033, <\/span><em>suomi toisena kielen\u00e4, sij. Rannikko Henni 044 907 4134<\/em><\/p>\n<p>Al-Ibadi Marjukka&nbsp;040 486 3067, <em>uskonto islam<\/em><\/p>\n<p>Rannikko Paula, <em>uskonto ortodoksi (ja osa-aikainen sijainen Hyt\u00f6nen Markus)<\/em><\/p>\n<p>Nkegbe Abla, <em>uskonto katolinen<\/em><\/p>\n<p>&nbsp;Al-Amarah Radhwan040 485 8235, <em>omakielinen opetus arabia<\/em><\/p>\n<p>M\u00e4gi Marika&nbsp;040 184 7858, <em>omakielinen opetus viro ja ven\u00e4j\u00e4<\/em><\/p>\n<p><em>koulunk\u00e4ynninohjaajat:<\/em><\/p>\n<p>Gottberg Hanna<\/p>\n<p>Nurmi Janita&nbsp;<\/p>\n<p>Liikanen Pekka, 040 198 2344<\/p>\n<p>Mimoza Namani (albania)<\/p>\n<p>&nbsp;<\/p>\n<p>&nbsp;<\/p>\n<p>&nbsp;<\/p>\n<p>&nbsp;<\/p>\n<p>&nbsp;<\/p>\n<p>&nbsp;<\/p>\n<h2>&nbsp;<\/h2>\n","protected":false},"excerpt":{"rendered":"<p>Luokanopettajat &nbsp; KOHMON yksikk\u00f6 1-2D&nbsp; Reini Pilvi 040 154 6521(Kohmon yksikk\u00f6), kko Lassila Sanna 040 843 5912, Saariainen Elli &nbsp; P\u00c4\u00c4KOULU VIRMUNTIELL\u00c4 1A&nbsp; &nbsp; &nbsp;Helminen Helj\u00e4, 044 907 4074 1B&nbsp; &nbsp; &nbsp;Alanne Henna 040 184 5496 1C&nbsp; &nbsp; &nbsp;Lyrintzis Riikka 040 486 8463 2A&nbsp; &nbsp; Asanti Tea 044 907 5824 2B&nbsp; &nbsp; Asanti Johanna 040 &hellip; <a href=\"https:\/\/blog.edu.turku.fi\/hannunniittu\/yhteystiedot\/yhteystiedot-isot-luokat\/\" class=\"more-link\">Jatka lukemista<span class=\"screen-reader-text\"> &#8221;Opettajat ja ohjaajat- isot luokat&#8221;<\/span><\/a><\/p>\n","protected":false},"author":1026,"featured_media":0,"parent":97,"menu_order":0,"comment_status":"closed","ping_status":"closed","template":"","meta":{"ngg_post_thumbnail":0,"footnotes":""},"class_list":["post-1049","page","type-page","status-publish","hentry"],"_links":{"self":[{"href":"https:\/\/blog.edu.turku.fi\/hannunniittu\/wp-json\/wp\/v2\/pages\/1049","targetHints":{"allow":["GET"]}}],"collection":[{"href":"https:\/\/blog.edu.turku.fi\/hannunniittu\/wp-json\/wp\/v2\/pages"}],"about":[{"href":"https:\/\/blog.edu.turku.fi\/hannunniittu\/wp-json\/wp\/v2\/types\/page"}],"author":[{"embeddable":true,"href":"https:\/\/blog.edu.turku.fi\/hannunniittu\/wp-json\/wp\/v2\/users\/1026"}],"replies":[{"embeddable":true,"href":"https:\/\/blog.edu.turku.fi\/hannunniittu\/wp-json\/wp\/v2\/comments?post=1049"}],"version-history":[{"count":210,"href":"https:\/\/blog.edu.turku.fi\/hannunniittu\/wp-json\/wp\/v2\/pages\/1049\/revisions"}],"predecessor-version":[{"id":2441,"href":"https:\/\/blog.edu.turku.fi\/hannunniittu\/wp-json\/wp\/v2\/pages\/1049\/revisions\/2441"}],"up":[{"embeddable":true,"href":"https:\/\/blog.edu.turku.fi\/hannunniittu\/wp-json\/wp\/v2\/pages\/97"}],"wp:attachment":[{"href":"https:\/\/blog.edu.turku.fi\/hannunniittu\/wp-json\/wp\/v2\/media?parent=1049"}],"curies":[{"name":"wp","href":"https:\/\/api.w.org\/{rel}","templated":true}]}}