{"id":9,"date":"2015-10-19T10:47:36","date_gmt":"2015-10-19T07:47:36","guid":{"rendered":"https:\/\/blog.edu.turku.fi\/haarlapikisaariphy\/?page_id=9"},"modified":"2024-10-08T10:19:12","modified_gmt":"2024-10-08T07:19:12","slug":"yhteystiedot","status":"publish","type":"page","link":"https:\/\/blog.edu.turku.fi\/haarlanpk\/yhteystiedot\/","title":{"rendered":"Yhteystiedot"},"content":{"rendered":"<p><strong>Meteorikatu 1, 20900 Turku<\/strong><\/p>\n<p>Aukioloaika ma-pe 6.30-17.00<br \/>\nPuhelinvaihde 02 330 000<br \/>\nP\u00e4iv\u00e4kodinjohtaja Katariina Saarinen 050 412 8087<br \/>\n<a href=\"mailto:katariina.saarinen@edu.turku.fi\" data-extlink=\"\">etunimi.sukunimi@edu.turku.fi<\/a><\/p>\n<p><strong>\u00a0Ryhmien numerot:<\/strong><\/p>\n<p>Meteorikatu 1<br \/>\nAuringot: 040 4864262<br \/>\nMeteorit: 040 8321308<br \/>\nT\u00e4hdet: 040 4857907<br \/>\nKuut: 040 8324213<br \/>\nKomeetat: 040 3528501<br \/>\nPyrst\u00f6t\u00e4hdet: 044 9072727<\/p>\n<p>Avoin toiminta ja kerho: 040 6416364<\/p>\n<p>Myrskypuiston leikkipaikka<br \/>\n0400 763009<\/p>\n","protected":false},"excerpt":{"rendered":"<p>Meteorikatu 1, 20900 Turku Aukioloaika ma-pe 6.30-17.00 Puhelinvaihde 02 330 000 P\u00e4iv\u00e4kodinjohtaja Katariina Saarinen 050 412 8087 etunimi.sukunimi@edu.turku.fi \u00a0Ryhmien numerot: Meteorikatu 1 Auringot: 040 4864262 Meteorit: 040 8321308 T\u00e4hdet: 040 4857907 Kuut: 040 8324213 Komeetat: 040 3528501 Pyrst\u00f6t\u00e4hdet: 044 9072727 Avoin toiminta ja kerho: 040 6416364 Myrskypuiston leikkipaikka 0400 763009<\/p>\n","protected":false},"author":1560,"featured_media":0,"parent":0,"menu_order":0,"comment_status":"closed","ping_status":"closed","template":"","meta":{"footnotes":""},"class_list":["post-9","page","type-page","status-publish","hentry"],"_links":{"self":[{"href":"https:\/\/blog.edu.turku.fi\/haarlanpk\/wp-json\/wp\/v2\/pages\/9","targetHints":{"allow":["GET"]}}],"collection":[{"href":"https:\/\/blog.edu.turku.fi\/haarlanpk\/wp-json\/wp\/v2\/pages"}],"about":[{"href":"https:\/\/blog.edu.turku.fi\/haarlanpk\/wp-json\/wp\/v2\/types\/page"}],"author":[{"embeddable":true,"href":"https:\/\/blog.edu.turku.fi\/haarlanpk\/wp-json\/wp\/v2\/users\/1560"}],"replies":[{"embeddable":true,"href":"https:\/\/blog.edu.turku.fi\/haarlanpk\/wp-json\/wp\/v2\/comments?post=9"}],"version-history":[{"count":7,"href":"https:\/\/blog.edu.turku.fi\/haarlanpk\/wp-json\/wp\/v2\/pages\/9\/revisions"}],"predecessor-version":[{"id":2356,"href":"https:\/\/blog.edu.turku.fi\/haarlanpk\/wp-json\/wp\/v2\/pages\/9\/revisions\/2356"}],"wp:attachment":[{"href":"https:\/\/blog.edu.turku.fi\/haarlanpk\/wp-json\/wp\/v2\/media?parent=9"}],"curies":[{"name":"wp","href":"https:\/\/api.w.org\/{rel}","templated":true}]}}