{"id":58,"date":"2015-10-19T12:34:17","date_gmt":"2015-10-19T09:34:17","guid":{"rendered":"https:\/\/blog.edu.turku.fi\/haarlapikisaariphy\/?page_id=58"},"modified":"2024-10-15T11:02:32","modified_gmt":"2024-10-15T08:02:32","slug":"etusivu","status":"publish","type":"page","link":"https:\/\/blog.edu.turku.fi\/haarlanpk\/","title":{"rendered":"Tervetuloa"},"content":{"rendered":"<p>Haarlan p\u00e4iv\u00e4kotiin kuuluvat p\u00e4iv\u00e4koti Meteorikatu 1 sek\u00e4 avoin toiminta ja kerho Ylikyl\u00e4ss\u00e4. N\u00e4m\u00e4 sijaitsevat Hirvensalon merellisell\u00e4 ja vehre\u00e4ll\u00e4 saarella.<\/p>\n<figure id=\"attachment_1202\" aria-describedby=\"caption-attachment-1202\" style=\"width: 225px\" class=\"wp-caption alignnone\"><a href=\"https:\/\/blog.edu.turku.fi\/haarlapikisaariphy\/files\/2019\/04\/blogi-1.jpg\"><img loading=\"lazy\" decoding=\"async\" class=\"wp-image-1202 size-medium\" src=\"https:\/\/blog.edu.turku.fi\/haarlapikisaariphy\/files\/2019\/04\/blogi-1-225x300.jpg\" alt=\"Meteorikadun varhaiskasvatusyksikk\u00f6\" width=\"225\" height=\"300\" srcset=\"https:\/\/blog.edu.turku.fi\/haarlanpk\/files\/2019\/04\/blogi-1-225x300.jpg 225w, https:\/\/blog.edu.turku.fi\/haarlanpk\/files\/2019\/04\/blogi-1-768x1024.jpg 768w, https:\/\/blog.edu.turku.fi\/haarlanpk\/files\/2019\/04\/blogi-1.jpg 929w\" sizes=\"auto, (max-width: 225px) 85vw, 225px\" \/><\/a><figcaption id=\"caption-attachment-1202\" class=\"wp-caption-text\">Meteorikadun varhaiskasvatusyksikk\u00f6<\/figcaption><\/figure>\n<p>P\u00e4iv\u00e4kotimme on aloittanut toimintansa elokuussa 2005. P\u00e4iv\u00e4kodissa on kuusi ryhm\u00e4\u00e4, joista kaksi esiopetusryhm\u00e4\u00e4 toimii Haarlan koulussa.<\/p>\n<p>Ryhm\u00e4t:<\/p>\n<p>Auringot (1-3-vuotiaat)<br \/>\nMeteorit (3-5-vuotiaat)<br \/>\nT\u00e4hdet (3-5-vuotiaat)<br \/>\nKuut (esiopetusik\u00e4iset)<br \/>\nPyrst\u00f6t\u00e4hdet (esiopetusik\u00e4iset)<br \/>\nKomeetat (esiopetuik\u00e4iset)<\/p>\n","protected":false},"excerpt":{"rendered":"<p>Haarlan p\u00e4iv\u00e4kotiin kuuluvat p\u00e4iv\u00e4koti Meteorikatu 1 sek\u00e4 avoin toiminta ja kerho Ylikyl\u00e4ss\u00e4. N\u00e4m\u00e4 sijaitsevat Hirvensalon merellisell\u00e4 ja vehre\u00e4ll\u00e4 saarella. P\u00e4iv\u00e4kotimme on aloittanut toimintansa elokuussa 2005. P\u00e4iv\u00e4kodissa on kuusi ryhm\u00e4\u00e4, joista kaksi esiopetusryhm\u00e4\u00e4 toimii Haarlan koulussa. Ryhm\u00e4t: Auringot (1-3-vuotiaat) Meteorit (3-5-vuotiaat) T\u00e4hdet (3-5-vuotiaat) Kuut (esiopetusik\u00e4iset) Pyrst\u00f6t\u00e4hdet (esiopetusik\u00e4iset) Komeetat (esiopetuik\u00e4iset)<\/p>\n","protected":false},"author":3435,"featured_media":0,"parent":0,"menu_order":0,"comment_status":"closed","ping_status":"closed","template":"","meta":{"footnotes":""},"class_list":["post-58","page","type-page","status-publish","hentry"],"_links":{"self":[{"href":"https:\/\/blog.edu.turku.fi\/haarlanpk\/wp-json\/wp\/v2\/pages\/58","targetHints":{"allow":["GET"]}}],"collection":[{"href":"https:\/\/blog.edu.turku.fi\/haarlanpk\/wp-json\/wp\/v2\/pages"}],"about":[{"href":"https:\/\/blog.edu.turku.fi\/haarlanpk\/wp-json\/wp\/v2\/types\/page"}],"author":[{"embeddable":true,"href":"https:\/\/blog.edu.turku.fi\/haarlanpk\/wp-json\/wp\/v2\/users\/3435"}],"replies":[{"embeddable":true,"href":"https:\/\/blog.edu.turku.fi\/haarlanpk\/wp-json\/wp\/v2\/comments?post=58"}],"version-history":[{"count":29,"href":"https:\/\/blog.edu.turku.fi\/haarlanpk\/wp-json\/wp\/v2\/pages\/58\/revisions"}],"predecessor-version":[{"id":2365,"href":"https:\/\/blog.edu.turku.fi\/haarlanpk\/wp-json\/wp\/v2\/pages\/58\/revisions\/2365"}],"wp:attachment":[{"href":"https:\/\/blog.edu.turku.fi\/haarlanpk\/wp-json\/wp\/v2\/media?parent=58"}],"curies":[{"name":"wp","href":"https:\/\/api.w.org\/{rel}","templated":true}]}}