{"id":44,"date":"2014-11-03T18:59:18","date_gmt":"2014-11-03T16:59:18","guid":{"rendered":"https:\/\/blog.edu.turku.fi\/haarla\/?page_id=44"},"modified":"2020-08-10T18:13:52","modified_gmt":"2020-08-10T15:13:52","slug":"oppilaskunnan-hallitus","status":"publish","type":"page","link":"https:\/\/blog.edu.turku.fi\/haarla\/oppilaskunnan-hallitus\/","title":{"rendered":"Oppilaskunta"},"content":{"rendered":"<p><span data-contrast=\"auto\">Oppilaskuntatoiminta Haarlan koulussa<\/span><span data-ccp-props=\"{&quot;201341983&quot;:0,&quot;335559739&quot;:160,&quot;335559740&quot;:259}\">\u00a0<\/span><\/p>\n<p><span data-contrast=\"none\">Oppilaskunta on yht\u00e4 kuin kaikki koulun oppilaat. Oppilaskunnan hallitus on demokraattisesti valittu toimielin, joka edustaa kaikkia koulun oppilaita. Hallitus johtaa oppilaskunnan toimintaa, jonka toteuttamiseen otetaan kaikki mukaan. Hallitus vaihtuu tammikuussa j\u00e4rjestett\u00e4vien vaalien yhteydess\u00e4. Kaikki oppilaat ovat oppilaskunnan ja kouluyhteis\u00f6n yht\u00e4 t\u00e4rkeit\u00e4 j\u00e4seni\u00e4, ja jokaisella on oikeus vaikuttaa omiin asioihin<\/span><span data-contrast=\"none\">sa.\u00a0<\/span><\/p>\n<p><span data-contrast=\"none\">Oppilaskunnan tukena toimivat Haarlan koulussa\u00a0<\/span><span data-contrast=\"none\">ohjaava<\/span><span data-contrast=\"none\">t<\/span><span data-contrast=\"none\">\u00a0opettaja<\/span><span data-contrast=\"none\">t Noora Tammelin<\/span><span data-contrast=\"none\">\u00a0ja Henna Pohjavirta.<\/span><span data-ccp-props=\"{&quot;201341983&quot;:0,&quot;335559739&quot;:160,&quot;335559740&quot;:259}\">\u00a0<\/span><\/p>\n<p><b><span data-contrast=\"none\">Oppilaskunta<\/span><\/b><span data-ccp-props=\"{&quot;201341983&quot;:0,&quot;335559739&quot;:240,&quot;335559740&quot;:240}\">\u00a0<\/span><\/p>\n<ul>\n<li data-leveltext=\"\uf0b7\" data-font=\"Symbol\" data-listid=\"1\" data-aria-posinset=\"1\" data-aria-level=\"1\"><span data-contrast=\"none\">on oppilaiden \u00e4\u00e4nitorvi ja aktiivinen keskustelija<\/span><span data-ccp-props=\"{&quot;134233118&quot;:true,&quot;201341983&quot;:0,&quot;335559685&quot;:150,&quot;335559739&quot;:160,&quot;335559740&quot;:240}\">\u00a0<\/span><\/li>\n<li data-leveltext=\"\uf0b7\" data-font=\"Symbol\" data-listid=\"1\" data-aria-posinset=\"2\" data-aria-level=\"1\"><span data-contrast=\"none\">toimii suunnitelmallisesti ja vaikuttavasti<\/span><span data-ccp-props=\"{&quot;134233118&quot;:true,&quot;201341983&quot;:0,&quot;335559685&quot;:150,&quot;335559738&quot;:75,&quot;335559739&quot;:160,&quot;335559740&quot;:240}\">\u00a0<\/span><\/li>\n<\/ul>\n<ul>\n<li data-leveltext=\"\uf0b7\" data-font=\"Symbol\" data-listid=\"1\" data-aria-posinset=\"1\" data-aria-level=\"1\"><span data-contrast=\"none\">parantaa oppilaiden asemaa ja kouluhyvinvointia omassa luokassa ja koulussa<\/span><span data-ccp-props=\"{&quot;134233118&quot;:true,&quot;201341983&quot;:0,&quot;335559685&quot;:150,&quot;335559738&quot;:75,&quot;335559739&quot;:160,&quot;335559740&quot;:240}\">\u00a0<\/span><\/li>\n<li data-leveltext=\"\uf0b7\" data-font=\"Symbol\" data-listid=\"1\" data-aria-posinset=\"2\" data-aria-level=\"1\"><span data-contrast=\"none\">ideoi<\/span><span data-contrast=\"none\">\u00a0erilaisia teemap\u00e4ivi\u00e4 ja juhlia<\/span><span data-ccp-props=\"{&quot;134233118&quot;:true,&quot;201341983&quot;:0,&quot;335559685&quot;:150,&quot;335559738&quot;:75,&quot;335559739&quot;:160,&quot;335559740&quot;:240}\">\u00a0<\/span><\/li>\n<li data-leveltext=\"\uf0b7\" data-font=\"Symbol\" data-listid=\"1\" data-aria-posinset=\"3\" data-aria-level=\"1\"><span data-contrast=\"none\">o<\/span><span data-contrast=\"none\">ppilaskunnan ydintoimintaa on vaikuttaminen<\/span><span data-ccp-props=\"{&quot;134233118&quot;:true,&quot;201341983&quot;:0,&quot;335559685&quot;:150,&quot;335559738&quot;:75,&quot;335559739&quot;:160,&quot;335559740&quot;:240}\">\u00a0<\/span><\/li>\n<\/ul>\n<p><span data-contrast=\"none\">Jos haluat tutustua tarkemmin oppilaskunnan toimintaa<\/span><span data-contrast=\"none\">n, k\u00e4y\u00a0<\/span><span data-contrast=\"none\">sivulla\u00a0<\/span><span data-contrast=\"none\"><a href=\"https:\/\/omaoppilaskunta.fi\/\">omaoppilaskunta.fi<\/a>.<\/span><\/p>\n<p>&nbsp;<\/p>\n<p>&nbsp;<\/p>\n","protected":false},"excerpt":{"rendered":"<p>Oppilaskuntatoiminta Haarlan koulussa\u00a0 Oppilaskunta on yht\u00e4 kuin kaikki koulun oppilaat. Oppilaskunnan hallitus on demokraattisesti valittu toimielin, joka edustaa kaikkia koulun oppilaita. Hallitus johtaa oppilaskunnan toimintaa, jonka toteuttamiseen otetaan kaikki mukaan. Hallitus vaihtuu tammikuussa j\u00e4rjestett\u00e4vien vaalien yhteydess\u00e4. Kaikki oppilaat ovat oppilaskunnan ja kouluyhteis\u00f6n yht\u00e4 t\u00e4rkeit\u00e4 j\u00e4seni\u00e4, ja jokaisella on oikeus vaikuttaa omiin asioihinsa.\u00a0 Oppilaskunnan tukena toimivat &hellip; <a href=\"https:\/\/blog.edu.turku.fi\/haarla\/oppilaskunnan-hallitus\/\" class=\"more-link\">Jatka lukemista<span class=\"screen-reader-text\"> &#8221;Oppilaskunta&#8221;<\/span><\/a><\/p>\n","protected":false},"author":1122,"featured_media":0,"parent":0,"menu_order":0,"comment_status":"closed","ping_status":"closed","template":"","meta":{"footnotes":""},"class_list":["post-44","page","type-page","status-publish","hentry"],"_links":{"self":[{"href":"https:\/\/blog.edu.turku.fi\/haarla\/wp-json\/wp\/v2\/pages\/44","targetHints":{"allow":["GET"]}}],"collection":[{"href":"https:\/\/blog.edu.turku.fi\/haarla\/wp-json\/wp\/v2\/pages"}],"about":[{"href":"https:\/\/blog.edu.turku.fi\/haarla\/wp-json\/wp\/v2\/types\/page"}],"author":[{"embeddable":true,"href":"https:\/\/blog.edu.turku.fi\/haarla\/wp-json\/wp\/v2\/users\/1122"}],"replies":[{"embeddable":true,"href":"https:\/\/blog.edu.turku.fi\/haarla\/wp-json\/wp\/v2\/comments?post=44"}],"version-history":[{"count":8,"href":"https:\/\/blog.edu.turku.fi\/haarla\/wp-json\/wp\/v2\/pages\/44\/revisions"}],"predecessor-version":[{"id":214,"href":"https:\/\/blog.edu.turku.fi\/haarla\/wp-json\/wp\/v2\/pages\/44\/revisions\/214"}],"wp:attachment":[{"href":"https:\/\/blog.edu.turku.fi\/haarla\/wp-json\/wp\/v2\/media?parent=44"}],"curies":[{"name":"wp","href":"https:\/\/api.w.org\/{rel}","templated":true}]}}