{"id":379,"date":"2026-04-27T10:29:34","date_gmt":"2026-04-27T07:29:34","guid":{"rendered":"https:\/\/blog.edu.turku.fi\/haarla\/?page_id=379"},"modified":"2026-04-27T16:54:46","modified_gmt":"2026-04-27T13:54:46","slug":"valinnaisaineet","status":"publish","type":"page","link":"https:\/\/blog.edu.turku.fi\/haarla\/valinnaisaineet\/","title":{"rendered":"Valinnaisaineet"},"content":{"rendered":"<p>Sivu p\u00e4ivittyy l\u00e4hip\u00e4ivin\u00e4.<\/p>\n","protected":false},"excerpt":{"rendered":"<p>Sivu p\u00e4ivittyy l\u00e4hip\u00e4ivin\u00e4.<\/p>\n","protected":false},"author":2491,"featured_media":0,"parent":0,"menu_order":0,"comment_status":"closed","ping_status":"closed","template":"","meta":{"footnotes":""},"class_list":["post-379","page","type-page","status-publish","hentry"],"_links":{"self":[{"href":"https:\/\/blog.edu.turku.fi\/haarla\/wp-json\/wp\/v2\/pages\/379","targetHints":{"allow":["GET"]}}],"collection":[{"href":"https:\/\/blog.edu.turku.fi\/haarla\/wp-json\/wp\/v2\/pages"}],"about":[{"href":"https:\/\/blog.edu.turku.fi\/haarla\/wp-json\/wp\/v2\/types\/page"}],"author":[{"embeddable":true,"href":"https:\/\/blog.edu.turku.fi\/haarla\/wp-json\/wp\/v2\/users\/2491"}],"replies":[{"embeddable":true,"href":"https:\/\/blog.edu.turku.fi\/haarla\/wp-json\/wp\/v2\/comments?post=379"}],"version-history":[{"count":1,"href":"https:\/\/blog.edu.turku.fi\/haarla\/wp-json\/wp\/v2\/pages\/379\/revisions"}],"predecessor-version":[{"id":380,"href":"https:\/\/blog.edu.turku.fi\/haarla\/wp-json\/wp\/v2\/pages\/379\/revisions\/380"}],"wp:attachment":[{"href":"https:\/\/blog.edu.turku.fi\/haarla\/wp-json\/wp\/v2\/media?parent=379"}],"curies":[{"name":"wp","href":"https:\/\/api.w.org\/{rel}","templated":true}]}}