{"id":318,"date":"2024-10-22T17:43:21","date_gmt":"2024-10-22T14:43:21","guid":{"rendered":"https:\/\/blog.edu.turku.fi\/haarla\/?page_id=318"},"modified":"2026-03-08T18:06:17","modified_gmt":"2026-03-08T16:06:17","slug":"ajankohtaista-2","status":"publish","type":"page","link":"https:\/\/blog.edu.turku.fi\/haarla\/ajankohtaista-2\/","title":{"rendered":"Ajankohtaista"},"content":{"rendered":"<div data-olk-copy-source=\"MessageBody\">\n<div>\n<p>&nbsp;<\/p>\n<\/div>\n<p><b><span data-contrast=\"auto\">Haarlan koulun tutustumisp\u00e4iv\u00e4 koulutulokkaille<\/span><\/b><\/p>\n<p><span data-contrast=\"auto\">Tutustumisp\u00e4iv\u00e4\u00a07.5.2026\u00a0klo 8.30-10<\/span><span data-ccp-props=\"{}\">\u00a0<\/span><\/p>\n<p><span data-contrast=\"auto\">Huoltajien infotilaisuus samaan aikaan kuin oppilailla.<\/span><span data-ccp-props=\"{}\">\u00a0<\/span><\/p>\n<div>\n<p>&nbsp;<\/p>\n<p><b><span data-olk-copy-source=\"MessageBody\">Kouluun ilmoittautumisen aikataulut<\/span><\/b>\u00a0(<a title=\"https:\/\/www.turku.fi\/perusopetus\/kouluun-ilmoittautuminen\" href=\"https:\/\/www.turku.fi\/perusopetus\/kouluun-ilmoittautuminen\" target=\"_blank\" rel=\"noopener noreferrer\" data-auth=\"NotApplicable\" data-linkindex=\"0\">Kouluun ilmoittautuminen | Turku.fi<\/a>)<\/p>\n<\/div>\n<div>\n<p><b><br \/>\nEnsisijainen haku<\/b><br \/>\nOppivelvollisuuslomake t\u00e4ytet\u00e4\u00e4n Wilmassa\u00a017.12.2025 menness\u00e4.<\/p>\n<p><b>Hakeminen muuhun kuin l\u00e4hikouluun<\/b><br \/>\n31.3.\u201314.4.2026 v\u00e4lisen\u00e4 aikana Wilmassa.<\/p>\n<p><b>P\u00e4\u00e4t\u00f6s koulupaikasta<\/b><br \/>\n31.3.2026<\/p>\n<p><b>Kieliluokille hakeminen<\/b>\u00a0<a title=\"https:\/\/www.turku.fi\/perusopetus\/perusopetuksen-kieliluokat\" href=\"https:\/\/www.turku.fi\/perusopetus\/perusopetuksen-kieliluokat\" target=\"_blank\" rel=\"noopener noreferrer\" data-auth=\"NotApplicable\" data-linkindex=\"1\">Perusopetuksen kieliluokat | Turku.fi<\/a><br \/>\nKieliluokille haetaan Wilmassa 17.12.2025 menness\u00e4<br \/>\nJos hakijalla ei ole Wilman k\u00e4ytt\u00f6oikeutta, hakemus l\u00e4hetet\u00e4\u00e4n osoitteeseen\u00a0<a title=\"mailto:perusopetus@turku.fi\" href=\"mailto:perusopetus@turku.fi\" data-linkindex=\"2\">perusopetus@turku.fi<\/a>.<\/p>\n<p><b>Kieliluokkien informaatioillat<\/b><br \/>\n25.11. klo 18 V\u00e4h\u00e4-Heikkil\u00e4n koulu\u00a0(ranska)\u00a0<a title=\"https:\/\/blog.edu.turku.fi\/vahaheikkila\/\" href=\"https:\/\/blog.edu.turku.fi\/vahaheikkila\/\" target=\"_blank\" rel=\"noopener noreferrer\" data-auth=\"NotApplicable\" data-linkindex=\"3\"><i>https:\/\/blog.edu.turku.fi\/vahaheikkila\/<\/i><\/a><\/p>\n<p>27.11. klo 18 Puolalan koulu, Kauppiaskatu (englanti, saksa)\u00a0<a title=\"https:\/\/blog.edu.turku.fi\/puolala\/\" href=\"https:\/\/blog.edu.turku.fi\/puolala\/\" target=\"_blank\" rel=\"noopener noreferrer\" data-auth=\"NotApplicable\" data-linkindex=\"4\"><i>https:\/\/blog.edu.turku.fi\/puolala\/<\/i><\/a><\/p>\n<p>2.12. klo 18 Luostarivuoren koulu, Martin yksikk\u00f6 (ruotsi)\u00a0<a title=\"https:\/\/blog.edu.turku.fi\/luostarivuori\/\" href=\"https:\/\/blog.edu.turku.fi\/luostarivuori\/\" target=\"_blank\" rel=\"noopener noreferrer\" data-auth=\"NotApplicable\" data-linkindex=\"5\">https:\/\/blog.edu.turku.fi\/luostarivuori\/<\/a><\/p>\n<p>3.12. klo 18.45 W\u00e4in\u00f6 Aaltosen koulu (englanti)\u00a0\u00a0<a title=\"https:\/\/blog.edu.turku.fi\/wa\/\" href=\"https:\/\/blog.edu.turku.fi\/wa\/\" target=\"_blank\" rel=\"noopener noreferrer\" data-auth=\"NotApplicable\" data-linkindex=\"6\">https:\/\/blog.edu.turku.fi\/wa\/<\/a>\u00a0(HUOM! Info pidet\u00e4\u00e4n Syv\u00e4lahden koulussa)<\/p>\n<p>4.12. klo 18 Turun kansainv\u00e4linen koulu (englanti)\u00a0<a title=\"https:\/\/sites.utu.fi\/tis\/\" href=\"https:\/\/sites.utu.fi\/tis\/\" target=\"_blank\" rel=\"noopener noreferrer\" data-auth=\"NotApplicable\" data-linkindex=\"7\"><i>https:\/\/sites.utu.fi\/tis\/<\/i><\/a><\/p>\n<p>26.11. klo 18 Turun Normaalikoulu (englanti)\u00a0<a title=\"https:\/\/sites.utu.fi\/tnk\/\" href=\"https:\/\/sites.utu.fi\/tnk\/\" target=\"_blank\" rel=\"noopener noreferrer\" data-auth=\"NotApplicable\" data-linkindex=\"8\"><i>https:\/\/sites.utu.fi\/tnk\/<\/i><\/a><\/p>\n<p aria-hidden=\"true\">\n<\/div>\n<div>\n<p><b>Kielitestit<br \/>\n<\/b>Kutsut kieliluokkatesteihin l\u00e4hetet\u00e4\u00e4n huoltajan antamaan s\u00e4hk\u00f6postiin 12.1.2026.<\/p>\n<p>Kieliluokkatestit pidet\u00e4\u00e4n 22.1.-6.2.2026\u00a0Turun yliopistolla.<\/p>\n<p><b>P\u00e4\u00e4t\u00f6s kieliluokkapaikasta<\/b><br \/>\n31.3.2026.<\/p>\n<\/div>\n<\/div>\n","protected":false},"excerpt":{"rendered":"<p>&nbsp; Haarlan koulun tutustumisp\u00e4iv\u00e4 koulutulokkaille Tutustumisp\u00e4iv\u00e4\u00a07.5.2026\u00a0klo 8.30-10\u00a0 Huoltajien infotilaisuus samaan aikaan kuin oppilailla.\u00a0 &nbsp; Kouluun ilmoittautumisen aikataulut\u00a0(Kouluun ilmoittautuminen | Turku.fi) Ensisijainen haku Oppivelvollisuuslomake t\u00e4ytet\u00e4\u00e4n Wilmassa\u00a017.12.2025 menness\u00e4. Hakeminen muuhun kuin l\u00e4hikouluun 31.3.\u201314.4.2026 v\u00e4lisen\u00e4 aikana Wilmassa. P\u00e4\u00e4t\u00f6s koulupaikasta 31.3.2026 Kieliluokille hakeminen\u00a0Perusopetuksen kieliluokat | Turku.fi Kieliluokille haetaan Wilmassa 17.12.2025 menness\u00e4 Jos hakijalla ei ole Wilman k\u00e4ytt\u00f6oikeutta, hakemus l\u00e4hetet\u00e4\u00e4n &hellip; <a href=\"https:\/\/blog.edu.turku.fi\/haarla\/ajankohtaista-2\/\" class=\"more-link\">Jatka lukemista<span class=\"screen-reader-text\"> &#8221;Ajankohtaista&#8221;<\/span><\/a><\/p>\n","protected":false},"author":2491,"featured_media":0,"parent":0,"menu_order":0,"comment_status":"closed","ping_status":"closed","template":"","meta":{"footnotes":""},"class_list":["post-318","page","type-page","status-publish","hentry"],"_links":{"self":[{"href":"https:\/\/blog.edu.turku.fi\/haarla\/wp-json\/wp\/v2\/pages\/318","targetHints":{"allow":["GET"]}}],"collection":[{"href":"https:\/\/blog.edu.turku.fi\/haarla\/wp-json\/wp\/v2\/pages"}],"about":[{"href":"https:\/\/blog.edu.turku.fi\/haarla\/wp-json\/wp\/v2\/types\/page"}],"author":[{"embeddable":true,"href":"https:\/\/blog.edu.turku.fi\/haarla\/wp-json\/wp\/v2\/users\/2491"}],"replies":[{"embeddable":true,"href":"https:\/\/blog.edu.turku.fi\/haarla\/wp-json\/wp\/v2\/comments?post=318"}],"version-history":[{"count":10,"href":"https:\/\/blog.edu.turku.fi\/haarla\/wp-json\/wp\/v2\/pages\/318\/revisions"}],"predecessor-version":[{"id":375,"href":"https:\/\/blog.edu.turku.fi\/haarla\/wp-json\/wp\/v2\/pages\/318\/revisions\/375"}],"wp:attachment":[{"href":"https:\/\/blog.edu.turku.fi\/haarla\/wp-json\/wp\/v2\/media?parent=318"}],"curies":[{"name":"wp","href":"https:\/\/api.w.org\/{rel}","templated":true}]}}