{"id":25,"date":"2014-11-03T18:36:06","date_gmt":"2014-11-03T16:36:06","guid":{"rendered":"https:\/\/blog.edu.turku.fi\/haarla\/?page_id=25"},"modified":"2026-03-09T15:18:56","modified_gmt":"2026-03-09T13:18:56","slug":"iltapaivakerho","status":"publish","type":"page","link":"https:\/\/blog.edu.turku.fi\/haarla\/iltapaivakerho\/","title":{"rendered":"Iltap\u00e4iv\u00e4kerho"},"content":{"rendered":"<p>Turun kaupungin nuorisotoimen aamu- ja iltap\u00e4iv\u00e4kerho toimii koulun tiloissa.<br \/>\nAamukerhon toiminta-aika on klo 7.30-10 ja iltap\u00e4iv\u00e4kerhon klo 12-17.<\/p>\n<h2>Ohjaajat:<\/h2>\n<p>Katri Nieminen<\/p>\n<p>Inga Kucinska<\/p>\n<p>Sonja V\u00e4is\u00e4nen<\/p>\n<p>Maisa Costiander<\/p>\n<p>Merja Veromaa<\/p>\n<p>puh. 044 907 2984<\/p>\n<p>Iltap\u00e4iv\u00e4toiminta on koulup\u00e4iv\u00e4n j\u00e4lkeen j\u00e4rjestett\u00e4v\u00e4\u00e4 ohjattua vapaa-ajan toimintaa, joka osaltaan tukee lapsen kasvua ja kehityst\u00e4. Aamu- ja iltap\u00e4iv\u00e4toiminta on tarkoitettu perusopetuksen 1. ja 2. vuosiluokkien oppilaille.\u00a0ltap\u00e4iv\u00e4toiminta tarjoaa lapsille virikkeellist\u00e4 ja turvallista toimintaa koulutettujen aikuisten ohjauksessa.<\/p>\n<p><img loading=\"lazy\" decoding=\"async\" class=\"wp-image-240 aligncenter\" src=\"https:\/\/blog.edu.turku.fi\/haarla\/files\/2020\/11\/pads-3826840_1920-300x200.jpg\" alt=\"kirjainpalikoita\" width=\"368\" height=\"245\" srcset=\"https:\/\/blog.edu.turku.fi\/haarla\/files\/2020\/11\/pads-3826840_1920-300x200.jpg 300w, https:\/\/blog.edu.turku.fi\/haarla\/files\/2020\/11\/pads-3826840_1920.jpg 1024w\" sizes=\"auto, (max-width: 368px) 85vw, 368px\" \/><\/p>\n","protected":false},"excerpt":{"rendered":"<p>Turun kaupungin nuorisotoimen aamu- ja iltap\u00e4iv\u00e4kerho toimii koulun tiloissa. Aamukerhon toiminta-aika on klo 7.30-10 ja iltap\u00e4iv\u00e4kerhon klo 12-17. Ohjaajat: Katri Nieminen Inga Kucinska Sonja V\u00e4is\u00e4nen Maisa Costiander Merja Veromaa puh. 044 907 2984 Iltap\u00e4iv\u00e4toiminta on koulup\u00e4iv\u00e4n j\u00e4lkeen j\u00e4rjestett\u00e4v\u00e4\u00e4 ohjattua vapaa-ajan toimintaa, joka osaltaan tukee lapsen kasvua ja kehityst\u00e4. Aamu- ja iltap\u00e4iv\u00e4toiminta on tarkoitettu perusopetuksen 1. &hellip; <a href=\"https:\/\/blog.edu.turku.fi\/haarla\/iltapaivakerho\/\" class=\"more-link\">Jatka lukemista<span class=\"screen-reader-text\"> &#8221;Iltap\u00e4iv\u00e4kerho&#8221;<\/span><\/a><\/p>\n","protected":false},"author":1122,"featured_media":0,"parent":0,"menu_order":0,"comment_status":"closed","ping_status":"closed","template":"","meta":{"footnotes":""},"class_list":["post-25","page","type-page","status-publish","hentry"],"_links":{"self":[{"href":"https:\/\/blog.edu.turku.fi\/haarla\/wp-json\/wp\/v2\/pages\/25","targetHints":{"allow":["GET"]}}],"collection":[{"href":"https:\/\/blog.edu.turku.fi\/haarla\/wp-json\/wp\/v2\/pages"}],"about":[{"href":"https:\/\/blog.edu.turku.fi\/haarla\/wp-json\/wp\/v2\/types\/page"}],"author":[{"embeddable":true,"href":"https:\/\/blog.edu.turku.fi\/haarla\/wp-json\/wp\/v2\/users\/1122"}],"replies":[{"embeddable":true,"href":"https:\/\/blog.edu.turku.fi\/haarla\/wp-json\/wp\/v2\/comments?post=25"}],"version-history":[{"count":26,"href":"https:\/\/blog.edu.turku.fi\/haarla\/wp-json\/wp\/v2\/pages\/25\/revisions"}],"predecessor-version":[{"id":377,"href":"https:\/\/blog.edu.turku.fi\/haarla\/wp-json\/wp\/v2\/pages\/25\/revisions\/377"}],"wp:attachment":[{"href":"https:\/\/blog.edu.turku.fi\/haarla\/wp-json\/wp\/v2\/media?parent=25"}],"curies":[{"name":"wp","href":"https:\/\/api.w.org\/{rel}","templated":true}]}}